{"id":4785,"date":"2013-11-19T16:27:37","date_gmt":"2013-11-20T00:27:37","guid":{"rendered":"http:\/\/toolkit.capta.org\/advocacy\/position-statements\/funding-of-mandated-programs-effect-on-public-education\/"},"modified":"2021-11-16T11:11:39","modified_gmt":"2021-11-16T19:11:39","slug":"funding-of-mandated-programs-effect-on-public-education","status":"publish","type":"page","link":"https:\/\/toolkit.capta.org\/es\/advocacy\/position-statements\/funding-of-mandated-programs-effect-on-public-education\/","title":{"rendered":"Financiaci\u00f3n de programas obligatorios: efecto sobre la educaci\u00f3n p\u00fablica"},"content":{"rendered":"<p align=\"center\"><em>Adoptado en marzo de 1983 &#8211; Revisado y considerado relevante Mayo de 2021 &#8211; Comisi\u00f3n de Educaci\u00f3n<\/em><\/p>\n<p>PTA de California cree que es esencial apropiar recursos adecuados para financiar completamente a todos los programas y servicios. Ya que los distritos escolares son obligados legalmente aplicar todos mandatos, la promulgaci\u00f3n de tales leyes sin fondos suficientes para la implementaci\u00f3n total impone limitaciones fiscales severas en el programa educativo general del distrito.<\/p>\n<p>\u2020 Ver declaraciones de postura relacionadas: <a title=\"Education of English Language Learners\" href=\"https:\/\/toolkit.capta.org\/es\/advocacy\/position-statements\/education-of-english-language-learners\/\" target=\"_blank\" rel=\"noopener\">Educaci\u00f3n de los estudiantes del idioma ingl\u00e9s<\/a>; y <a title=\"Special Education\" href=\"https:\/\/toolkit.capta.org\/es\/advocacy\/position-statements\/special-education\/\" target=\"_blank\" rel=\"noopener\">Educaci\u00f3n Especial<\/a><\/p>\n","protected":false},"excerpt":{"rendered":"<p>Adoptado en marzo de 1983 &#8211; Revisado y considerado relevante Mayo de 2021 &#8211; Comisi\u00f3n de Educaci\u00f3n PTA de California cree que es esencial apropiar recursos adecuados para financiar completamente a todos los programas y servicios. Ya que los distritos escolares son obligados legalmente aplicar todos mandatos, la promulgaci\u00f3n de tales leyes sin fondos suficientes [&hellip;]<\/p>\n","protected":false},"author":8,"featured_media":0,"parent":4492,"menu_order":0,"comment_status":"closed","ping_status":"closed","template":"","meta":{"footnotes":""},"class_list":["post-4785","page","type-page","status-publish","hentry","entry"],"_links":{"self":[{"href":"https:\/\/toolkit.capta.org\/es\/wp-json\/wp\/v2\/pages\/4785","targetHints":{"allow":["GET"]}}],"collection":[{"href":"https:\/\/toolkit.capta.org\/es\/wp-json\/wp\/v2\/pages"}],"about":[{"href":"https:\/\/toolkit.capta.org\/es\/wp-json\/wp\/v2\/types\/page"}],"author":[{"embeddable":true,"href":"https:\/\/toolkit.capta.org\/es\/wp-json\/wp\/v2\/users\/8"}],"replies":[{"embeddable":true,"href":"https:\/\/toolkit.capta.org\/es\/wp-json\/wp\/v2\/comments?post=4785"}],"version-history":[{"count":3,"href":"https:\/\/toolkit.capta.org\/es\/wp-json\/wp\/v2\/pages\/4785\/revisions"}],"predecessor-version":[{"id":10707,"href":"https:\/\/toolkit.capta.org\/es\/wp-json\/wp\/v2\/pages\/4785\/revisions\/10707"}],"up":[{"embeddable":true,"href":"https:\/\/toolkit.capta.org\/es\/wp-json\/wp\/v2\/pages\/4492"}],"wp:attachment":[{"href":"https:\/\/toolkit.capta.org\/es\/wp-json\/wp\/v2\/media?parent=4785"}],"curies":[{"name":"wp","href":"https:\/\/api.w.org\/{rel}","templated":true}]}}