{"id":4787,"date":"2013-11-19T16:28:08","date_gmt":"2013-11-20T00:28:08","guid":{"rendered":"http:\/\/toolkit.capta.org\/advocacy\/position-statements\/gang-awareness\/"},"modified":"2020-12-21T13:27:44","modified_gmt":"2020-12-21T21:27:44","slug":"gang-awareness","status":"publish","type":"page","link":"https:\/\/toolkit.capta.org\/es\/advocacy\/position-statements\/gang-awareness\/","title":{"rendered":"Concienciaci\u00f3n con respecto a las pandillas"},"content":{"rendered":"<p align=\"center\"><em>Adoptada en mayo de 1989 \u2013 Revisada en mayo 2016 \u2013 \u00a0Revisado y considerado relevante, con cambios editoriales, noviembre de 2020 \u2013 Comisi\u00f3n de Salud y Asuntos Comunitarios<\/em><\/p>\n<p>PTA de California reconoce el impacto da\u00f1ino de las pandillas en nuestros ni\u00f1os y j\u00f3venes. La participaci\u00f3n en pandillas est\u00e1 aumentando a una velocidad alarmante en California. Las pandillas son j\u00f3venes de todos los niveles socio-econ\u00f3micos y afiliaci\u00f3n cruza l\u00edneas de g\u00e9nero.<\/p>\n<p>A trav\u00e9s de toda California, los pandilleros reclutan, amenazan, hostigan, coaccionan, intimidan y manipulan a los ni\u00f1os para que se unan a las pandillas. Estos grupos usualmente llevan a los ni\u00f1os a adaptar cambios de conducta negativo. Los ni\u00f1os y los j\u00f3venes que se unen a las pandillas a menudo se involucran en actividades delictivas.<\/p>\n<p>La educaci\u00f3n y la intervenc\u00f3n temprana es el primer paso y el m\u00e1s importante para adquirir conciencia de las pandillas y sus actividades. Los estudiantes, padres de familia y educadores que cuentan con estos conocimientos b\u00e1sicos est\u00e1n mejor capacitados para evitar que los ni\u00f1os se unan a las pandillas.<\/p>\n<p>La PTA defiende:<\/p>\n<ul>\n<li>Crear trabajos significantes para los j\u00f3venes y lugares o actividades que ofrezcan un sentido positivo de ser parte de\/pertenecer;<\/li>\n<li>Educando a los estudiantes, padres y educadores acerca de las pandillas, las razones por las cuales los j\u00f3venes se afilian a ellas; el reconocimiento de las caracter\u00edsticas y s\u00edmbolos de las pandillas en su comunidad; tendencias actuales y c\u00f3mo dirigir a sus hijos lejos de las pandillas;<\/li>\n<li>Adoptar e implementa<u>r<\/u> p\u00f3lizas del distrito escolar dise\u00f1adas para proteger a los ni\u00f1os, j\u00f3venes y personal de las pandillas;<\/li>\n<li>Desarrollando asociados en la comunidad para movilizar acciones locales y recursos a fin de crear opciones positivas diferentes a las pandillas; y<\/li>\n<li>Asociarse con organismos policiales locales para obtener informaci\u00f3n actualizada.<\/li>\n<\/ul>\n<p>&nbsp;<\/p>\n","protected":false},"excerpt":{"rendered":"<p>Adoptada en mayo de 1989 \u2013 Revisada en mayo 2016 \u2013 \u00a0Revisado y considerado relevante, con cambios editoriales, noviembre de 2020 \u2013 Comisi\u00f3n de Salud y Asuntos Comunitarios PTA de California reconoce el impacto da\u00f1ino de las pandillas en nuestros ni\u00f1os y j\u00f3venes. La participaci\u00f3n en pandillas est\u00e1 aumentando a una velocidad alarmante en California. [&hellip;]<\/p>\n","protected":false},"author":8,"featured_media":0,"parent":4492,"menu_order":0,"comment_status":"closed","ping_status":"closed","template":"","meta":{"footnotes":""},"class_list":["post-4787","page","type-page","status-publish","hentry","entry"],"_links":{"self":[{"href":"https:\/\/toolkit.capta.org\/es\/wp-json\/wp\/v2\/pages\/4787","targetHints":{"allow":["GET"]}}],"collection":[{"href":"https:\/\/toolkit.capta.org\/es\/wp-json\/wp\/v2\/pages"}],"about":[{"href":"https:\/\/toolkit.capta.org\/es\/wp-json\/wp\/v2\/types\/page"}],"author":[{"embeddable":true,"href":"https:\/\/toolkit.capta.org\/es\/wp-json\/wp\/v2\/users\/8"}],"replies":[{"embeddable":true,"href":"https:\/\/toolkit.capta.org\/es\/wp-json\/wp\/v2\/comments?post=4787"}],"version-history":[{"count":3,"href":"https:\/\/toolkit.capta.org\/es\/wp-json\/wp\/v2\/pages\/4787\/revisions"}],"predecessor-version":[{"id":10521,"href":"https:\/\/toolkit.capta.org\/es\/wp-json\/wp\/v2\/pages\/4787\/revisions\/10521"}],"up":[{"embeddable":true,"href":"https:\/\/toolkit.capta.org\/es\/wp-json\/wp\/v2\/pages\/4492"}],"wp:attachment":[{"href":"https:\/\/toolkit.capta.org\/es\/wp-json\/wp\/v2\/media?parent=4787"}],"curies":[{"name":"wp","href":"https:\/\/api.w.org\/{rel}","templated":true}]}}