{"id":4789,"date":"2013-11-19T16:28:46","date_gmt":"2013-11-20T00:28:46","guid":{"rendered":"http:\/\/toolkit.capta.org\/advocacy\/position-statements\/health-care-access-for-children-youth-pregnant-women-and-their-families\/"},"modified":"2023-07-26T12:14:43","modified_gmt":"2023-07-26T19:14:43","slug":"health-care-access-for-children-youth-pregnant-women-and-their-families","status":"publish","type":"page","link":"https:\/\/toolkit.capta.org\/es\/advocacy\/position-statements\/health-care-access-for-children-youth-pregnant-women-and-their-families\/","title":{"rendered":"Acceso de ni\u00f1os, j\u00f3venes, mujeres embarazadas y sus familiares a los servicios m\u00e9dicos"},"content":{"rendered":"<p align=\"center\"><em>Adoptada en marzo de 1992 \u2013 Revisada y considerada relevante en noviembre de 2022 \u2013 Comisi\u00f3n de Salud \u00a0y Asuntos Comunitarios<\/em><\/p>\n<p>PTA de California comprende la importancia de la salud en la calidad de vida de los ni\u00f1os y considera que:<\/p>\n<ul>\n<li>La salud y bienestar del ni\u00f1o comienzan desde antes del nacimiento.<\/li>\n<li>Los servicios m\u00e9dicos oportunos y adecuados son necesarios para que cada ni\u00f1o tenga la oportunidad de desarrollar su m\u00e1ximo potencial, tanto f\u00edsico como mental.<\/li>\n<li>Los ni\u00f1os, j\u00f3venes, mujeres embarazadas y sus familias tienen derecho a servicios de atenci\u00f3n m\u00e9dica adecuados, confidenciales y oportunos.<\/li>\n<\/ul>\n<p>PTA de California reconoce que:<\/p>\n<ul>\n<li>La capacidad de aprendizaje del ni\u00f1o es directamente proporcional a su estado de salud y que los servicios inadecuados de atenci\u00f3n m\u00e9dica pueden ser un obst\u00e1culo para la educaci\u00f3n.<\/li>\n<li>Los servicios b\u00e1sicos de atenci\u00f3n m\u00e9dica preventiva pueden evitar las discapacidades permanentes o las rehabilitaciones de larga duraci\u00f3n, y representan un uso eficaz de los fondos destinados a los servicios m\u00e9dicos.<\/li>\n<li>Las estad\u00edsticas actuales indican que muchos ni\u00f1os y familias en los Estados Unidos no cuentan con seguro m\u00e9dico, ni p\u00fablico ni privado.<\/li>\n<\/ul>\n<p>PTA de California apoya los esfuerzos para proveer acceso equitativo a los servicios b\u00e1sicos de atenci\u00f3n m\u00e9dica preventiva, de alta calidad y bajo costo para todos los ni\u00f1os, j\u00f3venes, mujeres embarazadas y sus familias.<\/p>\n","protected":false},"excerpt":{"rendered":"<p>Adoptada en marzo de 1992 \u2013 Revisada y considerada relevante en noviembre de 2022 \u2013 Comisi\u00f3n de Salud \u00a0y Asuntos Comunitarios PTA de California comprende la importancia de la salud en la calidad de vida de los ni\u00f1os y considera que: La salud y bienestar del ni\u00f1o comienzan desde antes del nacimiento. Los servicios m\u00e9dicos [&hellip;]<\/p>\n","protected":false},"author":8,"featured_media":0,"parent":4492,"menu_order":0,"comment_status":"closed","ping_status":"closed","template":"","meta":{"footnotes":""},"class_list":["post-4789","page","type-page","status-publish","hentry","entry"],"_links":{"self":[{"href":"https:\/\/toolkit.capta.org\/es\/wp-json\/wp\/v2\/pages\/4789","targetHints":{"allow":["GET"]}}],"collection":[{"href":"https:\/\/toolkit.capta.org\/es\/wp-json\/wp\/v2\/pages"}],"about":[{"href":"https:\/\/toolkit.capta.org\/es\/wp-json\/wp\/v2\/types\/page"}],"author":[{"embeddable":true,"href":"https:\/\/toolkit.capta.org\/es\/wp-json\/wp\/v2\/users\/8"}],"replies":[{"embeddable":true,"href":"https:\/\/toolkit.capta.org\/es\/wp-json\/wp\/v2\/comments?post=4789"}],"version-history":[{"count":3,"href":"https:\/\/toolkit.capta.org\/es\/wp-json\/wp\/v2\/pages\/4789\/revisions"}],"predecessor-version":[{"id":11069,"href":"https:\/\/toolkit.capta.org\/es\/wp-json\/wp\/v2\/pages\/4789\/revisions\/11069"}],"up":[{"embeddable":true,"href":"https:\/\/toolkit.capta.org\/es\/wp-json\/wp\/v2\/pages\/4492"}],"wp:attachment":[{"href":"https:\/\/toolkit.capta.org\/es\/wp-json\/wp\/v2\/media?parent=4789"}],"curies":[{"name":"wp","href":"https:\/\/api.w.org\/{rel}","templated":true}]}}