{"id":4791,"date":"2013-11-19T16:29:24","date_gmt":"2013-11-20T00:29:24","guid":{"rendered":"http:\/\/toolkit.capta.org\/advocacy\/position-statements\/health-education\/"},"modified":"2020-12-16T14:26:23","modified_gmt":"2020-12-16T22:26:23","slug":"health-education","status":"publish","type":"page","link":"https:\/\/toolkit.capta.org\/es\/advocacy\/position-statements\/health-education\/","title":{"rendered":"Educaci\u00f3n para la salud"},"content":{"rendered":"<p align=\"center\"><em>Adoptada en enero de 1968 \u2013 Revisada y considerada relevante en febrero de 2015 \u2013 Revisada en agosto 2020 \u2013 Comisi\u00f3n de Salud y Asuntos Comunitarios<\/em><\/p>\n<p>PTA de California se interesa por la salud y el bienestar de todos los ni\u00f1os y j\u00f3venes. PTA de California considera que la educaci\u00f3n integral sobre la salud es esencial para lograr que cada ni\u00f1o desarrolle su potencial m\u00e1ximo.<\/p>\n<p>PTA de California considera que la educaci\u00f3n integral para la salud incluye el bienestar f\u00edsico, mental, emocional y social. La PTA del Estado de California reconoce que muchos estudiantes que son sexualmente activos y que esto puede resultar en embarazo o enfermedades de transmisi\u00f3n sexual, incluyendo la infecci\u00f3n por VIH que conduce al SIDA y al virus del papiloma humano (VPH).<\/p>\n<p>PTA de California tambi\u00e9n considera que el hogar, la escuela y la comunidad comparten la responsabilidad de velar por la salud de todos los ni\u00f1os y j\u00f3venes, y que esta responsabilidad compartida deber\u00eda proporcionar:<\/p>\n<ul>\n<li>La educaci\u00f3n integral sobre la salud dirigida a todos los ni\u00f1os y j\u00f3venes.<\/li>\n<li>Planes de estudio e instrucci\u00f3n escolar relacionados con la buena salud y la prevenci\u00f3n de enfermedades.<\/li>\n<li>La capacitaci\u00f3n de los ni\u00f1os y j\u00f3venes para la toma de decisiones inteligentes que cultiven y mantengan buenos h\u00e1bitos de salud.<\/li>\n<li>Conciencia de las necesidades sanitarias individuales, familiares y comunitarias.<\/li>\n<li>Est\u00e1ndares estatales de salud, responsabilidad y ex\u00e1menes.<\/li>\n<\/ul>\n<p>Las escuelas contribuyen al logro de las metas de salud p\u00fablica en conjunto con sus compromisos educativos. PTA de California considera que un programa en\u00e9rgico y exhaustivo para la educaci\u00f3n en salud, que sea impartido por personal competente, deber\u00eda ser una parte integral del plan de estudios escolares. A trav\u00e9s de programas de salud escolar coordinados que incluyen acceso a servicios de salud, educaci\u00f3n para la salud y la participaci\u00f3n de coaliciones de padres y la comunidad, se puede promover y proteger la salud y el bienestar de todos los estudiantes.<\/p>\n<p>PTA de California respalda el derecho de los padres de familia y tutores a ser informados de cualquier curso de estudio referente a la educaci\u00f3n sexual y de revisar los materiales did\u00e1cticos que se usar\u00e1n. La PTA adem\u00e1s apoya el derecho de los padres de familia y tutores o tutores legales a solicitar por escrito que su hijo o hija sea exento de dicho curso.<\/p>\n<p>Numerosas organizaciones nacionales de salud han adoptado pol\u00edticas de apoyo a la disponibilidad de condones en las escuelas como un componente de la educaci\u00f3n sexual integral. Los Centros para el Control y Prevenci\u00f3n de Enfermedades indican que el uso adecuado y constante de condones de l\u00e1tex o poliuretano puede reducir en gran medida el riesgo de que una persona contraiga o transmita infecciones de transmisi\u00f3n sexual, incluidos el VIH\/SIDA y el VPH.<\/p>\n<p>Si bien la PTA del Estado de California no tiene una postura espec\u00edfica referente a que los distritos escolares tengan condones disponibles para los estudiantes, pero si un distrito escolar elige hacerlo, la PTA exige que los condones se proporcionen solo bajo las siguientes espec\u00edficas condiciones:<\/p>\n<ul>\n<li>Que se deben ense\u00f1ar estrategias para prevenir la propagaci\u00f3n del VIH\/SIDA y el VPH, incluida la abstinencia de las relaciones sexuales y el uso de drogas intravenosas.<\/li>\n<li>Que la junta escolar local tenga una p\u00f3liza existente referente a condones.<\/li>\n<li>Que un profesional de la salud con licencia proporcione condones solo cuando sean solicitados.<\/li>\n<li>Que se den instrucciones verbales y escritas sobre el uso adecuado de condones, incluida informaci\u00f3n sobre espermicida (s) aprobada\/s por los Centros para el Control y Prevenci\u00f3n de Enfermedades, as\u00ed como informaci\u00f3n sobre fallas y\/o da\u00f1ados de condones en el momento en que se entregan a los estudiantes.<\/li>\n<li>Que cualquier padre o tutor que se oponga a que su estudiante reciba un cond\u00f3n puede informar a la escuela por escrito. (La ley requiere que los distritos escolares notifiquen a los padres cuando se establezca una pol\u00edtica referente a condones.<\/li>\n<\/ul>\n<p>Las PTAs no deben asumir la responsabilidad de tener condones disponibles ya sea con apoyo financiero o con ayuda voluntaria debido al riesgo potencial de responsabilidad.<\/p>\n","protected":false},"excerpt":{"rendered":"<p>Adoptada en enero de 1968 \u2013 Revisada y considerada relevante en febrero de 2015 \u2013 Revisada en agosto 2020 \u2013 Comisi\u00f3n de Salud y Asuntos Comunitarios PTA de California se interesa por la salud y el bienestar de todos los ni\u00f1os y j\u00f3venes. PTA de California considera que la educaci\u00f3n integral sobre la salud es [&hellip;]<\/p>\n","protected":false},"author":8,"featured_media":0,"parent":4492,"menu_order":0,"comment_status":"closed","ping_status":"closed","template":"","meta":{"footnotes":""},"class_list":["post-4791","page","type-page","status-publish","hentry","entry"],"_links":{"self":[{"href":"https:\/\/toolkit.capta.org\/es\/wp-json\/wp\/v2\/pages\/4791","targetHints":{"allow":["GET"]}}],"collection":[{"href":"https:\/\/toolkit.capta.org\/es\/wp-json\/wp\/v2\/pages"}],"about":[{"href":"https:\/\/toolkit.capta.org\/es\/wp-json\/wp\/v2\/types\/page"}],"author":[{"embeddable":true,"href":"https:\/\/toolkit.capta.org\/es\/wp-json\/wp\/v2\/users\/8"}],"replies":[{"embeddable":true,"href":"https:\/\/toolkit.capta.org\/es\/wp-json\/wp\/v2\/comments?post=4791"}],"version-history":[{"count":3,"href":"https:\/\/toolkit.capta.org\/es\/wp-json\/wp\/v2\/pages\/4791\/revisions"}],"predecessor-version":[{"id":10460,"href":"https:\/\/toolkit.capta.org\/es\/wp-json\/wp\/v2\/pages\/4791\/revisions\/10460"}],"up":[{"embeddable":true,"href":"https:\/\/toolkit.capta.org\/es\/wp-json\/wp\/v2\/pages\/4492"}],"wp:attachment":[{"href":"https:\/\/toolkit.capta.org\/es\/wp-json\/wp\/v2\/media?parent=4791"}],"curies":[{"name":"wp","href":"https:\/\/api.w.org\/{rel}","templated":true}]}}