{"id":4793,"date":"2013-11-19T16:30:00","date_gmt":"2013-11-20T00:30:00","guid":{"rendered":"http:\/\/toolkit.capta.org\/advocacy\/position-statements\/homeless-familieschildren\/"},"modified":"2020-12-18T13:27:42","modified_gmt":"2020-12-18T21:27:42","slug":"homeless-familieschildren","status":"publish","type":"page","link":"https:\/\/toolkit.capta.org\/es\/advocacy\/position-statements\/homeless-familieschildren\/","title":{"rendered":"Ni\u00f1os y familias sin hogar"},"content":{"rendered":"<p style=\"text-align: center;\" align=\"center\"><em>Adoptada julio de 1988 \u2013\u00a0 Revisada en agosto 2020\u2013 Comisi\u00f3n de Salud y Asuntos Comunitarios<br \/>\n<\/em><\/p>\n<p>La falta de vivienda es una experiencia devastadora para las familias. Miles de familias al a\u00f1o experimentar\u00e1n la falta de vivienda. Seg\u00fan la National Alliance to End Homelessness (aliaza para personas sin hogar), el 41% de la poblaci\u00f3n sin hogar son familias.<\/p>\n<p>La falta de vivienda altera pr\u00e1cticamente todos los aspectos de la vida familiar, da\u00f1ando la salud f\u00edsica y emocional de los miembros de la familia, interfiriendo con la educaci\u00f3n y el desarrollo de los ni\u00f1os y, con frecuencia, provocando la separaci\u00f3n de los miembros de la familia.<\/p>\n<p>La PTA del Estado de California cree que:<\/p>\n<ul>\n<li>Todos los ni\u00f1os deben tener acceso a una vivienda segura y asequible;<\/li>\n<li>Todos los ni\u00f1os sin hogar deben tener el mismo acceso a una educaci\u00f3n p\u00fablica apropiada y gratuita y a oportunidades de educaci\u00f3n infantil que se les brinda a otros ni\u00f1os y j\u00f3venes y a medida que sea posible que se eliminen los obst\u00e1culos de inscripci\u00f3n a causa de no tener hogar;<\/li>\n<li>No se debe prohibir que los ni\u00f1os sin hogar se inscriban en la escuela m\u00e1s cercana debido a la falta de domicilio y las escuelas deben facilitar la inscripci\u00f3n lo m\u00e1s r\u00e1pido posible;<\/li>\n<li>Todo el personal escolar debe ayudar a identificar y referir a los estudiantes elegibles de edad escolar al coordinador del distrito escolar local para ayudarlos con el acceso a los recursos y la asistencia disponible del distrito escolar, como lo garantiza la Ley de Mejoras de Asistencia Educativa para Personas Sin Hogar de McKinney-Vento de 2001;<\/li>\n<li>El personal de la escuela debe tener especial cuidado en la identificaci\u00f3n y la ayuda que se brinda a los ni\u00f1os y j\u00f3venes sin hogar para que el estigma de no tener hogar tenga el menor impacto posible;<\/li>\n<li>Que a los j\u00f3venes sin hogar que han estado inscritos en m\u00faltiples escuelas preparatorias se les de la ayuda necesaria para que puedan obtener un diploma de graduaci\u00f3n de escuela preparatoria aunque les falte poco para cumplir con los cursos requeridos por el distrito local, y que se tenga en cuenta los cursos tomados por el estudiante que cumple o supera los requisitos de graduaci\u00f3n estatales.<\/li>\n<\/ul>\n<p>La PTA urge a todas las agencias gubernamentales, organizaciones sin fines de lucro y grupos de ciudadanos a cooperar en el desarrollo e implementaci\u00f3n de programas que: \u00bb<\/p>\n<ul>\n<li>Proporcionen refugios temporales para familias sin hogar y sus hijos, trabajar para mantener a la familia intacta;<\/li>\n<li>Brinden asistencia a las familias sin hogar para obtener viviendas seguras y de bajo costo en su comunidad<\/li>\n<li>Ofrezcan programas educativos y de capacitaci\u00f3n para ayudar a los padres y tutores a desarrollar las habilidades para asegurar un empleo que permita que la familia sea autosuficiente;<\/li>\n<li>Faciliten o proporcionen acceso a servicios de salud mental y f\u00edsica, asesoramiento y otros servicios sociales disponibles para ayudar a la familia a prosperar.<\/li>\n<\/ul>\n","protected":false},"excerpt":{"rendered":"<p>Adoptada julio de 1988 \u2013\u00a0 Revisada en agosto 2020\u2013 Comisi\u00f3n de Salud y Asuntos Comunitarios La falta de vivienda es una experiencia devastadora para las familias. Miles de familias al a\u00f1o experimentar\u00e1n la falta de vivienda. Seg\u00fan la National Alliance to End Homelessness (aliaza para personas sin hogar), el 41% de la poblaci\u00f3n sin hogar [&hellip;]<\/p>\n","protected":false},"author":8,"featured_media":0,"parent":4492,"menu_order":0,"comment_status":"closed","ping_status":"closed","template":"","meta":{"footnotes":""},"class_list":["post-4793","page","type-page","status-publish","hentry","entry"],"_links":{"self":[{"href":"https:\/\/toolkit.capta.org\/es\/wp-json\/wp\/v2\/pages\/4793","targetHints":{"allow":["GET"]}}],"collection":[{"href":"https:\/\/toolkit.capta.org\/es\/wp-json\/wp\/v2\/pages"}],"about":[{"href":"https:\/\/toolkit.capta.org\/es\/wp-json\/wp\/v2\/types\/page"}],"author":[{"embeddable":true,"href":"https:\/\/toolkit.capta.org\/es\/wp-json\/wp\/v2\/users\/8"}],"replies":[{"embeddable":true,"href":"https:\/\/toolkit.capta.org\/es\/wp-json\/wp\/v2\/comments?post=4793"}],"version-history":[{"count":3,"href":"https:\/\/toolkit.capta.org\/es\/wp-json\/wp\/v2\/pages\/4793\/revisions"}],"predecessor-version":[{"id":10490,"href":"https:\/\/toolkit.capta.org\/es\/wp-json\/wp\/v2\/pages\/4793\/revisions\/10490"}],"up":[{"embeddable":true,"href":"https:\/\/toolkit.capta.org\/es\/wp-json\/wp\/v2\/pages\/4492"}],"wp:attachment":[{"href":"https:\/\/toolkit.capta.org\/es\/wp-json\/wp\/v2\/media?parent=4793"}],"curies":[{"name":"wp","href":"https:\/\/api.w.org\/{rel}","templated":true}]}}