{"id":4798,"date":"2013-11-19T16:31:14","date_gmt":"2013-11-20T00:31:14","guid":{"rendered":"http:\/\/toolkit.capta.org\/advocacy\/position-statements\/inclusiveness-and-diversity\/"},"modified":"2017-12-15T14:37:45","modified_gmt":"2017-12-15T22:37:45","slug":"inclusiveness-and-diversity","status":"publish","type":"page","link":"https:\/\/toolkit.capta.org\/es\/advocacy\/position-statements\/inclusiveness-and-diversity\/","title":{"rendered":"Inclusi\u00f3n y diversidad"},"content":{"rendered":"<p align=\"center\"><em>Adoptada en abril de 1991 \u2013 Revisada y considerada relevante en noviembre de 2017 \u2013 Comisi\u00f3n de Afiliaci\u00f3n<\/em><\/p>\n<p>El Congreso Nacional de Madres defiende la paternidad, la infancia y el hogar independientemente del credo, el color o la condici\u00f3n.<\/p>\n<p align=\"right\">Alice McLellan Birney, 1898 Cofundadora de la PTA Nacional<\/p>\n<p>Esas palabras, ciertas en 1898, son aun m\u00e1s ciertas hoy. Las PTA en todas partes deben comprender y dar la bienvenida a la unicidad de todas las personas, apreciando que cada quien contribuye con una diversidad de puntos de vista, experiencias, herencia cultural y tradiciones, destrezas y capacidades y valores y preferencias. Cuando las PTA respetan las diferencias y reconocen las cosas en com\u00fan que unen a su comunidad para luego desarrollar prioridades con significado basadas en su conocimiento, representan genuinamente a su comunidad. Cuando las PTA representan a su comunidad, ganan fuerza y efectividad a trav\u00e9s de m\u00e1s voluntarios y apoyo de recursos.<\/p>\n<p>Por otro lado, las PTA deben reconocer que el prejuicio existe basado en estatus socioecon\u00f3mico, raza, etnia, capacidad ling\u00fc\u00edstica, identidad de g\u00e9nero, orientaci\u00f3n sexual, creencias religiosas y capacidad f\u00edsica. Dicha discriminaci\u00f3n es da\u00f1ina, injusta, hostil y no da la bienvenida a nadie. Cuando las PTA toleran estas acciones, repelen miembros, carecen de liderazgo representativo y no sirven a todos. El prejuicio disminuye la capacidad de una PTA de actuar de forma efectiva a favor de todos los ni\u00f1os, los j\u00f3venes y las familias.<\/p>\n<p>Por lo tanto, PTA de California cree que las PTA a todo nivel deben:<\/p>\n<ul>\n<li>Evaluar abiertamente las creencias y pr\u00e1cticas para asegurar la inclusi\u00f3n y resguardarse contra la discriminaci\u00f3n.<\/li>\n<li>Hacer todos los esfuerzos para crear una junta de PTA y afiliaci\u00f3n inclusiva y que refleje a su comunidad.<\/li>\n<li>Promuevan que un comit\u00e9 representativo de la poblaci\u00f3n planifique todas las actividades de la PTA en la escuela.<\/li>\n<li>Patrocinar programas y pr\u00e1cticas que eliminen la parcialidad, el prejuicio y los malos entendidos dentro de sus comunidades.<\/li>\n<li>Conozcan a los l\u00edderes de los m\u00faltiples y diversos grupos de la comunidad, y colaboren con ellos para aumentar la participaci\u00f3n de los padres, las familias y la comunidad.<\/li>\n<li>Educar a sus l\u00edderes y miembros sobre las necesidades, creencias culturales, tradiciones y estructuras familiares de la poblaci\u00f3n a la que sirven.<\/li>\n<li>Proponer cambios siempre que se perciban pr\u00e1cticas discriminatorias.<\/li>\n<\/ul>\n<p>PTA de California valora y aprecia la diversidad, la cual enriquece y fortalece la estructura de nuestra sociedad dentro de nuestro estado y nuestra naci\u00f3n.<\/p>\n<p>\u2020 Esta declaraci\u00f3n de postura debe usarse en su totalidad, sin citar ninguna porci\u00f3n de la misma fuera de contexto.<\/p>\n","protected":false},"excerpt":{"rendered":"<p>Adoptada en abril de 1991 \u2013 Revisada y considerada relevante en noviembre de 2017 \u2013 Comisi\u00f3n de Afiliaci\u00f3n El Congreso Nacional de Madres defiende la paternidad, la infancia y el hogar independientemente del credo, el color o la condici\u00f3n. Alice McLellan Birney, 1898 Cofundadora de la PTA Nacional Esas palabras, ciertas en 1898, son aun [&hellip;]<\/p>\n","protected":false},"author":8,"featured_media":0,"parent":4492,"menu_order":0,"comment_status":"closed","ping_status":"closed","template":"","meta":{"footnotes":""},"class_list":["post-4798","page","type-page","status-publish","hentry","entry"],"_links":{"self":[{"href":"https:\/\/toolkit.capta.org\/es\/wp-json\/wp\/v2\/pages\/4798","targetHints":{"allow":["GET"]}}],"collection":[{"href":"https:\/\/toolkit.capta.org\/es\/wp-json\/wp\/v2\/pages"}],"about":[{"href":"https:\/\/toolkit.capta.org\/es\/wp-json\/wp\/v2\/types\/page"}],"author":[{"embeddable":true,"href":"https:\/\/toolkit.capta.org\/es\/wp-json\/wp\/v2\/users\/8"}],"replies":[{"embeddable":true,"href":"https:\/\/toolkit.capta.org\/es\/wp-json\/wp\/v2\/comments?post=4798"}],"version-history":[{"count":3,"href":"https:\/\/toolkit.capta.org\/es\/wp-json\/wp\/v2\/pages\/4798\/revisions"}],"predecessor-version":[{"id":9195,"href":"https:\/\/toolkit.capta.org\/es\/wp-json\/wp\/v2\/pages\/4798\/revisions\/9195"}],"up":[{"embeddable":true,"href":"https:\/\/toolkit.capta.org\/es\/wp-json\/wp\/v2\/pages\/4492"}],"wp:attachment":[{"href":"https:\/\/toolkit.capta.org\/es\/wp-json\/wp\/v2\/media?parent=4798"}],"curies":[{"name":"wp","href":"https:\/\/api.w.org\/{rel}","templated":true}]}}