{"id":4807,"date":"2013-11-19T16:34:07","date_gmt":"2013-11-20T00:34:07","guid":{"rendered":"http:\/\/toolkit.capta.org\/advocacy\/position-statements\/lead-poisoning\/"},"modified":"2020-12-16T14:51:17","modified_gmt":"2020-12-16T22:51:17","slug":"lead-poisoning","status":"publish","type":"page","link":"https:\/\/toolkit.capta.org\/es\/advocacy\/position-statements\/lead-poisoning\/","title":{"rendered":"Envenenamiento con plomo"},"content":{"rendered":"<p align=\"center\"><em>Adoptada en mayo de 1993 \u2013 Revisada y considerada relevante en febrero de 2015 \u2013 Revisada en agosto 2020 \u2013 Comisi\u00f3n de Salud y Asuntos Comunitarios<\/em><\/p>\n<p>Seg\u00fan los Centros para el Control y Prevenci\u00f3n de Enfermedades (CDC), el envenenamiento por plomo infantil es 100% prevenible. La clave es evitar que los ni\u00f1os entren en contacto con el plomo. Aprenda a prevenir la exposici\u00f3n de los ni\u00f1os al plomo. La exposici\u00f3n al plomo puede da\u00f1ar gravemente la salud de un ni\u00f1o, incluyendo da\u00f1os en el cerebro y el sistema nervioso, retraso en el crecimiento y el desarrollo, problemas de aprendizaje y comportamiento y problemas de audici\u00f3n y habla. No se ha identificado un nivel de plomo que pueda ser seguro en la sangre en los ni\u00f1os.<\/p>\n<p>PTA de California considera que los esfuerzos de detecci\u00f3n temprana, identificaci\u00f3n, tratamiento y prevenci\u00f3n son esenciales para proteger a todos los ni\u00f1os del envenenamiento con plomo. Los ni\u00f1os entre los seis meses y los seis a\u00f1os de edad deben ser examinados mediante un an\u00e1lisis de plomo en la sangre.<\/p>\n<p>Seg\u00fan el Centro para el Control y la Prevenci\u00f3n de Enfermedades, Departamento de Salud y Servicios Humanos de los Estados Unidos, el envenenamiento infantil con plomo es un grave problema de la salud pedi\u00e1trica en la actualidad, el cual puede ser prevenido en su totalidad.<\/p>\n<p>PTA de California reconoce que:<\/p>\n<ul>\n<li>El envenenamiento con plomo es una enfermedad extendida que afecta a todos los segmentos de la sociedad.<\/li>\n<li>Los ni\u00f1os expuestos al plomo pueden presentar retrasos en el desarrollo intelectual.<\/li>\n<li>La edad de mayor riesgo para el envenenamiento con plomo es entre uno (1) y seis (6) a\u00f1os.<\/li>\n<li>La mayor\u00eda de los ni\u00f1os envenenados con plomo no aparentan estar enfermos ni se comportan como si lo estuviesen.<\/li>\n<li>Las repercusiones del plomo en el torrente sangu\u00edneo son sutiles y, a menudo, son confundidas con otros problemas de salud o aprendizaje.<\/li>\n<li>Las madres embarazadas expuestas al plomo pueden sufrir abortos espont\u00e1neos o tener beb\u00e9s de bajo peso al nacer y con retardos en el crecimiento y el desarrollo.<\/li>\n<\/ul>\n<p>Las fuentes principales de exposici\u00f3n al plomo para los ni\u00f1os son:<\/p>\n<ul>\n<li>La pintura descascarada y las part\u00edculas deterioradas de pintura a base de plomo que se encuentran en el polvo del hogar.<\/li>\n<li>Suelo contaminado con plomo.<\/li>\n<li>Algunos remedios caseros.\u2020<\/li>\n<li>Contacto con la piel o vestimenta de los padres de familia cuyos trabajos o pasatiempos los exponen al plomo.<\/li>\n<li>Contenido de plomo en algunas latas de alimentos e implementos para la cocina y la mesa procedentes de otros pa\u00edses.<\/li>\n<li>Agua del grifo, usualmente proveniente de tuber\u00edas antiguas con conectores que contienen plomo.<\/li>\n<\/ul>\n<p>Hay muchas formas en que los padres pueden reducir la exposici\u00f3n de sus hijos al plomo antes de que sufran da\u00f1os. Los peligros del plomo en el entorno de un ni\u00f1o deben identificarse y controlarse o eliminarse de manera segura. El plomo es invisible a simple vista y no tiene olor.<\/p>\n<p>PTA de California insta a los padres de familia y dem\u00e1s personas responsables de la salud y seguridad de los ni\u00f1os a:<\/p>\n<ul>\n<li>Educarse sobre las medidas que pueden tomar para prevenir el envenenamiento con plomo:<br \/>\n\u2013 Velar porque los ni\u00f1os ingieran una dieta balanceada que incluya hierro y calcio;<br \/>\n\u2013 Lavar a menudo las manos de los ni\u00f1os, especialmente despu\u00e9s de que entren en contacto con cualquier cosa de la que se sospeche contiene plomo; y<br \/>\n\u2013 Mantener limpias las \u00e1reas alrededor de donde se sospeche hay contaminaci\u00f3n con plomo.<\/li>\n<li>Instar a las escuelas y distritos escolares a cumplir con las recomendaciones identificadas en el informe preparado por el Departamento de Salud P\u00fablica de California , \u201cLos peligros del plomo en las escuelas primarias p\u00fablicas y guarder\u00edas infantiles de California\u201d, que incluyan lo siguiente:<br \/>\n\u2013\u00a0 Cumplimiento de las estipulaciones estatales y federales.<br \/>\n\u2013\u00a0 Evaluaci\u00f3n del contenido de plomo en las salidas de agua potable de las escuelas.<br \/>\n\u2013\u00a0 Cercado o cobertura de los suelos expuestos adyacentes a las paredes exteriores pintadas de edificios construidos antes de 1940.<br \/>\n\u2013\u00a0 Prioridad a las actividades de mantenimiento pospuestas en los salones de clase que albergan a los ni\u00f1os m\u00e1s vulnerables.<br \/>\n\u2013\u00a0 Aprovechar la experiencia del personal de construcci\u00f3n certificado por el Departamento de Salud P\u00fablica para trabajos relacionados con plomo.<br \/>\n\u2013 Adopci\u00f3n y apoyo de la voluntaria Ley de Protecci\u00f3n de Escuelas Sin Plomo<\/li>\n<\/ul>\n<p>\u2020 Por ejemplo, Azarcon, Greta, Pay-loo-ah, Alkohl o Kohl.<\/p>\n","protected":false},"excerpt":{"rendered":"<p>Adoptada en mayo de 1993 \u2013 Revisada y considerada relevante en febrero de 2015 \u2013 Revisada en agosto 2020 \u2013 Comisi\u00f3n de Salud y Asuntos Comunitarios Seg\u00fan los Centros para el Control y Prevenci\u00f3n de Enfermedades (CDC), el envenenamiento por plomo infantil es 100% prevenible. La clave es evitar que los ni\u00f1os entren en contacto [&hellip;]<\/p>\n","protected":false},"author":8,"featured_media":0,"parent":4492,"menu_order":0,"comment_status":"closed","ping_status":"closed","template":"","meta":{"footnotes":""},"class_list":["post-4807","page","type-page","status-publish","hentry","entry"],"_links":{"self":[{"href":"https:\/\/toolkit.capta.org\/es\/wp-json\/wp\/v2\/pages\/4807","targetHints":{"allow":["GET"]}}],"collection":[{"href":"https:\/\/toolkit.capta.org\/es\/wp-json\/wp\/v2\/pages"}],"about":[{"href":"https:\/\/toolkit.capta.org\/es\/wp-json\/wp\/v2\/types\/page"}],"author":[{"embeddable":true,"href":"https:\/\/toolkit.capta.org\/es\/wp-json\/wp\/v2\/users\/8"}],"replies":[{"embeddable":true,"href":"https:\/\/toolkit.capta.org\/es\/wp-json\/wp\/v2\/comments?post=4807"}],"version-history":[{"count":3,"href":"https:\/\/toolkit.capta.org\/es\/wp-json\/wp\/v2\/pages\/4807\/revisions"}],"predecessor-version":[{"id":10465,"href":"https:\/\/toolkit.capta.org\/es\/wp-json\/wp\/v2\/pages\/4807\/revisions\/10465"}],"up":[{"embeddable":true,"href":"https:\/\/toolkit.capta.org\/es\/wp-json\/wp\/v2\/pages\/4492"}],"wp:attachment":[{"href":"https:\/\/toolkit.capta.org\/es\/wp-json\/wp\/v2\/media?parent=4807"}],"curies":[{"name":"wp","href":"https:\/\/api.w.org\/{rel}","templated":true}]}}