{"id":4817,"date":"2013-11-19T16:36:57","date_gmt":"2013-11-20T00:36:57","guid":{"rendered":"http:\/\/toolkit.capta.org\/advocacy\/position-statements\/minor-consent-for-health-care\/"},"modified":"2021-11-16T10:22:37","modified_gmt":"2021-11-16T18:22:37","slug":"minor-consent-for-health-care","status":"publish","type":"page","link":"https:\/\/toolkit.capta.org\/es\/advocacy\/position-statements\/minor-consent-for-health-care\/","title":{"rendered":"Consentimiento de menores para cuidados m\u00e9dicos"},"content":{"rendered":"<p align=\"center\"><em>Aprobada en enero 2011 \u2013 Revisada y considerada relevante en enero 2016 \u2013 Comit\u00e9 de Salud &#8211; Revisado en febrero de 2021 &#8211; Comisi\u00f3n de Preocupaciones por la Salud y la Comunidad<br \/>\n<\/em><\/p>\n<p>PTA de California cree que proveer el bienestar f\u00edsico y mental de la unidad familiar es importante para la calidad de vida. PTA de California cree adem\u00e1s que todo el mundo tiene derecho a atenci\u00f3n de salud adecuada, confidencial y oportuna y tiene derecho a tomar decisiones sobre el tratamiento sobre la base de consejos m\u00e9dicos y de conformidad con las creencias personales.<\/p>\n<p><u>De acuerdo con las leyes de California de consentimiento de menores, los adolescentes de 12 a\u00f1os o m\u00e1s pueden dar su consentimiento para ciertos servicios sin la participaci\u00f3n de los padres o tutores. Estos servicios incluyen:<\/u><\/p>\n<ul>\n<li><u>Tratamiento o prevenci\u00f3n del embarazo, incluida la planificaci\u00f3n familiar y la anticoncepci\u00f3n.<\/u><\/li>\n<li><u>Aborto<\/u><\/li>\n<li><u>Tratamiento para problemas relacionados con las drogas y el alcohol<\/u><\/li>\n<li><u>Pruebas y tratamiento de VIH\/SIDA<\/u><\/li>\n<li><u>Diagn\u00f3stico o tratamiento de ciertas enfermedades infecciosas, contagiosas o transmisibles, incluidas las enfermedades de transmisi\u00f3n sexual.<\/u><\/li>\n<li><u>Tratamiento y asesoramiento de salud mental<\/u><\/li>\n<li><u>Tratamiento por violaci\u00f3n<\/u><\/li>\n<li><u>Tratamiento por agresi\u00f3n sexual<\/u><\/li>\n<\/ul>\n<p><u>La Iniciativa de Derechos de Salud de los Adolescentes del Centro Nacional para la Ley de J\u00f3venes se estableci\u00f3 para proporcionar recursos e informaci\u00f3n a los proveedores de atenci\u00f3n m\u00e9dica sobre las leyes de California relacionadas con el consentimiento de menores, la confidencialidad, la denuncia de abuso infantil y otros problemas de salud de los adolescentes<\/u><u>.<\/u><\/p>\n<p>PTA de California considera que normalmente es en el mayor beneficio de los ni\u00f1os y sus familias que los padres participen en las decisiones de atenci\u00f3n de la salud de sus hijos adolescentes. Sin embargo, PTA de California considera tambi\u00e9n que, en determinadas circunstancias, debe permitirse a los adolescentes a dar su consentimiento para su propio cuidado de la salud a fin de proteger la salud p\u00fablica o la salud y el bienestar del menor. PTA de California apoya excepciones previstas por las leyes estatales que permiten a los menores de edad dar el consentimiento para su propio cuidado.<\/p>\n","protected":false},"excerpt":{"rendered":"<p>Aprobada en enero 2011 \u2013 Revisada y considerada relevante en enero 2016 \u2013 Comit\u00e9 de Salud &#8211; Revisado en febrero de 2021 &#8211; Comisi\u00f3n de Preocupaciones por la Salud y la Comunidad PTA de California cree que proveer el bienestar f\u00edsico y mental de la unidad familiar es importante para la calidad de vida. PTA [&hellip;]<\/p>\n","protected":false},"author":8,"featured_media":0,"parent":4492,"menu_order":0,"comment_status":"closed","ping_status":"closed","template":"","meta":{"footnotes":""},"class_list":["post-4817","page","type-page","status-publish","hentry","entry"],"_links":{"self":[{"href":"https:\/\/toolkit.capta.org\/es\/wp-json\/wp\/v2\/pages\/4817","targetHints":{"allow":["GET"]}}],"collection":[{"href":"https:\/\/toolkit.capta.org\/es\/wp-json\/wp\/v2\/pages"}],"about":[{"href":"https:\/\/toolkit.capta.org\/es\/wp-json\/wp\/v2\/types\/page"}],"author":[{"embeddable":true,"href":"https:\/\/toolkit.capta.org\/es\/wp-json\/wp\/v2\/users\/8"}],"replies":[{"embeddable":true,"href":"https:\/\/toolkit.capta.org\/es\/wp-json\/wp\/v2\/comments?post=4817"}],"version-history":[{"count":3,"href":"https:\/\/toolkit.capta.org\/es\/wp-json\/wp\/v2\/pages\/4817\/revisions"}],"predecessor-version":[{"id":10698,"href":"https:\/\/toolkit.capta.org\/es\/wp-json\/wp\/v2\/pages\/4817\/revisions\/10698"}],"up":[{"embeddable":true,"href":"https:\/\/toolkit.capta.org\/es\/wp-json\/wp\/v2\/pages\/4492"}],"wp:attachment":[{"href":"https:\/\/toolkit.capta.org\/es\/wp-json\/wp\/v2\/media?parent=4817"}],"curies":[{"name":"wp","href":"https:\/\/api.w.org\/{rel}","templated":true}]}}