{"id":4819,"date":"2013-11-19T16:37:52","date_gmt":"2013-11-20T00:37:52","guid":{"rendered":"http:\/\/toolkit.capta.org\/advocacy\/position-statements\/missing-and-exploited-children\/"},"modified":"2021-11-16T10:37:33","modified_gmt":"2021-11-16T18:37:33","slug":"missing-and-exploited-children","status":"publish","type":"page","link":"https:\/\/toolkit.capta.org\/es\/advocacy\/position-statements\/missing-and-exploited-children\/","title":{"rendered":"Ni\u00f1os desaparecidos y explotados"},"content":{"rendered":"<p align=\"center\"><em>Adoptada en marzo de 1986 \u2013 Revisado en febrero de 2021 &#8211; Comisi\u00f3n de Preocupaciones por la Salud y la Comunidad<\/em><\/p>\n<p>Seg\u00fan el Departamento de Seguridad Nacional de EE. UU., Cada a\u00f1o, millones de hombres, mujeres y ni\u00f1os son objeto de trata en pa\u00edses de todo el mundo, incluido Estados Unidos. Se estima que la trata de personas es una industria de $32 mil millones por a\u00f1o, solo superada por el tr\u00e1fico de drogas como la forma m\u00e1s lucrativa de crimen transnacional.<\/p>\n<p>La trata de personas es un delito oculto, ya que las v\u00edctimas rara vez buscan ayuda debido a las barreras del idioma, el miedo a los traficantes y\/o el miedo a la aplicaci\u00f3n de la ley. Los traficantes usan la fuerza, el fraude o la violencia para atraer a sus v\u00edctimas y obligarlas a la explotaci\u00f3n sexual laboral o comercial. Buscan personas que son vulnerables por una variedad de razones, incluidas las dificultades econ\u00f3micas, los desastres naturales o la inestabilidad pol\u00edtica. El trauma puede ser tan grande que es posible que muchos no se identifiquen como v\u00edctimas ni pidan ayuda, incluso en entornos muy p\u00fablicos.<\/p>\n<p>Seg\u00fan la PTA Nacional, se estima que al menos 200,000 ni\u00f1os en los Estados Unidos son v\u00edctimas de trata dom\u00e9stica.<\/p>\n<p>Como defensora de los ni\u00f1os, la PTA del Estado de California cree que la PTA tiene la responsabilidad de trabajar con las escuelas y las agencias sociales y gubernamentales para apoyar:<\/p>\n<ul>\n<li>El funcionamiento constante de un centro estatal de intercambio de informaci\u00f3n sobre ni\u00f1os desaparecidos y est\u00e9 ligado al Centro Nacional de Informaci\u00f3n Criminal.<\/li>\n<li>El mantenimiento del Centro de Informaci\u00f3n de Cr\u00edmenes Violentos de California para ayudar en la identificaci\u00f3n y aprensi\u00f3n de las personas responsables de la desaparici\u00f3n y explotaci\u00f3n de ni\u00f1os, adem\u00e1s de un sistema computadorizado automatizado que responda a las denuncias de ni\u00f1os desaparecidos.<\/li>\n<li>Agencias policiales locales para realizar una evaluaci\u00f3n inmediata de los pasos necesarios para localizar a los menores y, dentro de las 24 horas, presentar informes a las c\u00e1maras de compensaci\u00f3n y otras agencias seg\u00fan sea apropiado;<\/li>\n<li>El establecimiento de un sistema computadorizado a nivel estatal para proveer coordinaci\u00f3n entre m\u00faltiples jurisdicciones.<\/li>\n<li>Programas para ayudar a los j\u00f3venes fugitivos y sin hogar y a sus familias, entre los cuales se debe incluir la provisi\u00f3n de albergues seguros temporales mientras se contactan a las familias o agencias pertinentes.<\/li>\n<li>Legislaci\u00f3n que provea castigo severo para asesinos de ni\u00f1os y para quienes cometen delitos de abuso f\u00edsico, mental y sexual grave y continuado contra ni\u00f1os.<\/li>\n<li>Financiamiento adecuado para los programas de ni\u00f1os desaparecidos y centros nacionales y agencias de intercambio de informaci\u00f3n sobre ni\u00f1os desaparecidos y explotados.<\/li>\n<li>Legislaci\u00f3n que exija que los registros de los ni\u00f1os desaparecidos que hayan asistido a la escuela sean marcados adecuadamente en caso de que otra escuela pida el expediente del ni\u00f1o.<\/li>\n<li>Establecer normas en los distritos escolares uniformes en todo el estado que exijan que el personal apropiado en las escuelas se ponga en contacto con las agencias del orden cuando piensen que un ni\u00f1o haya desaparecido y que reporte a cualquier ni\u00f1o que est\u00e9 asistiendo a clases y de quien se sospeche est\u00e9 desaparecido, as\u00ed como de sospecha de abuso infantil.<\/li>\n<li>Animar a las escuelas primarias a ofrecer programas para la prevenci\u00f3n del secuestro infantil, apropiado seg\u00fan las edades de los ni\u00f1os y tambi\u00e9n para los padres.<\/li>\n<li>La colocaci\u00f3n de avisos con fotos de ni\u00f1os desaparecidos actualmente del \u00e1rea, accesible a personal de la escuela solamente dentro de cada escuela.<\/li>\n<li>Asegurar la reintegraci\u00f3n al sistema escolar de ni\u00f1os desaparecidos por largo tiempo que han sido localizados.<\/li>\n<li>Legislaci\u00f3n que asegure la seguridad de la facilidad escolar.<\/li>\n<\/ul>\n<p>Los signos de trata de personas pueden reconocerse mediante las siguientes se\u00f1ales de alerta:<\/p>\n<p>Condiciones de Vida y Trabajo Comunes:<\/p>\n<ul>\n<li>No tiene la libertad de salir o ir y venir como desee.<\/li>\n<li>Est\u00e1 en la industria del sexo comercial y tiene a un padrote\/gerente<\/li>\n<li>No se le paga, se le paga muy poco o solo se le paga a trav\u00e9s de propinas.<\/li>\n<li>Trabaja horas excesivamente largas y\/o inusuales<\/li>\n<li>No se le permiten descansos o sufre restricciones inusuales en el trabajo.<\/li>\n<li>Tiene una deuda muy grande y no puede pagarla<\/li>\n<li>Fue contratado\/a trav\u00e9s de falsas promesas sobre la naturaleza y las condiciones del trabajo<\/li>\n<li>Se enfrenta a medidas de alta seguridad en el trabajo y\/o lugares de residencia (por ejemplo, ventanas opacas, ventanas tapiadas, rejas en las ventanas, alambre de p\u00faas, c\u00e1maras de seguridad, etc.)<\/li>\n<\/ul>\n<p>Mala salud mental o comportamiento anormal:<\/p>\n<ul>\n<li>Es temeroso, sufre de ansiedad, deprimido, sumiso, tenso o nervioso\/paranoico<\/li>\n<li>Muestra un comportamiento inusualmente temeroso o ansioso despu\u00e9s de mencionar a las fuerzas del orden<\/li>\n<li>Evita el contacto visual<\/li>\n<\/ul>\n<p>Mala salud f\u00edsica:<\/p>\n<ul>\n<li>Carece de atenci\u00f3n m\u00e9dica y\/o el empleador le niega los servicios m\u00e9dicos<\/li>\n<li>Parece desnutrido o muestra signos de exposici\u00f3n repetida a sustancias qu\u00edmicas nocivas.<\/li>\n<li>Muestra signos de abuso f\u00edsico y\/o sexual, restricci\u00f3n f\u00edsica, confinamiento o tortura<\/li>\n<\/ul>\n<p>Falta de control:<\/p>\n<ul>\n<li>Tiene pocas posesiones personales o ninguna<\/li>\n<li>No tiene el control de su propio dinero, no tiene registros financieros o cuenta bancaria<\/li>\n<li>No tiene el control de sus propios documentos de identificaci\u00f3n (N\u00famero de Identificaci\u00f3n o pasaporte)<\/li>\n<li>No se le permite o no puede hablar por s\u00ed mismo (un tercero puede insistir en estar presente y\/o traducir)<\/li>\n<\/ul>\n<p>La PTA del Estado de California urge a reportar de inmediato sobre posibles situaciones de trata de ni\u00f1os:<\/p>\n<ul>\n<li>Si un ni\u00f1o necesita asistencia urgente, comun\u00edquese con la polic\u00eda o los servicios de protecci\u00f3n infantil para denunciar el abuso, la negligencia o la explotaci\u00f3n de un ni\u00f1o.<\/li>\n<li>Los consejeros profesionales de crisis de la l\u00ednea directa nacional de abuso infantil Childhelp\u00ae pueden conectar a la persona que llama con un n\u00famero local para denunciar el abuso. Comun\u00edquese con Childhelp al 1.800.4.A.CHILD. (1.800.422.4453).<\/li>\n<li>El Centro Nacional para Ni\u00f1os Desaparecidos y Explotados\u00ae (NCMEC) tiene como objetivo prevenir el secuestro y la explotaci\u00f3n sexual de ni\u00f1os; ayudar a encontrar ni\u00f1os desaparecidos; y ayudar a las v\u00edctimas de secuestro y explotaci\u00f3n sexual de ni\u00f1os, sus familias y los profesionales que les atienden. Comun\u00edquese con NCMEC al 1.800.THE.LOST (1.800.843.5678) o informe los incidentes en http:\/\/www.missingkids.org\/gethelpnow\/cybertipline<\/li>\n<li>El Centro Nacional de Recursos contra la Trata de Personas (NHTRC) opera una l\u00ednea directa las 24 horas del d\u00eda, todos los d\u00edas. El NHTRC ayudar\u00e1 a las personas que llaman a identificar y coordinar con las organizaciones locales que protegen y sirven a las v\u00edctimas de la trata. Comun\u00edquese con el NHTRC al 1.888.373.7888.<\/li>\n<\/ul>\n<p>&nbsp;<\/p>\n","protected":false},"excerpt":{"rendered":"<p>Adoptada en marzo de 1986 \u2013 Revisado en febrero de 2021 &#8211; Comisi\u00f3n de Preocupaciones por la Salud y la Comunidad Seg\u00fan el Departamento de Seguridad Nacional de EE. UU., Cada a\u00f1o, millones de hombres, mujeres y ni\u00f1os son objeto de trata en pa\u00edses de todo el mundo, incluido Estados Unidos. Se estima que la [&hellip;]<\/p>\n","protected":false},"author":8,"featured_media":0,"parent":4492,"menu_order":0,"comment_status":"closed","ping_status":"closed","template":"","meta":{"footnotes":""},"class_list":["post-4819","page","type-page","status-publish","hentry","entry"],"_links":{"self":[{"href":"https:\/\/toolkit.capta.org\/es\/wp-json\/wp\/v2\/pages\/4819","targetHints":{"allow":["GET"]}}],"collection":[{"href":"https:\/\/toolkit.capta.org\/es\/wp-json\/wp\/v2\/pages"}],"about":[{"href":"https:\/\/toolkit.capta.org\/es\/wp-json\/wp\/v2\/types\/page"}],"author":[{"embeddable":true,"href":"https:\/\/toolkit.capta.org\/es\/wp-json\/wp\/v2\/users\/8"}],"replies":[{"embeddable":true,"href":"https:\/\/toolkit.capta.org\/es\/wp-json\/wp\/v2\/comments?post=4819"}],"version-history":[{"count":3,"href":"https:\/\/toolkit.capta.org\/es\/wp-json\/wp\/v2\/pages\/4819\/revisions"}],"predecessor-version":[{"id":10700,"href":"https:\/\/toolkit.capta.org\/es\/wp-json\/wp\/v2\/pages\/4819\/revisions\/10700"}],"up":[{"embeddable":true,"href":"https:\/\/toolkit.capta.org\/es\/wp-json\/wp\/v2\/pages\/4492"}],"wp:attachment":[{"href":"https:\/\/toolkit.capta.org\/es\/wp-json\/wp\/v2\/media?parent=4819"}],"curies":[{"name":"wp","href":"https:\/\/api.w.org\/{rel}","templated":true}]}}