{"id":4822,"date":"2013-11-19T16:46:35","date_gmt":"2013-11-20T00:46:35","guid":{"rendered":"http:\/\/toolkit.capta.org\/advocacy\/position-statements\/nutrition-education\/"},"modified":"2019-06-05T14:42:00","modified_gmt":"2019-06-05T21:42:00","slug":"nutrition-education","status":"publish","type":"page","link":"https:\/\/toolkit.capta.org\/es\/advocacy\/position-statements\/nutrition-education\/","title":{"rendered":"Educaci\u00f3n de actividad fisica y nutrici\u00f3n"},"content":{"rendered":"<p align=\"center\"><em>Adoptada en febrero de 2019 \u2013 Comisi\u00f3n de Salud y Asuntos Comunitarios<\/em><\/p>\n<p>La PTA de California considera que una buena nutrici\u00f3n, una dieta adecuada y bien balanceada combinada con actividad f\u00edsica regular, es una piedra angular de la buena salud. Una nutrici\u00f3n deficiente o inadecuada puede llevar a una inmunidad deteriorada, a una mayor susceptibilidad a las enfermedades, a un crecimiento f\u00edsico atrasado y restringido, y a un desarrollo mental y social restringido.<\/p>\n<p>La PTA de California considera que un programa de actividad f\u00edsica de calidad que funcione de manera cooperativa dentro del programa de salud integral de la escuela es esencial para el bienestar de los j\u00f3venes de California. La nutrici\u00f3n y la actividad f\u00edsica regular son componentes cr\u00edticos de un curr\u00edculo escolar completo. Es importante que a los ni\u00f1os se les ense\u00f1e la relaci\u00f3n entre la buena nutrici\u00f3n y la buena salud personal para que aprendan a elegir alimentos y actividades f\u00edsicas que fomenten una vida de h\u00e1bitos saludables.<\/p>\n<p>La investigaci\u00f3n confirma la conexi\u00f3n entre la buena salud, el aprendizaje y la asistencia escolar. Los ni\u00f1os sanos son:<\/p>\n<ul>\n<li>m\u00e1s exitoso en la escuela,<\/li>\n<li>perder menos d\u00edas de asistencia escolar,<\/li>\n<li>son m\u00e1s atentos y de buen comportamiento, y<\/li>\n<li>es m\u00e1s probable que se grad\u00faen de la escuela preparatoria y sean \u00e9xitos sus carreras y la universidad.<\/li>\n<\/ul>\n<p>La PTA del Estado de California cree que es importante promover estilos de vida saludables y cambios positivos en la dieta y la actividad f\u00edsica de nuestros estudiantes. Es igualmente importante que los padres y los ni\u00f1os tengan acceso a la informaci\u00f3n nutricional m\u00e1s actualizada y basada en la ciencia disponible.<\/p>\n<p>La PTA del Estado de California apoya las acciones de los gobiernos estatales y locales y las agencias educativas locales que ofrecen programas de nutrici\u00f3n y actividad f\u00edsica de alta calidad para todos los ni\u00f1os en las escuelas.<\/p>\n<p>La PTA cree que:<\/p>\n<ul>\n<li>cada escuela debe tener un maestro certificado, capacitado y tener educaci\u00f3n en actividad f\u00edsica nutrici\u00f3n;<\/li>\n<li>El objetivo de la educaci\u00f3n f\u00edsica y nutrici\u00f3n debe ser promover la salud de por vida y los h\u00e1bitos de actividad f\u00edsica en todos los estudiantes; y<\/li>\n<li>Todos los estudiantes deben ser tratados por igual en una clase de educaci\u00f3n f\u00edsica integrada, como lo exige la ley estatal.<\/li>\n<\/ul>\n<p>La PTA de California cree que los estudiantes, el personal, los padres y la comunidad pueden beneficiarse al entender\u00a0 la importancia de una buena nutrici\u00f3n y educaci\u00f3n de actividad f\u00edsica al alentar y apoyar:<\/p>\n<ul>\n<li>Formaci\u00f3n de los maestros sobre nutrici\u00f3n integral y educaci\u00f3n en actividad f\u00edsica;<\/li>\n<li>El desarrollo de est\u00e1ndares de nutrici\u00f3n, alineados con las leyes y pautas federales, estatales y locales, que abordan todos los aspectos de los alimentos y bebidas disponibles en el campus para todos los estudiantes.<\/li>\n<li>Un componente curricular integral de nutrici\u00f3n y actividad f\u00edsica que proporciona a los estudiantes el conocimiento para tomar decisiones saludables a lo largo de sus vidas;<\/li>\n<li>Programas que proporcionan educaci\u00f3n sobre nutrici\u00f3n y actividad f\u00edsica para los padres y la comunidad;<\/li>\n<li>Actualizaci\u00f3n continua y difusi\u00f3n de las pautas nutricionales diarias recomendadas por el Departamento de Agricultura de los Estados Unidos (USDA); y<\/li>\n<li>Los distritos escolares deben hacer un uso m\u00e1ximo de los fondos estatales y federales disponibles para los programas de servicio de alimentos para que todos los ni\u00f1os puedan tener acceso a comidas nutritivas.<\/li>\n<\/ul>\n<p align=\"center\"><em>\u00a0<\/em><\/p>\n","protected":false},"excerpt":{"rendered":"<p>Adoptada en febrero de 2019 \u2013 Comisi\u00f3n de Salud y Asuntos Comunitarios La PTA de California considera que una buena nutrici\u00f3n, una dieta adecuada y bien balanceada combinada con actividad f\u00edsica regular, es una piedra angular de la buena salud. Una nutrici\u00f3n deficiente o inadecuada puede llevar a una inmunidad deteriorada, a una mayor susceptibilidad [&hellip;]<\/p>\n","protected":false},"author":8,"featured_media":0,"parent":4492,"menu_order":0,"comment_status":"closed","ping_status":"closed","template":"","meta":{"footnotes":""},"class_list":["post-4822","page","type-page","status-publish","hentry","entry"],"_links":{"self":[{"href":"https:\/\/toolkit.capta.org\/es\/wp-json\/wp\/v2\/pages\/4822","targetHints":{"allow":["GET"]}}],"collection":[{"href":"https:\/\/toolkit.capta.org\/es\/wp-json\/wp\/v2\/pages"}],"about":[{"href":"https:\/\/toolkit.capta.org\/es\/wp-json\/wp\/v2\/types\/page"}],"author":[{"embeddable":true,"href":"https:\/\/toolkit.capta.org\/es\/wp-json\/wp\/v2\/users\/8"}],"replies":[{"embeddable":true,"href":"https:\/\/toolkit.capta.org\/es\/wp-json\/wp\/v2\/comments?post=4822"}],"version-history":[{"count":3,"href":"https:\/\/toolkit.capta.org\/es\/wp-json\/wp\/v2\/pages\/4822\/revisions"}],"predecessor-version":[{"id":9782,"href":"https:\/\/toolkit.capta.org\/es\/wp-json\/wp\/v2\/pages\/4822\/revisions\/9782"}],"up":[{"embeddable":true,"href":"https:\/\/toolkit.capta.org\/es\/wp-json\/wp\/v2\/pages\/4492"}],"wp:attachment":[{"href":"https:\/\/toolkit.capta.org\/es\/wp-json\/wp\/v2\/media?parent=4822"}],"curies":[{"name":"wp","href":"https:\/\/api.w.org\/{rel}","templated":true}]}}