{"id":4831,"date":"2013-11-19T16:48:44","date_gmt":"2013-11-20T00:48:44","guid":{"rendered":"http:\/\/toolkit.capta.org\/advocacy\/position-statements\/physical-education-k-12\/"},"modified":"2015-10-07T09:47:49","modified_gmt":"2015-10-07T16:47:49","slug":"physical-education-k-12","status":"publish","type":"page","link":"https:\/\/toolkit.capta.org\/es\/advocacy\/position-statements\/physical-education-k-12\/","title":{"rendered":"Educaci\u00f3n f\u00edsica (desde el jard\u00edn de ni\u00f1os hasta el doceavo grado)"},"content":{"rendered":"<p align=\"center\"><em>Adoptada en mayo de 1993 \u2013 Revisada en febrero de 2014 \u2013 Comisi\u00f3n de Salud<\/em><\/p>\n<p>La PTA de California considera que un programa de educaci\u00f3n f\u00edsica de calidad, que funcione cooperativamente con el programa integral de salud de la escuela, es esencial para el bienestar de la juventud de California.<\/p>\n<p>La PTA de California apoya las acciones de los gobiernos estatales y locales y de las agencias educativas locales que ofrecen programas de educaci\u00f3n f\u00edsica de alta calidad todos los d\u00edas para todos los ni\u00f1os en el k\u00ednder hasta el grado 12.<\/p>\n<p>Los padres de familia y los maestros deben educar a los ni\u00f1os y j\u00f3venes a fin de prepararlos a que participen en actividades f\u00edsicas adecuadas a lo largo de sus vidas.<\/p>\n<p>La PTA considera que:<\/p>\n<ul>\n<li>La buena salud es b\u00e1sica para la educaci\u00f3n y la educaci\u00f3n f\u00edsica es b\u00e1sica para la buena salud.<\/li>\n<li>Los planteles escolares deben contar con un docente certificado, capacitado y formado en educaci\u00f3n f\u00edsica.<\/li>\n<li>La meta de la educaci\u00f3n f\u00edsica consiste en promover h\u00e1bitos vitalicios que apunten a un estado f\u00edsico \u00f3ptimo en todos los estudiantes.<\/li>\n<li>Todos los estudiantes deben ser tratados equitativamente en una clase integrada de educaci\u00f3n f\u00edsica, seg\u00fan lo requiere la ley estatal.<\/li>\n<\/ul>\n<p>La PTA de California considera que un buen programa de educaci\u00f3n f\u00edsica promueve la autodisciplina, pues le ense\u00f1a a los ni\u00f1os a tomar control de sus vidas y ser responsables de su propia salud y estado f\u00edsico.<\/p>\n","protected":false},"excerpt":{"rendered":"<p>Adoptada en mayo de 1993 \u2013 Revisada en febrero de 2014 \u2013 Comisi\u00f3n de Salud La PTA de California considera que un programa de educaci\u00f3n f\u00edsica de calidad, que funcione cooperativamente con el programa integral de salud de la escuela, es esencial para el bienestar de la juventud de California. La PTA de California apoya [&hellip;]<\/p>\n","protected":false},"author":8,"featured_media":0,"parent":4492,"menu_order":0,"comment_status":"closed","ping_status":"closed","template":"","meta":{"footnotes":""},"class_list":["post-4831","page","type-page","status-publish","hentry","entry"],"_links":{"self":[{"href":"https:\/\/toolkit.capta.org\/es\/wp-json\/wp\/v2\/pages\/4831","targetHints":{"allow":["GET"]}}],"collection":[{"href":"https:\/\/toolkit.capta.org\/es\/wp-json\/wp\/v2\/pages"}],"about":[{"href":"https:\/\/toolkit.capta.org\/es\/wp-json\/wp\/v2\/types\/page"}],"author":[{"embeddable":true,"href":"https:\/\/toolkit.capta.org\/es\/wp-json\/wp\/v2\/users\/8"}],"replies":[{"embeddable":true,"href":"https:\/\/toolkit.capta.org\/es\/wp-json\/wp\/v2\/comments?post=4831"}],"version-history":[{"count":3,"href":"https:\/\/toolkit.capta.org\/es\/wp-json\/wp\/v2\/pages\/4831\/revisions"}],"predecessor-version":[{"id":7100,"href":"https:\/\/toolkit.capta.org\/es\/wp-json\/wp\/v2\/pages\/4831\/revisions\/7100"}],"up":[{"embeddable":true,"href":"https:\/\/toolkit.capta.org\/es\/wp-json\/wp\/v2\/pages\/4492"}],"wp:attachment":[{"href":"https:\/\/toolkit.capta.org\/es\/wp-json\/wp\/v2\/media?parent=4831"}],"curies":[{"name":"wp","href":"https:\/\/api.w.org\/{rel}","templated":true}]}}