{"id":4834,"date":"2013-11-19T16:49:21","date_gmt":"2013-11-20T00:49:21","guid":{"rendered":"http:\/\/toolkit.capta.org\/advocacy\/position-statements\/prevention-and-intervention-programs\/"},"modified":"2020-08-14T12:39:01","modified_gmt":"2020-08-14T19:39:01","slug":"prevention-and-intervention-programs","status":"publish","type":"page","link":"https:\/\/toolkit.capta.org\/es\/advocacy\/position-statements\/prevention-and-intervention-programs\/","title":{"rendered":"Programas de prevenci\u00f3n e intervenci\u00f3n"},"content":{"rendered":"<p align=\"center\"><em>Adoptada en enero de 1995 \u2013 Revisada en febrero 2014 \u2013 Comisiones de Salud, Asuntos Comunitarios y Participaci\u00f3n Familiar<\/em><\/p>\n<p>PTA de California cree en la importancia de prevenir y eliminar los factores que pueden perjudicar la salud, la seguridad y el bienestar de todos los ni\u00f1os familias y j\u00f3venes.<\/p>\n<p>La PTA cree que los esfuerzos de prevenci\u00f3n deben involucrar al hogar, la escuela y la comunidad buscando formas efectivas de abordar el uso y abuso de drogas, alcohol y productos que contienen nicotina. Los problemas se deben enfrentar mejorando las habilidades de comunicaci\u00f3n familiar, el conocimiento de los programas principales de educaci\u00f3n de prevenci\u00f3n en la escuela y el desarrollo de programas comunitarios.<\/p>\n<p>La PTA cree que cada ni\u00f1o tiene derecho a desarrollarse a su m\u00e1ximo potencial y est\u00e1 firmemente comprometida a ayudar a garantizar ese desarrollo a trav\u00e9s de m\u00e9todos proactivos. Para cumplir con este compromiso, la PTA inicia y apoya la legislaci\u00f3n dirigida a la educaci\u00f3n, la prevenci\u00f3n del abuso y el control relacionados con el uso de drogas, alcohol y productos que contienen nicotina.<\/p>\n<p>PTA de California considera que los programas de prevenci\u00f3n e intervenci\u00f3n son esenciales, pues reconoce que cualquier circunstancia que interfiera con el potencial de un ni\u00f1o de llegar a ser un ciudadano sano, educado y productivo pone su vida en peligro.<\/p>\n<p>PTA de California considera, adem\u00e1s, que debe existir un sentido de cooperaci\u00f3n entre la escuela, los servicios sociales y de salud y otras agencias comunitarias para dise\u00f1ar y ofrecer programas de prevenci\u00f3n y apoyo a los j\u00f3venes. Se necesita una intervenci\u00f3n temprana para poner fin a los patrones crecientes de alienaci\u00f3n, que a menudo conducen a un comportamiento antisocial y criminal. Los programas de prevenci\u00f3n e intervenci\u00f3n deben incluir las \u00e1reas de salud f\u00edsica, salud mental y estar dise\u00f1ados para permitir que los ni\u00f1os y j\u00f3venes se conviertan en ciudadanos productivos en sus comunidades.<\/p>\n<p>Dichos programas pueden incluir estrategias que:<\/p>\n<ul>\n<li>Aumenten la autoestima y la confianza en s\u00ed mismos.<\/li>\n<li>Enfaticen la prevenci\u00f3n de enfermedades, la vacunaci\u00f3n la revisi\u00f3n de la vista y la audici\u00f3n y el cuidado dental.<\/li>\n<li>Educar a los j\u00f3venes sobre la nutrici\u00f3n adecuada, la atenci\u00f3n prenatal adecuada y los peligros del uso de alcohol, drogas y productos que contienen nicotina;<\/li>\n<li>Proporcionen orientaci\u00f3n, y cuando sea pertinente, asesoramiento por parte de un mentor.<\/li>\n<li>Fortalezcan y ampl\u00eden los programas alternativos de educaci\u00f3n.<\/li>\n<li>Promocionen la ense\u00f1anza de conocimientos pr\u00e1cticos para la vida cotidiana, incluyendo la crianza de los hijos y la capacitaci\u00f3n vocacional.<\/li>\n<li>Ofrezcan actividades recreativas, adecuadas a la edad, sociales y culturales en la comunidad antes y despu\u00e9s de clases y durante los fines de semana.<\/li>\n<\/ul>\n","protected":false},"excerpt":{"rendered":"<p>Adoptada en enero de 1995 \u2013 Revisada en febrero 2014 \u2013 Comisiones de Salud, Asuntos Comunitarios y Participaci\u00f3n Familiar PTA de California cree en la importancia de prevenir y eliminar los factores que pueden perjudicar la salud, la seguridad y el bienestar de todos los ni\u00f1os familias y j\u00f3venes. La PTA cree que los esfuerzos [&hellip;]<\/p>\n","protected":false},"author":8,"featured_media":0,"parent":4492,"menu_order":0,"comment_status":"closed","ping_status":"closed","template":"","meta":{"footnotes":""},"class_list":["post-4834","page","type-page","status-publish","hentry","entry"],"_links":{"self":[{"href":"https:\/\/toolkit.capta.org\/es\/wp-json\/wp\/v2\/pages\/4834","targetHints":{"allow":["GET"]}}],"collection":[{"href":"https:\/\/toolkit.capta.org\/es\/wp-json\/wp\/v2\/pages"}],"about":[{"href":"https:\/\/toolkit.capta.org\/es\/wp-json\/wp\/v2\/types\/page"}],"author":[{"embeddable":true,"href":"https:\/\/toolkit.capta.org\/es\/wp-json\/wp\/v2\/users\/8"}],"replies":[{"embeddable":true,"href":"https:\/\/toolkit.capta.org\/es\/wp-json\/wp\/v2\/comments?post=4834"}],"version-history":[{"count":3,"href":"https:\/\/toolkit.capta.org\/es\/wp-json\/wp\/v2\/pages\/4834\/revisions"}],"predecessor-version":[{"id":10356,"href":"https:\/\/toolkit.capta.org\/es\/wp-json\/wp\/v2\/pages\/4834\/revisions\/10356"}],"up":[{"embeddable":true,"href":"https:\/\/toolkit.capta.org\/es\/wp-json\/wp\/v2\/pages\/4492"}],"wp:attachment":[{"href":"https:\/\/toolkit.capta.org\/es\/wp-json\/wp\/v2\/media?parent=4834"}],"curies":[{"name":"wp","href":"https:\/\/api.w.org\/{rel}","templated":true}]}}