{"id":4854,"date":"2013-11-19T16:53:28","date_gmt":"2013-11-20T00:53:28","guid":{"rendered":"http:\/\/toolkit.capta.org\/advocacy\/position-statements\/regulation-of-medical-marijuana-providers-near-schools\/"},"modified":"2020-12-16T16:56:59","modified_gmt":"2020-12-17T00:56:59","slug":"marijuana-providers-near-schools","status":"publish","type":"page","link":"https:\/\/toolkit.capta.org\/es\/advocacy\/position-statements\/marijuana-providers-near-schools\/","title":{"rendered":"Dispensarios de Marihuana Cerca de las Escuelas"},"content":{"rendered":"<p align=\"center\"><em>Aprobada en octubre 2010 \u2013 Revisada y considerada relevante en noviembre 2014 \u2013 Revisada en agosto 2020 \u2013 Comisi\u00f3n de Salud y Asuntos Comunitarios<\/em><\/p>\n<p>PTA de California cree en la importancia de prevenir y eliminar los factores que puedan ser perjudiciales para la salud, la seguridad y el bienestar de todos los ni\u00f1os y j\u00f3venes.<\/p>\n<p>PTA de California considera que los ni\u00f1os y los j\u00f3venes deben tener todas las oportunidades para alcanzar su pleno potencial. Las personas, agencias y organizaciones interesadas deben unirse para abordar las necesidades de todos los ni\u00f1os y j\u00f3venes. Juntos, familias, escuelas y comunidades pueden efectivamente fortalecer y mejorar la maduraci\u00f3n de nuestros hijos, dando como resultado adultos emocionalmente seguros, sanos y socialmente responsables.<\/p>\n<p>La Ley de Uso Compasivo de 1996 (C\u00f3digo de Salud y Seguridad 11362.5) detalla que los californianos gravemente enfermos tienen derecho a obtener y usar marihuana para fines m\u00e9dicos cuando dicho uso se considere apropiado y haya sido recomendado por un m\u00e9dico que haya determinado que la salud de la persona se beneficiar\u00eda del uso de la marihuana en el tratamiento del c\u00e1ncer, anorexia, SIDA, dolor cr\u00f3nico, espasticidad, glaucoma, artritis, migra\u00f1a o cualquier otra enfermedad cual la marihuana le proporcione alivio.<\/p>\n<p>En 2016, los votantes de California aprobaron la Proposici\u00f3n 64, la Ley de Uso de Marihuana para Adultos (AUMA por sus siglas en ingles). Seg\u00fan la Proposici\u00f3n 64, los adultos de 21 a\u00f1os de edad o m\u00e1s pueden cultivar, poseer y usar cannabis legalmente con fines no medicinales, con ciertas restricciones. En 2017, las leyes de California que regulan el cannabis fueron cambiadas sustancialmente por una nueva legislaci\u00f3n integral conocida como Ley de Regulaci\u00f3n y Seguridad Medicinal del Cannabis para Uso de Adultos (MAUCRSA). A partir del 1\u00ba de enero de 2018, AUMA tambi\u00e9n legaliz\u00f3 la venta y distribuci\u00f3n de cannabis a trav\u00e9s de un negocio bajo supervisi\u00f3n.<\/p>\n<p>Con la aprobaci\u00f3n de la <u>legislaci\u00f3n anterior<\/u>, los dispensarios de marihuana medicinal est\u00e1n floreciendo en todo California. Mientras estos dispensarios pretenden servir a las personas seriamente enfermas, hay una preocupaci\u00f3n creciente de que los menores tambi\u00e9n puedan ser capaces de adquirir mariguana de los dispensarios. Adem\u00e1s, los folletos de publicidad a menudo se distribuyen en el \u00e1rea general de los dispensarios, fomentando el uso de mariguana. La ubicaci\u00f3n de dispensarios de mariguana m\u00e9dica \u00abjunto a una escuela no s\u00f3lo publicita el abuso de sustancias, sino tambi\u00e9n lo glamoriza\u00bb. Con la aprobaci\u00f3n de esta legislaci\u00f3n, ninguna cooperativa, colectivo, dispensario, operador, establecimiento o proveedor de cannabis medicinal que posea, cultive o distribuya cannabis medicinal de conformidad con este art\u00edculo se ubicar\u00e1 dentro de un radio de 600 pies de una escuela. La legislaci\u00f3n no proh\u00edbe que una ciudad, condado o ciudad y condado adopten ordenanzas o pol\u00edticas que restrinjan a\u00fan m\u00e1s la ubicaci\u00f3n o el establecimiento de una cooperativa, colectivo, dispensario, operador, establecimiento o proveedor de cannabis medicinal.<\/p>\n<p>Los padres deben saber que:<\/p>\n<ul>\n<li>Es ilegal que cualquier persona menor de 21 a\u00f1os fume, consuma, compre o posea cannabis (marihuana, hierba, mota).<\/li>\n<li>Si es menor de 21 a\u00f1os y es sorprendido en posesi\u00f3n de cannabis, el ni\u00f1o tendr\u00e1 que tomar educaci\u00f3n o asesoramiento sobre drogas y completar servicio comunitario (al menos que el ni\u00f1o tenga una recomendaci\u00f3n m\u00e9dica calificada actual o una tarjeta de identificaci\u00f3n de marihuana medicinal v\u00e1lida emitida por el condado).<\/li>\n<li>El cannabis puede afectar la salud de un ni\u00f1o:\n<ul>\n<li>Al igual que los cigarrillos, fumar cannabis es perjudicial para los pulmones.<\/li>\n<li>Los comestibles pueden tener concentraciones m\u00e1s altas de tetrahidrocannabinol (THC). Si un ni\u00f1o come demasiado, demasiado r\u00e1pido, tiene un mayor riesgo de intoxicaci\u00f3n.<\/li>\n<li>El consumo regular de cannabis en la adolescencia puede provocar cambios f\u00edsicos en el cerebro.<\/li>\n<\/ul>\n<\/li>\n<li>El cannabis puede afectar las metas educativas y profesionales de un ni\u00f1o y su \u00e9xito en la vida.<\/li>\n<\/ul>\n<p>Debido a que su salud y su futuro son importantes, consulte https:\/\/cannabis.ca.gov\/laws-regulations\/ y obtenga m\u00e1s informaci\u00f3n sobre c\u00f3mo el consumo de cannabis afecta su cuerpo y cerebro.<\/p>\n","protected":false},"excerpt":{"rendered":"<p>Aprobada en octubre 2010 \u2013 Revisada y considerada relevante en noviembre 2014 \u2013 Revisada en agosto 2020 \u2013 Comisi\u00f3n de Salud y Asuntos Comunitarios PTA de California cree en la importancia de prevenir y eliminar los factores que puedan ser perjudiciales para la salud, la seguridad y el bienestar de todos los ni\u00f1os y j\u00f3venes. [&hellip;]<\/p>\n","protected":false},"author":8,"featured_media":0,"parent":4492,"menu_order":0,"comment_status":"closed","ping_status":"closed","template":"","meta":{"footnotes":""},"class_list":["post-4854","page","type-page","status-publish","hentry","entry"],"_links":{"self":[{"href":"https:\/\/toolkit.capta.org\/es\/wp-json\/wp\/v2\/pages\/4854","targetHints":{"allow":["GET"]}}],"collection":[{"href":"https:\/\/toolkit.capta.org\/es\/wp-json\/wp\/v2\/pages"}],"about":[{"href":"https:\/\/toolkit.capta.org\/es\/wp-json\/wp\/v2\/types\/page"}],"author":[{"embeddable":true,"href":"https:\/\/toolkit.capta.org\/es\/wp-json\/wp\/v2\/users\/8"}],"replies":[{"embeddable":true,"href":"https:\/\/toolkit.capta.org\/es\/wp-json\/wp\/v2\/comments?post=4854"}],"version-history":[{"count":3,"href":"https:\/\/toolkit.capta.org\/es\/wp-json\/wp\/v2\/pages\/4854\/revisions"}],"predecessor-version":[{"id":10470,"href":"https:\/\/toolkit.capta.org\/es\/wp-json\/wp\/v2\/pages\/4854\/revisions\/10470"}],"up":[{"embeddable":true,"href":"https:\/\/toolkit.capta.org\/es\/wp-json\/wp\/v2\/pages\/4492"}],"wp:attachment":[{"href":"https:\/\/toolkit.capta.org\/es\/wp-json\/wp\/v2\/media?parent=4854"}],"curies":[{"name":"wp","href":"https:\/\/api.w.org\/{rel}","templated":true}]}}