{"id":4868,"date":"2013-11-19T16:56:44","date_gmt":"2013-11-20T00:56:44","guid":{"rendered":"http:\/\/toolkit.capta.org\/advocacy\/position-statements\/school-basedlinked-health-centers\/"},"modified":"2017-08-24T12:49:47","modified_gmt":"2017-08-24T19:49:47","slug":"school-basedlinked-health-centers","status":"publish","type":"page","link":"https:\/\/toolkit.capta.org\/es\/advocacy\/position-statements\/school-basedlinked-health-centers\/","title":{"rendered":"Centros de salud con sede o  vinculados a la escuela"},"content":{"rendered":"<p align=\"center\"><em>Adoptada en abril de 1987 \u2013 Revisada y considerada relevante en mayo de 2014 \u2013 Comisi\u00f3n de Salud<\/em><\/p>\n<p>La PTA de California apoya el concepto de centros de salud escolar con sede o vinculados a la escuela, pues cree que todos los ni\u00f1os y j\u00f3venes tienen derecho a la atenci\u00f3n de salud f\u00edsica y mental. La PTA considera que el derecho del individuo de tener acceso a los servicios m\u00e9dicos es esencial para crear buenos h\u00e1bitos de salud. Los centros de salud escolar con sede o vinculados a la escuela dan a los j\u00f3venes el acceso a los cuidados de la salud que de otra manera pueden no tener. La PTA reconoce que los adolescentes, como un grupo, son la poblaci\u00f3n menos servidos por asistencia m\u00e9dica. Estos centros deben reflejar su compromiso con la atenci\u00f3n a los problemas de salud que limitan la capacidad de aprendizaje del estudiante.<\/p>\n<p>La participaci\u00f3n de padres y los estudiantes debe ser una parte importante en la planificaci\u00f3n de cualquier centro de salud escolar con sede o vinculados a la escuela. La PTA adem\u00e1s cree que cualquier pol\u00edtica respecto de los centros de salud escolar con sede o vinculados a la escuela debe desarrollarse y ser supervisada por una junta asesora que incluya una participaci\u00f3n de amplia base de padres y estudiantes.<\/p>\n","protected":false},"excerpt":{"rendered":"<p>Adoptada en abril de 1987 \u2013 Revisada y considerada relevante en mayo de 2014 \u2013 Comisi\u00f3n de Salud La PTA de California apoya el concepto de centros de salud escolar con sede o vinculados a la escuela, pues cree que todos los ni\u00f1os y j\u00f3venes tienen derecho a la atenci\u00f3n de salud f\u00edsica y mental. [&hellip;]<\/p>\n","protected":false},"author":8,"featured_media":0,"parent":4492,"menu_order":0,"comment_status":"closed","ping_status":"closed","template":"","meta":{"footnotes":""},"class_list":["post-4868","page","type-page","status-publish","hentry","entry"],"_links":{"self":[{"href":"https:\/\/toolkit.capta.org\/es\/wp-json\/wp\/v2\/pages\/4868","targetHints":{"allow":["GET"]}}],"collection":[{"href":"https:\/\/toolkit.capta.org\/es\/wp-json\/wp\/v2\/pages"}],"about":[{"href":"https:\/\/toolkit.capta.org\/es\/wp-json\/wp\/v2\/types\/page"}],"author":[{"embeddable":true,"href":"https:\/\/toolkit.capta.org\/es\/wp-json\/wp\/v2\/users\/8"}],"replies":[{"embeddable":true,"href":"https:\/\/toolkit.capta.org\/es\/wp-json\/wp\/v2\/comments?post=4868"}],"version-history":[{"count":3,"href":"https:\/\/toolkit.capta.org\/es\/wp-json\/wp\/v2\/pages\/4868\/revisions"}],"predecessor-version":[{"id":8693,"href":"https:\/\/toolkit.capta.org\/es\/wp-json\/wp\/v2\/pages\/4868\/revisions\/8693"}],"up":[{"embeddable":true,"href":"https:\/\/toolkit.capta.org\/es\/wp-json\/wp\/v2\/pages\/4492"}],"wp:attachment":[{"href":"https:\/\/toolkit.capta.org\/es\/wp-json\/wp\/v2\/media?parent=4868"}],"curies":[{"name":"wp","href":"https:\/\/api.w.org\/{rel}","templated":true}]}}