{"id":4887,"date":"2013-11-19T17:01:48","date_gmt":"2013-11-20T01:01:48","guid":{"rendered":"http:\/\/toolkit.capta.org\/advocacy\/position-statements\/state-tax-reform\/"},"modified":"2020-08-03T13:20:04","modified_gmt":"2020-08-03T20:20:04","slug":"state-tax-reform","status":"publish","type":"page","link":"https:\/\/toolkit.capta.org\/es\/advocacy\/position-statements\/state-tax-reform\/","title":{"rendered":"Reforma tributaria estatal"},"content":{"rendered":"<p align=\"center\"><em>Adoptada en enero de 1970 \u2013 Revisada y considerada relevante en abril de 2015 \u2013 Revisado en Mayo 2020 \u2013 Comisi\u00f3n Legislativa<\/em><\/p>\n<p>PTA de California reconoce que para tomar decisiones atinadas sobre los asuntos tributarios del estado, todos los ciudadanos deber\u00edan comprender la estructura tributaria en general y la forma en que se generan y gastan los ingresos del estado.<\/p>\n<p>PTA de California considera que la estructura tributaria debe ser s\u00f3lida y amplia; que la generaci\u00f3n de ingresos y la distribuci\u00f3n de la carga tributaria deben ser justas y equitativas y, a la hora de asignar los fondos, la provisi\u00f3n adecuada para las necesidades de los ni\u00f1os y j\u00f3venes debe ser una prioridad.<\/p>\n<p>PTA de California considera que las pol\u00edticas tributarias deben incluir conceptos que:<\/p>\n<ul>\n<li>Establezcan y respeten la responsabilidad fiscal y la rendici\u00f3n de cuentas en el gobierno, incluyendo:<br \/>\n\u2013\u00a0 M\u00e9todos eficientes de recolecci\u00f3n, administraci\u00f3n y desembolso de las rentas tributarias.<br \/>\n\u2013\u00a0 Revisiones formales peri\u00f3dicas de los gastos e ingresos.<br \/>\n\u2013\u00a0 Control local m\u00e1ximo de los gastos en servicios locales cuando esto sea lo m\u00e1s beneficioso para los ni\u00f1os y j\u00f3venes.<\/li>\n<li>Provean suficientes ingresos anuales para financiar los servicios gubernamentales necesarios y deseables, incluyendo, entre otros:<br \/>\n\u2013\u00a0 La asignaci\u00f3n de fondos suficientes para ofrecer programas educativos de calidad en las escuelas p\u00fablicas, provenientes del Fondo Estatal General.<br \/>\n\u2013\u00a0 La asignaci\u00f3n de fondos adicionales a la educaci\u00f3n p\u00fablica, los cuales alcancen para satisfacer las necesidades b\u00e1sicas de salud y seguridad de los ni\u00f1os, los j\u00f3venes y las familias.<br \/>\n\u2013\u00a0 El financiamiento total de los servicios obligatorios.<\/li>\n<li>Establecer y mantener fuentes de ingresos, incluyendo nuevos o aumento de impuestos, cuidadosamente planificados y desarrollados para garantizar la equidad y satisfacer las necesidades de los ni\u00f1os y las familias.<\/li>\n<\/ul>\n<p>PTA de California considera, adem\u00e1s, que el control local y la responsabilidad de la generaci\u00f3n y el gasto de los fondos en los servicios locales deben ser fomentados y promovidos mediante un proceso democr\u00e1tico basado en el voto mayoritario del p\u00fablico en todos los temas.<\/p>\n","protected":false},"excerpt":{"rendered":"<p>Adoptada en enero de 1970 \u2013 Revisada y considerada relevante en abril de 2015 \u2013 Revisado en Mayo 2020 \u2013 Comisi\u00f3n Legislativa PTA de California reconoce que para tomar decisiones atinadas sobre los asuntos tributarios del estado, todos los ciudadanos deber\u00edan comprender la estructura tributaria en general y la forma en que se generan y [&hellip;]<\/p>\n","protected":false},"author":8,"featured_media":0,"parent":4492,"menu_order":0,"comment_status":"closed","ping_status":"closed","template":"","meta":{"footnotes":""},"class_list":["post-4887","page","type-page","status-publish","hentry","entry"],"_links":{"self":[{"href":"https:\/\/toolkit.capta.org\/es\/wp-json\/wp\/v2\/pages\/4887","targetHints":{"allow":["GET"]}}],"collection":[{"href":"https:\/\/toolkit.capta.org\/es\/wp-json\/wp\/v2\/pages"}],"about":[{"href":"https:\/\/toolkit.capta.org\/es\/wp-json\/wp\/v2\/types\/page"}],"author":[{"embeddable":true,"href":"https:\/\/toolkit.capta.org\/es\/wp-json\/wp\/v2\/users\/8"}],"replies":[{"embeddable":true,"href":"https:\/\/toolkit.capta.org\/es\/wp-json\/wp\/v2\/comments?post=4887"}],"version-history":[{"count":3,"href":"https:\/\/toolkit.capta.org\/es\/wp-json\/wp\/v2\/pages\/4887\/revisions"}],"predecessor-version":[{"id":10345,"href":"https:\/\/toolkit.capta.org\/es\/wp-json\/wp\/v2\/pages\/4887\/revisions\/10345"}],"up":[{"embeddable":true,"href":"https:\/\/toolkit.capta.org\/es\/wp-json\/wp\/v2\/pages\/4492"}],"wp:attachment":[{"href":"https:\/\/toolkit.capta.org\/es\/wp-json\/wp\/v2\/media?parent=4887"}],"curies":[{"name":"wp","href":"https:\/\/api.w.org\/{rel}","templated":true}]}}