{"id":4890,"date":"2013-11-19T17:02:35","date_gmt":"2013-11-20T01:02:35","guid":{"rendered":"http:\/\/toolkit.capta.org\/advocacy\/position-statements\/status-offenders\/"},"modified":"2021-11-16T10:50:41","modified_gmt":"2021-11-16T18:50:41","slug":"status-offenders","status":"publish","type":"page","link":"https:\/\/toolkit.capta.org\/es\/advocacy\/position-statements\/status-offenders\/","title":{"rendered":"Delincuentes habituales"},"content":{"rendered":"<p align=\"center\"><em><br \/>\nAdoptado en marzo de 1987 &#8211; Revisado y considerado relevante Mayo de 2016 &#8211; Revisado en febrero de 2021 &#8211; Comisi\u00f3n de Salud y Preocupaciones de la Comunidad<\/em><\/p>\n<p>Un delincuente de estatus (condici\u00f3n) es cualquier persona menor de 18 a\u00f1os que de manera persistente o habitual se niega a obedecer las \u00f3rdenes o instrucciones razonables y adecuadas de un padre o tutor, est\u00e1 fuera del control de un padre o tutor, o que es menor de 18 a\u00f1os al violar cualquier ordenanza de la ciudad\/condado o estatuto estatal que establece un toque de queda basado \u00fanicamente en la edad. Los delincuentes de estatus se rigen por la secci\u00f3n 601 del C\u00f3digo de Instituciones de Bienestar y Social de California.<\/p>\n<p>PTA de California reconoce que existe la necesidad de establecer programas comunitarios que ayuden a abordar el problema de los delincuentes habituales. Dichos programas deben incluir:<\/p>\n<ul>\n<li>La participaci\u00f3n familiar en el proceso de resoluci\u00f3n de problemas.<\/li>\n<li>La mediaci\u00f3n familiar en situaciones de crisis.<\/li>\n<li>Orientaci\u00f3n, capacitaci\u00f3n, experiencia laboral, educaci\u00f3n y participaci\u00f3n familiar.<\/li>\n<li>Cooperaci\u00f3n y coordinaci\u00f3n con las agencias policiales, agencias de servicio social e instituciones educativas.<\/li>\n<li>La remisi\u00f3n del joven o la joven a un lugar apartado del hogar cuando esto sea lo m\u00e1s beneficioso para \u00e9l o ella y su familia.<\/li>\n<li>La provisi\u00f3n de albergues seguros para alojar temporalmente a los j\u00f3venes mientras se contacta a las familias o a las agencias pertinentes.<\/li>\n<li>La PTA de California respalda firmemente a las juntas de revisi\u00f3n de la asistencia escolar y otras agencias sociales como encargadas de tratar los problemas del absentismo com\u00fan y el rechazo habitual o persistente a obedecer las \u00f3rdenes o instrucciones razonables y debidas de las autoridades escolares.<\/li>\n<\/ul>\n<p>PTA de California apoya la detenci\u00f3n segura ordenada por el tribunal de transgresores por razones de estatus solamente bajo las siguientes circunstancias:<\/p>\n<ul>\n<li>La detenci\u00f3n debe distinguirse y distanciarse de los delincuentes presuntos o sentenciados, as\u00ed como de los reos adultos.<\/li>\n<li>La detenci\u00f3n debe tener como fin:\n<ul>\n<li>Determinar si existe cualquier orden de detenci\u00f3n pendiente.<\/li>\n<li>Localizar a los padres de familia o tutores legales y coordinar el regreso al hogar o a la jurisdicci\u00f3n donde reside.<\/li>\n<li>Evitar que el menor se exponga al peligro.<\/li>\n<\/ul>\n<\/li>\n<li>PTA de California apoyar\u00e1 la detenci\u00f3n segura y ordenada por el tribunal de los delincuentes habituales \u00fanicamente bajo las siguientes circunstancias:<\/li>\n<li>La detenci\u00f3n debe distinguirse y distanciarse de los delincuentes presuntos o sentenciados, as\u00ed como de los reos adultos.<\/li>\n<li>La detenci\u00f3n debe ser determinada por el tribunal y se debe extender por un plazo m\u00ednimo que permita resolver la crisis.<\/li>\n<li>La detenci\u00f3n debe tener como fin hacer cumplir una orden del tribunal y proveer servicios que no estar\u00edan disponibles de no haber una detenci\u00f3n limitada y segura.<\/li>\n<\/ul>\n<p><em>\u2020 Un delincuente habitual es cualquier persona menor de 18 a\u00f1os que persistentemente o habitualmente se reh\u00fasa a obedecer las \u00f3rdenes e instrucciones razonables y pertinentes de su padre, madre o persona encargada, que est\u00e1 m\u00e1s all\u00e1 del control de \u00e9stos o que tiene menos de 18 a\u00f1os al infringir cualquier ordenanza de la ciudad o el condado o cualquier estatuto estatal que establezca una hora fija para llegar al hogar por razones de edad. Los delincuentes habituales se rigen por la secci\u00f3n 601 del C\u00f3digo de Bienestar e Instituciones del Estado de California.<\/em><\/p>\n","protected":false},"excerpt":{"rendered":"<p>Adoptado en marzo de 1987 &#8211; Revisado y considerado relevante Mayo de 2016 &#8211; Revisado en febrero de 2021 &#8211; Comisi\u00f3n de Salud y Preocupaciones de la Comunidad Un delincuente de estatus (condici\u00f3n) es cualquier persona menor de 18 a\u00f1os que de manera persistente o habitual se niega a obedecer las \u00f3rdenes o instrucciones razonables [&hellip;]<\/p>\n","protected":false},"author":8,"featured_media":0,"parent":4492,"menu_order":0,"comment_status":"closed","ping_status":"closed","template":"","meta":{"footnotes":""},"class_list":["post-4890","page","type-page","status-publish","hentry","entry"],"_links":{"self":[{"href":"https:\/\/toolkit.capta.org\/es\/wp-json\/wp\/v2\/pages\/4890","targetHints":{"allow":["GET"]}}],"collection":[{"href":"https:\/\/toolkit.capta.org\/es\/wp-json\/wp\/v2\/pages"}],"about":[{"href":"https:\/\/toolkit.capta.org\/es\/wp-json\/wp\/v2\/types\/page"}],"author":[{"embeddable":true,"href":"https:\/\/toolkit.capta.org\/es\/wp-json\/wp\/v2\/users\/8"}],"replies":[{"embeddable":true,"href":"https:\/\/toolkit.capta.org\/es\/wp-json\/wp\/v2\/comments?post=4890"}],"version-history":[{"count":3,"href":"https:\/\/toolkit.capta.org\/es\/wp-json\/wp\/v2\/pages\/4890\/revisions"}],"predecessor-version":[{"id":10702,"href":"https:\/\/toolkit.capta.org\/es\/wp-json\/wp\/v2\/pages\/4890\/revisions\/10702"}],"up":[{"embeddable":true,"href":"https:\/\/toolkit.capta.org\/es\/wp-json\/wp\/v2\/pages\/4492"}],"wp:attachment":[{"href":"https:\/\/toolkit.capta.org\/es\/wp-json\/wp\/v2\/media?parent=4890"}],"curies":[{"name":"wp","href":"https:\/\/api.w.org\/{rel}","templated":true}]}}