{"id":4898,"date":"2013-11-19T17:04:47","date_gmt":"2013-11-20T01:04:47","guid":{"rendered":"http:\/\/toolkit.capta.org\/advocacy\/position-statements\/teen-dating-violence-prevention\/"},"modified":"2024-03-27T14:05:23","modified_gmt":"2024-03-27T21:05:23","slug":"dating-violence-prevention","status":"publish","type":"page","link":"https:\/\/toolkit.capta.org\/es\/advocacy\/position-statements\/dating-violence-prevention\/","title":{"rendered":"Prevenci\u00f3n de la Violencia en el Noviazgo"},"content":{"rendered":"<p align=\"center\"><em>Adoptada en enero de 2013 \u2013 Revisado en Mayo 2020 \u2013 Comisi\u00f3n de Asuntos Comunitarios<\/em><\/p>\n<p>La PTA de California cree en la importancia de prevenir y eliminar los factores que pueden ser perjudiciales para la salud, la seguridad y el bienestar de todos los ni\u00f1os, j\u00f3venes y familias.<\/p>\n<p>La violencia en el noviazgo afecta a millones de j\u00f3venes en los EE. UU. cada a\u00f1o. Los datos de la Encuesta de Comportamiento de Riesgo Juvenil 2019 del Centro para el Control y la Prevenci\u00f3n de Enfermedades indican que:<\/p>\n<ul>\n<li>Casi 1 de cada 11 mujeres y aproximadamente 1 de cada 15 estudiantes masculinos de la preparatoria informan haber sufrido violencia f\u00edsica durante el \u00faltimo a\u00f1o.<\/li>\n<li>Aproximadamente 1 de cada 9 mujeres y 1 de cada 36 estudiantes masculinos de la preparatoria informan haber experimentado violencia sexual durante el \u00faltimo a\u00f1o.<\/li>\n<li>El 26% de las mujeres y el 15% de los hombres que fueron v\u00edctimas de violencia sexual por contacto, violencia f\u00edsica y\/o acoso por parte de una pareja \u00edntima en su vida experimentaron por primera vez estas u otras formas de violencia por parte de esa pareja antes de los 18 a\u00f1os.<\/li>\n<li>El problema violencia en el noviazgo no se comparte equitativamente entre todos los grupos: los grupos de minor\u00edas sexuales se ven afectados de manera desproporcionada por todas las formas de violencia, y algunos grupos minoritarios raciales\/\u00e9tnicos se ven afectados de manera desproporcionada por muchos tipos de violencia.<\/li>\n<li>En comparaci\u00f3n con otros estudiantes, las actitudes negativas hacia las personas LGBTQIA+ pueden poner a estos j\u00f3venes en mayor riesgo de sufrir experiencias de violencia. Seg\u00fan datos de la Encuesta nacional sobre el Comportamiento de Riesgo Juvenil (YRBS) de 2015, de los estudiantes LGB encuestados, el 23% de los estudiantes LGB que hab\u00edan salido o hab\u00edan salido con alguien durante los 12 meses anteriores a la encuesta hab\u00edan experimentado violencia sexual en el noviazgo en el a\u00f1o anterior.<\/li>\n<\/ul>\n<p>La violencia en una relaci\u00f3n de adolescentes es una se\u00f1al de posibles problemas en las relaciones futuras, incluyendo\u00a0 violencia con la pareja \u00edntima y la perpetraci\u00f3n y\/o victimizaci\u00f3n de violencia sexual a lo largo de la vida. Las relaciones no sanas, abusivas o violentas pueden tener graves consecuencias y efectos negativos a corto y largo plazo en un adolescente en desarrollo. Las relaciones no saludables, abusivas o violentas pueden tener consecuencias graves y efectos negativos a corto y largo plazo en un joven en desarrollo. Por ejemplo, seg\u00fan los Centros para el Control de Enfermedades, los j\u00f3venes que son v\u00edctimas de violencia en el noviazgo tienen m\u00e1s probabilidades de:<\/p>\n<ul>\n<li>Experimentar s\u00edntomas de depresi\u00f3n y ansiedad.<\/li>\n<li>Participar en comportamientos poco saludables, como el uso de tabaco, drogas y alcohol.<\/li>\n<li>Exhibir comportamientos antisociales, como mentir, robar, intimidar o golpear.<\/li>\n<li>Pensar en el suicidio<\/li>\n<\/ul>\n<p>La violencia en el noviazgo incluye cuatro tipos de comportamiento:<\/p>\n<ul>\n<li>La violencia f\u00edsica es cuando una persona lastima o trata de lastimar a una pareja al golpear, patear o usar otro tipo de fuerza f\u00edsica.<\/li>\n<li>La violencia sexual es forzar o intentar forzar a una pareja a participar en un acto sexual, contacto sexual o un evento sexual no f\u00edsico (por ejemplo, sexting) cuando la pareja no acepta o no puede consentir.<\/li>\n<li>La agresi\u00f3n psicol\u00f3gica es el uso de la comunicaci\u00f3n verbal y no verbal con la intenci\u00f3n de da\u00f1ar a otra persona mental o emocionalmente y\/o ejercer control sobre otra persona.<\/li>\n<li>El acoso es un patr\u00f3n repetido en busca de atenci\u00f3n y contacto no deseado por parte de una pareja que causa temor o preocupaci\u00f3n por la seguridad propia o la seguridad de alguien cercano a la v\u00edctima.<\/li>\n<\/ul>\n<p>Para proteger a los ni\u00f1os y j\u00f3venes de la violencia en el noviazgo, la PTA del Estado de California apoya la legislaci\u00f3n estatal que:<\/p>\n<ul>\n<li>Autoriza a los distritos escolares a proporcionar programas y pol\u00edticas educativas que promuevan relaciones saludables y prevengan la violencia en el noviazgo con los alumnos a trav\u00e9s de actividades curriculares, extracurriculares y de mejora del clima escolar apropiadas para la edad;<\/li>\n<li>Autoriza a los distritos escolares a trabajar en colaboraci\u00f3n con los padres, proveedores de cuidado, y j\u00f3venes, organizaciones de violencia dom\u00e9stica, asalto sexual u otras organizaciones comunitarias correspondientes, seg\u00fan se considere apropiado por el distrito escolar, para ofrecer estos programas de educaci\u00f3n;<\/li>\n<li>Autoriza a los distritos escolares que opten por brindar programas educativos que promuevan relaciones saludables y prevengan la violencia en el noviazgo a utilizar materiales basados en investigaciones que sean apropiados para alumnos de todas las razas, g\u00e9neros, orientaciones sexuales, identidades de g\u00e9nero y or\u00edgenes \u00e9tnicos y culturales, y para alumnos con discapacidades;<\/li>\n<li>Autoriza la capacitaci\u00f3n para todo el personal escolar, incluyendo a los guardias de seguridad o personal de polic\u00eda que trabaja en la escuela, sobre el abuso y asalto sexual, as\u00ed como la forma de c\u00f3mo manejar los reportes de abuso sexual, hacer que se implemente las pol\u00edticas de acoso sexual en las parejas de adolescentes en la escuela, y ejecuci\u00f3n de las \u00f3rdenes civiles o penales de protecci\u00f3n;<\/li>\n<li>Requiere que el Superintendente de Instrucci\u00f3n P\u00fablica proporcione informaci\u00f3n sobre programas educativos modelo que est\u00e1n dise\u00f1ados para promover relaciones saludables y prevenir la violencia en el noviazgo en el sitio web de Internet del Departamento de Educaci\u00f3n del Estado, como se especifica.<\/li>\n<\/ul>\n","protected":false},"excerpt":{"rendered":"<p>Adoptada en enero de 2013 \u2013 Revisado en Mayo 2020 \u2013 Comisi\u00f3n de Asuntos Comunitarios La PTA de California cree en la importancia de prevenir y eliminar los factores que pueden ser perjudiciales para la salud, la seguridad y el bienestar de todos los ni\u00f1os, j\u00f3venes y familias. La violencia en el noviazgo afecta a [&hellip;]<\/p>\n","protected":false},"author":8,"featured_media":0,"parent":4492,"menu_order":0,"comment_status":"closed","ping_status":"closed","template":"","meta":{"footnotes":""},"class_list":["post-4898","page","type-page","status-publish","hentry","entry"],"_links":{"self":[{"href":"https:\/\/toolkit.capta.org\/es\/wp-json\/wp\/v2\/pages\/4898","targetHints":{"allow":["GET"]}}],"collection":[{"href":"https:\/\/toolkit.capta.org\/es\/wp-json\/wp\/v2\/pages"}],"about":[{"href":"https:\/\/toolkit.capta.org\/es\/wp-json\/wp\/v2\/types\/page"}],"author":[{"embeddable":true,"href":"https:\/\/toolkit.capta.org\/es\/wp-json\/wp\/v2\/users\/8"}],"replies":[{"embeddable":true,"href":"https:\/\/toolkit.capta.org\/es\/wp-json\/wp\/v2\/comments?post=4898"}],"version-history":[{"count":3,"href":"https:\/\/toolkit.capta.org\/es\/wp-json\/wp\/v2\/pages\/4898\/revisions"}],"predecessor-version":[{"id":11193,"href":"https:\/\/toolkit.capta.org\/es\/wp-json\/wp\/v2\/pages\/4898\/revisions\/11193"}],"up":[{"embeddable":true,"href":"https:\/\/toolkit.capta.org\/es\/wp-json\/wp\/v2\/pages\/4492"}],"wp:attachment":[{"href":"https:\/\/toolkit.capta.org\/es\/wp-json\/wp\/v2\/media?parent=4898"}],"curies":[{"name":"wp","href":"https:\/\/api.w.org\/{rel}","templated":true}]}}