{"id":4901,"date":"2013-11-19T17:05:18","date_gmt":"2013-11-20T01:05:18","guid":{"rendered":"http:\/\/toolkit.capta.org\/advocacy\/position-statements\/television-programming\/"},"modified":"2017-10-31T11:58:40","modified_gmt":"2017-10-31T18:58:40","slug":"television-programming","status":"publish","type":"page","link":"https:\/\/toolkit.capta.org\/es\/advocacy\/position-statements\/television-programming\/","title":{"rendered":"Programaci\u00f3n televisiva"},"content":{"rendered":"<p align=\"center\"><em>Adoptada en noviembre de 1978 \u2013 Revisada y considerada relevante en marzo de 2009 \u2013 Comisi\u00f3n de Comunicaciones<\/em><\/p>\n<p>PTA de California respalda firmemente la Primera Enmienda y se opone y se seguir\u00e1 oponiendo a la censura gubernamental de los medios de comunicaci\u00f3n. Tambi\u00e9n se opondr\u00e1 a cualquier intento de censura por parte de cualquier organizaci\u00f3n o grupo.<\/p>\n<p>Sin embargo, PTA de California considera que la Primera Enmienda no fue dise\u00f1ada para proteger los intereses econ\u00f3micos de las emisoras y los anunciantes. Dado que la ley federal de comunicaciones exige que las emisoras de radio y televisi\u00f3n transmitan \u201cpara el beneficio, conveniencia y necesidad del p\u00fablico\u201d, y dado que la Ley de Televisi\u00f3n Infantil de 1990 (Ley P\u00fablica 101-437) exige que las estaciones transmitan programas que \u201crespondan a las necesidades educativas e informativas de la ni\u00f1ez\u201d y limita el n\u00famero de minutos publicitarios por hora en los programas infantiles, es responsabilidad de los due\u00f1os y los gerentes de las estaciones ofrecer una programaci\u00f3n que cumpla con estos criterios.<\/p>\n<p>Aunque los operadores y los programadores de televisi\u00f3n por cable (cadenas) est\u00e1n por lo general menos reglamentados, PTA de California apoya normas similares para la industria de la televisi\u00f3n por cable de modo que ofrezca voluntariamente una programaci\u00f3n responsable para ni\u00f1os.<\/p>\n<p>Los padres de familia deben comunicar a las emisoras, cadenas y anunciantes sus inquietudes sobre la programaci\u00f3n, e incentivarlos a proveer una programaci\u00f3n educativa responsable para ni\u00f1os y j\u00f3venes.<\/p>\n","protected":false},"excerpt":{"rendered":"<p>Adoptada en noviembre de 1978 \u2013 Revisada y considerada relevante en marzo de 2009 \u2013 Comisi\u00f3n de Comunicaciones PTA de California respalda firmemente la Primera Enmienda y se opone y se seguir\u00e1 oponiendo a la censura gubernamental de los medios de comunicaci\u00f3n. Tambi\u00e9n se opondr\u00e1 a cualquier intento de censura por parte de cualquier organizaci\u00f3n [&hellip;]<\/p>\n","protected":false},"author":8,"featured_media":0,"parent":4492,"menu_order":0,"comment_status":"closed","ping_status":"closed","template":"","meta":{"footnotes":""},"class_list":["post-4901","page","type-page","status-publish","hentry","entry"],"_links":{"self":[{"href":"https:\/\/toolkit.capta.org\/es\/wp-json\/wp\/v2\/pages\/4901","targetHints":{"allow":["GET"]}}],"collection":[{"href":"https:\/\/toolkit.capta.org\/es\/wp-json\/wp\/v2\/pages"}],"about":[{"href":"https:\/\/toolkit.capta.org\/es\/wp-json\/wp\/v2\/types\/page"}],"author":[{"embeddable":true,"href":"https:\/\/toolkit.capta.org\/es\/wp-json\/wp\/v2\/users\/8"}],"replies":[{"embeddable":true,"href":"https:\/\/toolkit.capta.org\/es\/wp-json\/wp\/v2\/comments?post=4901"}],"version-history":[{"count":2,"href":"https:\/\/toolkit.capta.org\/es\/wp-json\/wp\/v2\/pages\/4901\/revisions"}],"predecessor-version":[{"id":9080,"href":"https:\/\/toolkit.capta.org\/es\/wp-json\/wp\/v2\/pages\/4901\/revisions\/9080"}],"up":[{"embeddable":true,"href":"https:\/\/toolkit.capta.org\/es\/wp-json\/wp\/v2\/pages\/4492"}],"wp:attachment":[{"href":"https:\/\/toolkit.capta.org\/es\/wp-json\/wp\/v2\/media?parent=4901"}],"curies":[{"name":"wp","href":"https:\/\/api.w.org\/{rel}","templated":true}]}}