{"id":4903,"date":"2013-11-19T17:05:50","date_gmt":"2013-11-20T01:05:50","guid":{"rendered":"http:\/\/toolkit.capta.org\/advocacy\/position-statements\/toy-look-alike-guns\/"},"modified":"2025-06-24T12:11:59","modified_gmt":"2025-06-24T19:11:59","slug":"toy-look-alike-guns","status":"publish","type":"page","link":"https:\/\/toolkit.capta.org\/es\/advocacy\/position-statements\/toy-look-alike-guns\/","title":{"rendered":"Pistolas de juguete"},"content":{"rendered":"<p align=\"center\"><em>Adoptada en marzo de 1989 \u2013<\/em><em>Revisada y considerada relevante en agosto de 2023<\/em><\/p>\n<p>PTA de California considera que la seguridad y el bienestar de nuestros ni\u00f1os dependen de la existencia de leyes que los protejan, siempre que sea posible, de la muerte, accidentes graves y perjuicios.<\/p>\n<p>PTA de California est\u00e1 preocupada porque se han fabricado armas de juguete que asemejan ametralladoras, armas semiautom\u00e1ticas y rev\u00f3lveres, y expresa alarma por las muertes que han ocurrido cuando se han confundido las pistolas de juguete con pistolas reales y cuando las pistolas reales se confunden con pistolas de juguete.<\/p>\n<p>La regulaci\u00f3n federal requiere que las pistolas de juguete sean transparentes o tengan un color predominante elegido de una lista aprobada, tengan una banda naranja brillante en punta o un tap\u00f3n naranja en el extremo del ca\u00f1\u00f3n. Los estatutos estatales y locales de imitaci\u00f3n de armas de fuego generalmente definen arma de imitaci\u00f3n como: \u00abCualquier dispositivo u objeto hecho de pl\u00e1stico, madera, metal o cualquier otro material que se duplique sustancialmente o pueda percibirse razonablemente como un arma de fuego real, rifle de aire comprimido, pistola de perdigones o Arma \u00abBB\u00bb, excluyendo las r\u00e9plicas no disparadas de un arma de fuego antigua, cuyo original fue dise\u00f1ado, fabricado y producido antes de mil ochocientos noventa y ocho.<\/p>\n<p>PTA de California respalda:<\/p>\n<ul>\n<li>La prohibici\u00f3n imperante para la fabricaci\u00f3n y venta de pistolas de juguete semejantes a las reales, e insta a sus miembros a seguir atentos a la legislaci\u00f3n que podr\u00eda revocar o atenuar esta prohibici\u00f3n.<\/li>\n<\/ul>\n<p>PTA de California insta a:<\/p>\n<ul>\n<li>Las unidades, consejos y distritos de la PTA a participar en la educaci\u00f3n p\u00fablica en torno a esta prohibici\u00f3n y su importancia para la seguridad de nuestros ni\u00f1os.<\/li>\n<li>Las unidades, consejos y distritos de la PTA a supervisar las jugueter\u00edas locales para determinar si est\u00e1n cumpliendo con esta prohibici\u00f3n.<\/li>\n<\/ul>\n<p>https:\/\/www.govinfo.gov\/content\/pkg\/CFR-2014-title15-vol1\/xml\/CFR-2014-title15-vol1-part272.xml<\/p>\n","protected":false},"excerpt":{"rendered":"<p>Adoptada en marzo de 1989 \u2013Revisada y considerada relevante en agosto de 2023 PTA de California considera que la seguridad y el bienestar de nuestros ni\u00f1os dependen de la existencia de leyes que los protejan, siempre que sea posible, de la muerte, accidentes graves y perjuicios. PTA de California est\u00e1 preocupada porque se han fabricado [&hellip;]<\/p>\n","protected":false},"author":8,"featured_media":0,"parent":4492,"menu_order":0,"comment_status":"closed","ping_status":"closed","template":"","meta":{"footnotes":""},"class_list":["post-4903","page","type-page","status-publish","hentry","entry"],"_links":{"self":[{"href":"https:\/\/toolkit.capta.org\/es\/wp-json\/wp\/v2\/pages\/4903","targetHints":{"allow":["GET"]}}],"collection":[{"href":"https:\/\/toolkit.capta.org\/es\/wp-json\/wp\/v2\/pages"}],"about":[{"href":"https:\/\/toolkit.capta.org\/es\/wp-json\/wp\/v2\/types\/page"}],"author":[{"embeddable":true,"href":"https:\/\/toolkit.capta.org\/es\/wp-json\/wp\/v2\/users\/8"}],"replies":[{"embeddable":true,"href":"https:\/\/toolkit.capta.org\/es\/wp-json\/wp\/v2\/comments?post=4903"}],"version-history":[{"count":4,"href":"https:\/\/toolkit.capta.org\/es\/wp-json\/wp\/v2\/pages\/4903\/revisions"}],"predecessor-version":[{"id":11835,"href":"https:\/\/toolkit.capta.org\/es\/wp-json\/wp\/v2\/pages\/4903\/revisions\/11835"}],"up":[{"embeddable":true,"href":"https:\/\/toolkit.capta.org\/es\/wp-json\/wp\/v2\/pages\/4492"}],"wp:attachment":[{"href":"https:\/\/toolkit.capta.org\/es\/wp-json\/wp\/v2\/media?parent=4903"}],"curies":[{"name":"wp","href":"https:\/\/api.w.org\/{rel}","templated":true}]}}