{"id":4910,"date":"2013-11-19T17:06:59","date_gmt":"2013-11-20T01:06:59","guid":{"rendered":"http:\/\/toolkit.capta.org\/advocacy\/position-statements\/youth-involvement\/"},"modified":"2017-10-31T11:37:09","modified_gmt":"2017-10-31T18:37:09","slug":"youth-involvement","status":"publish","type":"page","link":"https:\/\/toolkit.capta.org\/es\/advocacy\/position-statements\/youth-involvement\/","title":{"rendered":"Participaci\u00f3n de los j\u00f3venes"},"content":{"rendered":"<p align=\"center\">Aprobada en marzo de 2005 \u2013 Revisada en octubre 2010 \u2013 Comit\u00e9 de Participaci\u00f3n de los J\u00f3venes<\/p>\n<p>PTA de California valora la participaci\u00f3n de los j\u00f3venes en alcanzar metas comunes y el apoyo a la misi\u00f3n de la PTA de California. PTA de California alienta a los j\u00f3venes a ser promotores, l\u00edderes comunitarios y adultos responsables. Adem\u00e1s, reconoce la visi\u00f3n, perspectiva y voz que los j\u00f3venes ofrecen.<\/p>\n<p>PTA de California valora la participaci\u00f3n de los estudiantes en la Junta de Gerentes e incluye a los estudiantes en sus comisiones y comit\u00e9s. PTA de California cree que la contribuci\u00f3n de los estudiantes ayuda a formar comunidades m\u00e1s fuertes y saludables.<\/p>\n<p>Las PTA apoyan las acciones para el desarrollo de la participaci\u00f3n de los j\u00f3venes a trav\u00e9s de:<\/p>\n<ul>\n<li>Pedir a los j\u00f3venes que compartan sus ideas acerca de las propuestas presupuestarias y de pol\u00edticas que los afectan;<\/li>\n<li>Ligar las oportunidades de participaci\u00f3n de los j\u00f3venes con los programas gubernamentales locales, escolares y estatales existentes que promueven el servicio c\u00edvico y comunitario voluntario;<\/li>\n<li>Alentar a los cuerpos legislativos en todos los niveles de gobierno para que incluyan a los j\u00f3venes de la localidad en su trabajo de formular pol\u00edticas;<\/li>\n<li>Alentar los programas escolares y comunitarios que provean oportunidades importantes para que los j\u00f3venes participen en la planificaci\u00f3n e implementaci\u00f3n;<\/li>\n<li>Imbuir en los j\u00f3venes el sentido de la responsabilidad c\u00edvica, civismo y liderazgo, a trav\u00e9s de la participaci\u00f3n activa.<\/li>\n<\/ul>\n<p>Las contribuciones de los j\u00f3venes al trabajar con adultos dar\u00e1n realce a los programas que sirven a los j\u00f3venes y fortalecer\u00e1n las comunidades.<\/p>\n","protected":false},"excerpt":{"rendered":"<p>Aprobada en marzo de 2005 \u2013 Revisada en octubre 2010 \u2013 Comit\u00e9 de Participaci\u00f3n de los J\u00f3venes PTA de California valora la participaci\u00f3n de los j\u00f3venes en alcanzar metas comunes y el apoyo a la misi\u00f3n de la PTA de California. PTA de California alienta a los j\u00f3venes a ser promotores, l\u00edderes comunitarios y adultos [&hellip;]<\/p>\n","protected":false},"author":8,"featured_media":0,"parent":4492,"menu_order":0,"comment_status":"closed","ping_status":"closed","template":"","meta":{"footnotes":""},"class_list":["post-4910","page","type-page","status-publish","hentry","entry"],"_links":{"self":[{"href":"https:\/\/toolkit.capta.org\/es\/wp-json\/wp\/v2\/pages\/4910","targetHints":{"allow":["GET"]}}],"collection":[{"href":"https:\/\/toolkit.capta.org\/es\/wp-json\/wp\/v2\/pages"}],"about":[{"href":"https:\/\/toolkit.capta.org\/es\/wp-json\/wp\/v2\/types\/page"}],"author":[{"embeddable":true,"href":"https:\/\/toolkit.capta.org\/es\/wp-json\/wp\/v2\/users\/8"}],"replies":[{"embeddable":true,"href":"https:\/\/toolkit.capta.org\/es\/wp-json\/wp\/v2\/comments?post=4910"}],"version-history":[{"count":2,"href":"https:\/\/toolkit.capta.org\/es\/wp-json\/wp\/v2\/pages\/4910\/revisions"}],"predecessor-version":[{"id":9069,"href":"https:\/\/toolkit.capta.org\/es\/wp-json\/wp\/v2\/pages\/4910\/revisions\/9069"}],"up":[{"embeddable":true,"href":"https:\/\/toolkit.capta.org\/es\/wp-json\/wp\/v2\/pages\/4492"}],"wp:attachment":[{"href":"https:\/\/toolkit.capta.org\/es\/wp-json\/wp\/v2\/media?parent=4910"}],"curies":[{"name":"wp","href":"https:\/\/api.w.org\/{rel}","templated":true}]}}