{"id":4978,"date":"2013-08-30T08:57:27","date_gmt":"2013-08-30T15:57:27","guid":{"rendered":"http:\/\/toolkit.capta.org\/running-your-pta\/meetings\/"},"modified":"2019-07-01T17:37:59","modified_gmt":"2019-07-02T00:37:59","slug":"meetings","status":"publish","type":"page","link":"https:\/\/toolkit.capta.org\/es\/running-your-pta\/meetings\/","title":{"rendered":"Reuniones"},"content":{"rendered":"<p>Crear actividades exitosas y administrar los asuntos necesarios de una PTA es un esfuerzo de colaboraci\u00f3n. Y, gran parte del trabajo involucrado se lleva a cabo en las reuniones de la unidad.<\/p>\n<p>Durante el t\u00e9rmino de la PTA, los miembros de la mesa directiva participan en tres tipos de reuniones:<\/p>\n<p><strong>Reuniones de la Mesa Directiva Ejecutiva<\/strong><\/p>\n<ul>\n<li>Asisten oficiales, presidentes de los comit\u00e9s permanentes, el representante de los maestros y el director o un representante como se describe en los Estatutos de la unidad<\/li>\n<li>Se supervisan y administran los asuntos de la PTA entre las reuniones de asociaci\u00f3n<\/li>\n<li>Programadas mensualmente y al menos dos semanas antes de cada reuni\u00f3n de la asociaci\u00f3n<\/li>\n<li>Administradas y dirigidas por el presidente<\/li>\n<\/ul>\n<p><strong>Reuniones de la Asociaci\u00f3n:<\/strong><\/p>\n<ul>\n<li>Asisten miembros de una unidad, miembros de la mesa directiva ejecutiva e invitados<\/li>\n<li>Se aprueban programas, eventos y gastos de una unidad<\/li>\n<li>Programadas varias veces al a\u00f1o en las fechas de reuni\u00f3n identificadas en los Estatutos de la unidad<\/li>\n<li>Administradas y dirigidas por el presidente<\/li>\n<\/ul>\n<p><strong>Reuniones del Comit\u00e9:<\/strong><\/p>\n<ul>\n<li>Asisten miembros del comit\u00e9 que son nombrados por el presidente<\/li>\n<li>Se planifican, promueven e implementan las actividades de la PTA.<\/li>\n<li>Se programan cuando sea necesario<\/li>\n<li>Administradas y dirigidas por el presidente del comit\u00e9<\/li>\n<\/ul>\n<p>En esta secci\u00f3n, encontrar\u00e1 consejos, herramientas y estrategias dise\u00f1adas para capacitar a los l\u00edderes\u00a0 nuevos y con experiencia de la PTA a participar y dirigir las reuniones de la PTA de manera m\u00e1s eficaz.<\/p>\n<p><a href=\"https:\/\/toolkit.capta.org\/es\/running-your-pta\/meetings\/executive-board-meetings\/\"><strong>Reuniones de la Mesa Directiva Ejecutiva<\/strong><\/a><\/p>\n<p style=\"text-align: left;\"><strong><a href=\"https:\/\/toolkit.capta.org\/es\/running-your-pta\/meetings\/association-meetings\/\">Reuniones de asociaci\u00f3n<\/a><\/strong><br \/>\n<a href=\"https:\/\/toolkit.capta.org\/es\/running-your-pta\/meetings\/program-planning\/\">Planeamiento de programas<\/a><br \/>\n<a href=\"https:\/\/toolkit.capta.org\/es\/running-your-pta\/meetings\/announcements-and-materials\/\">Anuncios y materiales<\/a><br \/>\n<a href=\"https:\/\/toolkit.capta.org\/es\/running-your-pta\/meetings\/conducting-pta-meetings\/\">Dirigiendo las reuniones de la PTA<\/a><br \/>\n<a href=\"https:\/\/toolkit.capta.org\/es\/running-your-pta\/meetings\/parliamentary-procedure\/\">Procedimiento parlamentario<\/a><br \/>\n<a href=\"https:\/\/toolkit.capta.org\/es\/running-your-pta\/meetings\/eight-steps-to-making-a-motion\/\">Pasos para presentar una moci\u00f3n<\/a><br \/>\n<a href=\"https:\/\/toolkit.capta.org\/es\/running-your-pta\/meetings\/amendments\/\">Enmiendas<\/a><br \/>\n<a href=\"https:\/\/toolkit.capta.org\/es\/running-your-pta\/meetings\/the-agenda\/\">La Agenda y Aviso de la Reuni\u00f3n<\/a><br \/>\n<a href=\"https:\/\/toolkit.capta.org\/es\/running-your-pta\/meetings\/evaluation\/\">Evaluaci\u00f3n<\/a><\/p>\n<p style=\"text-align: left;\"><strong><a href=\"https:\/\/toolkit.capta.org\/es\/running-your-pta\/meetings\/attending-convention\/\">Participaci\u00f3n en convencion y conferencias<\/a><br \/>\n<\/strong><a href=\"https:\/\/toolkit.capta.org\/es\/running-your-pta\/meetings\/state-convention\/\">Convenci\u00f3n estatal<\/a><br \/>\n<a href=\"http:\/\/toolkit.capta.org\/running-your-pta\/meetings\/national-convention\/\">La convenci\u00f3n de la PTA Nacional<\/a><br \/>\n<a href=\"https:\/\/toolkit.capta.org\/es\/running-your-pta\/meetings\/outside-conferences\/\">Conferencias fuera de la asociaci\u00f3n<\/a><\/p>\n<p><strong>Figura<\/strong><a href=\"http:\/\/toolkit.capta.org\/?s=sample+agenda\"><br \/>\n<\/a><a href=\"http:\/\/downloads.capta.org\/toolkit\/RunningYourPTA\/SpanSampleAgenda.pdf\">Muestra de Agenda de la PTA &#8211; Con Mociones y Frases Que Usar<\/a><a href=\"http:\/\/toolkit.capta.org\/?s=sample+agenda\"><br \/>\n<\/a><\/p>\n","protected":false},"excerpt":{"rendered":"<p>Crear actividades exitosas y administrar los asuntos necesarios de una PTA es un esfuerzo de colaboraci\u00f3n. Y, gran parte del trabajo involucrado se lleva a cabo en las reuniones de la unidad. Durante el t\u00e9rmino de la PTA, los miembros de la mesa directiva participan en tres tipos de reuniones: Reuniones de la Mesa Directiva [&hellip;]<\/p>\n","protected":false},"author":8,"featured_media":0,"parent":3073,"menu_order":0,"comment_status":"closed","ping_status":"closed","template":"","meta":{"footnotes":""},"class_list":["post-4978","page","type-page","status-publish","hentry","entry"],"_links":{"self":[{"href":"https:\/\/toolkit.capta.org\/es\/wp-json\/wp\/v2\/pages\/4978","targetHints":{"allow":["GET"]}}],"collection":[{"href":"https:\/\/toolkit.capta.org\/es\/wp-json\/wp\/v2\/pages"}],"about":[{"href":"https:\/\/toolkit.capta.org\/es\/wp-json\/wp\/v2\/types\/page"}],"author":[{"embeddable":true,"href":"https:\/\/toolkit.capta.org\/es\/wp-json\/wp\/v2\/users\/8"}],"replies":[{"embeddable":true,"href":"https:\/\/toolkit.capta.org\/es\/wp-json\/wp\/v2\/comments?post=4978"}],"version-history":[{"count":4,"href":"https:\/\/toolkit.capta.org\/es\/wp-json\/wp\/v2\/pages\/4978\/revisions"}],"predecessor-version":[{"id":10009,"href":"https:\/\/toolkit.capta.org\/es\/wp-json\/wp\/v2\/pages\/4978\/revisions\/10009"}],"up":[{"embeddable":true,"href":"https:\/\/toolkit.capta.org\/es\/wp-json\/wp\/v2\/pages\/3073"}],"wp:attachment":[{"href":"https:\/\/toolkit.capta.org\/es\/wp-json\/wp\/v2\/media?parent=4978"}],"curies":[{"name":"wp","href":"https:\/\/api.w.org\/{rel}","templated":true}]}}