{"id":4981,"date":"2013-08-30T08:58:17","date_gmt":"2013-08-30T15:58:17","guid":{"rendered":"http:\/\/toolkit.capta.org\/running-your-pta\/nominations-and-organization\/"},"modified":"2019-07-01T12:25:51","modified_gmt":"2019-07-01T19:25:51","slug":"nominations-and-elections","status":"publish","type":"page","link":"https:\/\/toolkit.capta.org\/es\/running-your-pta\/nominations-and-elections\/","title":{"rendered":"Nominaciones y elecciones"},"content":{"rendered":"<p>El comit\u00e9 de nominaciones juega un papel central en la vida de una PTA porque sus decisiones configuran el futuro de una unidad. Su enfoque principal es identificar posibles candidatos para los cargos electos en una mesa directiva de la PTA para el pr\u00f3ximo mandato.<\/p>\n<p>Es por eso que los miembros del comit\u00e9 de nominaciones deben reflejar la comunidad escolar, bas\u00e1ndose en miembros de diferentes vecindarios. Tambi\u00e9n es importante comprender la misi\u00f3n y las pol\u00edticas de la PTA, as\u00ed como el funcionamiento de esta.<\/p>\n<p>El director de la escuela, o un representante de la facultad designado por el director, si no es un miembro electo del comit\u00e9 de nominaciones, sirve como asesor.<\/p>\n<p>(Ver: <a href=\"http:\/\/downloads.capta.org\/toolkit\/RunningYourPTA\/R3_Lista-de-verificacion-del-comite-de-nominaciones-de-la-pta-consejos-rapidos.pdf\">Fig. R-3: Lista de verificaci\u00f3n del Comit\u00e9 de Nominaciones de la PTA &#8211; Consejos r\u00e1pidos<\/a>)<\/p>\n<p><a href=\"https:\/\/toolkit.capta.org\/es\/running-your-pta\/nominations-and-elections\/electing-the-nominating-committee\/\">Elecci\u00f3n del Comit\u00e9 de Nominaciones<\/a><a href=\"http:\/\/toolkit.capta.org\/running-your-pta\/nominations-and-organization\/electing-the-nominating-committee\/\"><strong><br \/>\n<\/strong><\/a><a href=\"https:\/\/toolkit.capta.org\/es\/running-your-pta\/nominations-and-elections\/selecting-nominees\/\">Selecci\u00f3n de los nominados<\/a><br \/>\n<a href=\"https:\/\/toolkit.capta.org\/es\/running-your-pta\/nominations-and-elections\/contacting-nominees\/\">Contactar a los candidatos<\/a><br \/>\n<a href=\"https:\/\/toolkit.capta.org\/es\/running-your-pta\/nominations-and-elections\/the-election\/\">La elecci\u00f3n<\/a><br \/>\n<a href=\"https:\/\/toolkit.capta.org\/es\/running-your-pta\/nominations-and-elections\/questions-and-answers\/\">Preguntas y respuestas<\/a><\/p>\n","protected":false},"excerpt":{"rendered":"<p>El comit\u00e9 de nominaciones juega un papel central en la vida de una PTA porque sus decisiones configuran el futuro de una unidad. Su enfoque principal es identificar posibles candidatos para los cargos electos en una mesa directiva de la PTA para el pr\u00f3ximo mandato. Es por eso que los miembros del comit\u00e9 de nominaciones [&hellip;]<\/p>\n","protected":false},"author":8,"featured_media":0,"parent":3073,"menu_order":0,"comment_status":"closed","ping_status":"closed","template":"","meta":{"footnotes":""},"class_list":["post-4981","page","type-page","status-publish","hentry","entry"],"_links":{"self":[{"href":"https:\/\/toolkit.capta.org\/es\/wp-json\/wp\/v2\/pages\/4981","targetHints":{"allow":["GET"]}}],"collection":[{"href":"https:\/\/toolkit.capta.org\/es\/wp-json\/wp\/v2\/pages"}],"about":[{"href":"https:\/\/toolkit.capta.org\/es\/wp-json\/wp\/v2\/types\/page"}],"author":[{"embeddable":true,"href":"https:\/\/toolkit.capta.org\/es\/wp-json\/wp\/v2\/users\/8"}],"replies":[{"embeddable":true,"href":"https:\/\/toolkit.capta.org\/es\/wp-json\/wp\/v2\/comments?post=4981"}],"version-history":[{"count":3,"href":"https:\/\/toolkit.capta.org\/es\/wp-json\/wp\/v2\/pages\/4981\/revisions"}],"predecessor-version":[{"id":9954,"href":"https:\/\/toolkit.capta.org\/es\/wp-json\/wp\/v2\/pages\/4981\/revisions\/9954"}],"up":[{"embeddable":true,"href":"https:\/\/toolkit.capta.org\/es\/wp-json\/wp\/v2\/pages\/3073"}],"wp:attachment":[{"href":"https:\/\/toolkit.capta.org\/es\/wp-json\/wp\/v2\/media?parent=4981"}],"curies":[{"name":"wp","href":"https:\/\/api.w.org\/{rel}","templated":true}]}}