{"id":4983,"date":"2013-09-23T16:18:37","date_gmt":"2013-09-23T23:18:37","guid":{"rendered":"http:\/\/toolkit.capta.org\/running-your-pta\/planning-organizing\/"},"modified":"2019-06-28T13:07:38","modified_gmt":"2019-06-28T20:07:38","slug":"planning-organizing","status":"publish","type":"page","link":"https:\/\/toolkit.capta.org\/es\/running-your-pta\/planning-organizing\/","title":{"rendered":"Planear y Organizar"},"content":{"rendered":"<p><a href=\"https:\/\/toolkit.capta.org\/es\/running-your-pta\/planning-organizing\/guide-to-executive-leadership\/\"><strong>Guia para el liderazgo ejecutivo<br \/>\n<\/strong><\/a><a href=\"https:\/\/toolkit.capta.org\/es\/running-your-pta\/planning-organizing\/executive-board\/\">Junta ejecutiva<\/a><br \/>\n<a href=\"https:\/\/toolkit.capta.org\/es\/running-your-pta\/planning-organizing\/brainstorming\/\">Lluvia de ideas<\/a><br \/>\n<a href=\"https:\/\/toolkit.capta.org\/es\/running-your-pta\/planning-organizing\/goal-setting\/\">Establecimiento de metas<\/a><br \/>\n<a href=\"https:\/\/toolkit.capta.org\/es\/running-your-pta\/planning-organizing\/procedure-book\/\">Libro de procedimientos<\/a><br \/>\n<a href=\"https:\/\/toolkit.capta.org\/es\/running-your-pta\/planning-organizing\/pta-records\/\">PTA Pol\u00edtica de retenci\u00f3n y destrucci\u00f3n de registros<\/a><br \/>\n<a href=\"https:\/\/toolkit.capta.org\/es\/running-your-pta\/planning-organizing\/responsibilities-of-officers-and-chairman\/\">Responsabilidades de los oficiales y Presidentes<\/a><br \/>\n<a href=\"https:\/\/toolkit.capta.org\/es\/running-your-pta\/planning-organizing\/recommended-officers-and-chairmen\/\">Oficiales y Presidentes que se Recomiendan<\/a><br \/>\n<a href=\"https:\/\/toolkit.capta.org\/es\/running-your-pta\/planning-organizing\/administrators-serving-as-officerscheck-signers\/\">Administradores que sirven como Oficiales\/Autorizados de Firmar Cheques<\/a><\/p>\n<p><a href=\"https:\/\/toolkit.capta.org\/es\/running-your-pta\/planning-organizing\/committee-development-and-guidelines\/\"><strong>Desarrollo de los comit\u00e9s y lineamientos<\/strong><\/a><br \/>\n<a href=\"https:\/\/toolkit.capta.org\/es\/running-your-pta\/planning-organizing\/committee-member-selection\/\">Seleci\u00f3n de los miembros del comit\u00e9<\/a><br \/>\n<a href=\"https:\/\/toolkit.capta.org\/es\/running-your-pta\/planning-organizing\/committee-meetings\/\">Reuniones del comit\u00e9<\/a><\/p>\n<p><strong><a href=\"https:\/\/toolkit.capta.org\/es\/running-your-pta\/planning-organizing\/delegating\/\">La delegaci\u00f3n<\/a><br \/>\n<\/strong><a href=\"https:\/\/toolkit.capta.org\/es\/running-your-pta\/planning-organizing\/tips-for-success\/\">Claves para el \u00e9xito<\/a><\/p>\n","protected":false},"excerpt":{"rendered":"<p>Guia para el liderazgo ejecutivo Junta ejecutiva Lluvia de ideas Establecimiento de metas Libro de procedimientos PTA Pol\u00edtica de retenci\u00f3n y destrucci\u00f3n de registros Responsabilidades de los oficiales y Presidentes Oficiales y Presidentes que se Recomiendan Administradores que sirven como Oficiales\/Autorizados de Firmar Cheques Desarrollo de los comit\u00e9s y lineamientos Seleci\u00f3n de los miembros del [&hellip;]<\/p>\n","protected":false},"author":8,"featured_media":0,"parent":3073,"menu_order":0,"comment_status":"closed","ping_status":"closed","template":"","meta":{"footnotes":""},"class_list":["post-4983","page","type-page","status-publish","hentry","entry"],"_links":{"self":[{"href":"https:\/\/toolkit.capta.org\/es\/wp-json\/wp\/v2\/pages\/4983","targetHints":{"allow":["GET"]}}],"collection":[{"href":"https:\/\/toolkit.capta.org\/es\/wp-json\/wp\/v2\/pages"}],"about":[{"href":"https:\/\/toolkit.capta.org\/es\/wp-json\/wp\/v2\/types\/page"}],"author":[{"embeddable":true,"href":"https:\/\/toolkit.capta.org\/es\/wp-json\/wp\/v2\/users\/8"}],"replies":[{"embeddable":true,"href":"https:\/\/toolkit.capta.org\/es\/wp-json\/wp\/v2\/comments?post=4983"}],"version-history":[{"count":4,"href":"https:\/\/toolkit.capta.org\/es\/wp-json\/wp\/v2\/pages\/4983\/revisions"}],"predecessor-version":[{"id":9938,"href":"https:\/\/toolkit.capta.org\/es\/wp-json\/wp\/v2\/pages\/4983\/revisions\/9938"}],"up":[{"embeddable":true,"href":"https:\/\/toolkit.capta.org\/es\/wp-json\/wp\/v2\/pages\/3073"}],"wp:attachment":[{"href":"https:\/\/toolkit.capta.org\/es\/wp-json\/wp\/v2\/media?parent=4983"}],"curies":[{"name":"wp","href":"https:\/\/api.w.org\/{rel}","templated":true}]}}