{"id":4986,"date":"2013-08-30T08:58:56","date_gmt":"2013-08-30T15:58:56","guid":{"rendered":"http:\/\/toolkit.capta.org\/running-your-pta\/bylaws\/"},"modified":"2025-06-24T12:46:12","modified_gmt":"2025-06-24T19:46:12","slug":"bylaws","status":"publish","type":"page","link":"https:\/\/toolkit.capta.org\/es\/running-your-pta\/bylaws\/","title":{"rendered":"Estatutos para las PTA en California"},"content":{"rendered":"<p>Los estatutos se crean con la idea de ayudar al grupo a funcionar de manera ordenada. El presidente debe asegurarse de que todos los funcionarios y miembros de la junta reciban una copia de los <em>Estatutos para unidades locales de la PTA\/PTSA<\/em> y los <a title=\"Bylaws of the CAPTA\" href=\"https:\/\/toolkit.capta.org\/es\/know-the-pta\/bylaws-of-the-california-state-pta\/\"><em>Estatutos de la PTA de California<\/em><\/a> al inicio del per\u00edodo de funciones. Cada miembro ser\u00e1 responsable de estudiar los estatutos minuciosamente. Siempre debe ofrecerse una copia de los estatutos a cualquier miembro de la asociaci\u00f3n que la solicitara.<\/p>\n<p>Si una unidad no localiza los estatutos, el presidente debe nombrar a un comit\u00e9 presidido por el parlamentario. Los estatutos est\u00e1ndares se pueden obtener en la oficina estatal por una tarifa nominal. Dicho documento ya est\u00e1 impreso con espacios en blanco para que la unidad los utilice seg\u00fan sus necesidades. No se aceptar\u00e1n copias impresas en computadora o digitadas de nuevo.<\/p>\n<p><a href=\"https:\/\/toolkit.capta.org\/es\/running-your-pta\/bylaws\/changing-bylaws\/\">Modificaciones a los estatutos<\/a><br \/>\n<a href=\"https:\/\/toolkit.capta.org\/es\/running-your-pta\/bylaws\/standing-rules\/\">Normas permanentes<\/a><br \/>\n<a href=\"https:\/\/toolkit.capta.org\/es\/running-your-pta\/bylaws\/conflict-management\/\">Trabajar en conjunto y como manejar los conflictos<\/a><br \/>\n<a href=\"https:\/\/toolkit.capta.org\/es\/running-your-pta\/bylaws\/changes-in-association-status\/\">Cambios al estatus de la asociaci\u00f3n<\/a><\/p>\n","protected":false},"excerpt":{"rendered":"<p>Los estatutos se crean con la idea de ayudar al grupo a funcionar de manera ordenada. El presidente debe asegurarse de que todos los funcionarios y miembros de la junta reciban una copia de los Estatutos para unidades locales de la PTA\/PTSA y los Estatutos de la PTA de California al inicio del per\u00edodo de [&hellip;]<\/p>\n","protected":false},"author":8,"featured_media":0,"parent":3073,"menu_order":0,"comment_status":"closed","ping_status":"closed","template":"","meta":{"footnotes":""},"class_list":["post-4986","page","type-page","status-publish","hentry","entry"],"_links":{"self":[{"href":"https:\/\/toolkit.capta.org\/es\/wp-json\/wp\/v2\/pages\/4986","targetHints":{"allow":["GET"]}}],"collection":[{"href":"https:\/\/toolkit.capta.org\/es\/wp-json\/wp\/v2\/pages"}],"about":[{"href":"https:\/\/toolkit.capta.org\/es\/wp-json\/wp\/v2\/types\/page"}],"author":[{"embeddable":true,"href":"https:\/\/toolkit.capta.org\/es\/wp-json\/wp\/v2\/users\/8"}],"replies":[{"embeddable":true,"href":"https:\/\/toolkit.capta.org\/es\/wp-json\/wp\/v2\/comments?post=4986"}],"version-history":[{"count":3,"href":"https:\/\/toolkit.capta.org\/es\/wp-json\/wp\/v2\/pages\/4986\/revisions"}],"predecessor-version":[{"id":11838,"href":"https:\/\/toolkit.capta.org\/es\/wp-json\/wp\/v2\/pages\/4986\/revisions\/11838"}],"up":[{"embeddable":true,"href":"https:\/\/toolkit.capta.org\/es\/wp-json\/wp\/v2\/pages\/3073"}],"wp:attachment":[{"href":"https:\/\/toolkit.capta.org\/es\/wp-json\/wp\/v2\/media?parent=4986"}],"curies":[{"name":"wp","href":"https:\/\/api.w.org\/{rel}","templated":true}]}}