{"id":4988,"date":"2013-08-30T09:00:09","date_gmt":"2013-08-30T16:00:09","guid":{"rendered":"http:\/\/toolkit.capta.org\/running-your-pta\/historian-report\/"},"modified":"2017-10-27T16:08:00","modified_gmt":"2017-10-27T23:08:00","slug":"historian-report","status":"publish","type":"page","link":"https:\/\/toolkit.capta.org\/es\/running-your-pta\/historian-report\/","title":{"rendered":"Informe de historiador"},"content":{"rendered":"<p>Cada PTA debe preparar un informe anual de historiador cuyo contenido es guardado y dirigido a la PTA de California. El dise\u00f1o y la distribuci\u00f3n de formularios para el informe anual historiador es responsabilidad de la PTA de California.<\/p>\n<p>Cada historiador, o alguien designado por el presidente, debe preparar el informe anual del historiador. Sin embargo, es responsabilidad del presidente velar que se complete el informe y se entregue en las fechas de entrega establecidas por la PTA de California. Contacte a su distrito o consejo de la PTA para las fechas de entrega del informe.<\/p>\n<p><strong>Formularios del informe anual de historiador de unidad<\/strong><\/p>\n<p>El <a href=\"http:\/\/downloads.capta.org\/toolkit\/formularios\/InformeAnualDelHistoriador_Unidad.pdf\">Formulario para el informe anual del historiador de unidad<\/a> (cap\u00edtulo de Formularios) incluye instrucciones que documentan la informaci\u00f3n pertinente, el total de horas voluntarias y una breve descripci\u00f3n sobre actividades exitosas de la PTA desde el 1 de julio y proyectadas hasta el 30 de junio del a\u00f1o siguiente. Las comisiones y comit\u00e9s de la PTA de California utilizan la informaci\u00f3n como gu\u00eda para revisar los programas, publicaciones, proyectos y entrenamientos de liderazgo. El n\u00famero de horas voluntarias se usan para crear conciencia entre los legisladores, la escuela y el personal de la comunidad.<\/p>\n<p>Las horas de voluntariado se deben contabilizar antes de que finalicen la mayor\u00eda de las escuelas o los per\u00edodos de la PTA, para que la oficina estatal pueda procesar la informaci\u00f3n. Se debe pedir a los voluntarios de la unidad y del consejo que hagan un estimado lo m\u00e1s certero posible del n\u00famero de horas que invertir\u00e1n en las actividades de la PTA hasta el 30 de junio.<\/p>\n<p>Todos los a\u00f1os, el informe del distrito de la PTA debe ser timbrado por el correo antes del 1 de junio. Los consejos y las unidades deben establecer fechas de entrega para que el distrito de la PTA reciba sus informes a tiempo y de manera que las horas puedan ser contabilizadas y se incluyan los totales en el informe del distrito de la PTA.<\/p>\n<p>El reporte de la PTA de distrito debe estar en la oficina de la PTA de California no m\u00e1s tarde del\u00a0 1 de junio cada a\u00f1o. Los consejos deben enviar al distrito de la PTA una copia de cada uno de los informes que la unidad le haya entregado, junto con el informe del consejo.<\/p>\n<p>Los consejos deben adjuntar una copia de cada reporte de unidad recibido y enviarlas a la PTA de distrito junto con el Reporte Anual de Historiador de Consejo. Las unidades fuera del distrito o fuera del consejo deben entregar sus informes a trav\u00e9s de los canales. Los distritos de las PTA deben enviar la informaci\u00f3n recopilada para cumplir con las fechas de entrega estatales y continuar recogiendo los informes de tantas unidades y consejos como les sea posible.<\/p>\n<p>Los formularios del informe anual historiador de consejo y de distrito de la PTA se pueden conseguir llamando al presidente del distrito de la PTA.<\/p>\n<div>\n<div class=\"spotlightbox\">\n<p><b>Para m\u00e1s informaci\u00f3n<\/b> sobre el Informe anual de historiador contacte al historiador de la PTA de California historian@capta.org o 916.440.1985 ext. 326<\/p>\n<\/div>\n<\/div>\n","protected":false},"excerpt":{"rendered":"<p>Cada PTA debe preparar un informe anual de historiador cuyo contenido es guardado y dirigido a la PTA de California. El dise\u00f1o y la distribuci\u00f3n de formularios para el informe anual historiador es responsabilidad de la PTA de California. Cada historiador, o alguien designado por el presidente, debe preparar el informe anual del historiador. Sin [&hellip;]<\/p>\n","protected":false},"author":8,"featured_media":0,"parent":3073,"menu_order":0,"comment_status":"closed","ping_status":"closed","template":"","meta":{"footnotes":""},"class_list":["post-4988","page","type-page","status-publish","hentry","entry"],"_links":{"self":[{"href":"https:\/\/toolkit.capta.org\/es\/wp-json\/wp\/v2\/pages\/4988","targetHints":{"allow":["GET"]}}],"collection":[{"href":"https:\/\/toolkit.capta.org\/es\/wp-json\/wp\/v2\/pages"}],"about":[{"href":"https:\/\/toolkit.capta.org\/es\/wp-json\/wp\/v2\/types\/page"}],"author":[{"embeddable":true,"href":"https:\/\/toolkit.capta.org\/es\/wp-json\/wp\/v2\/users\/8"}],"replies":[{"embeddable":true,"href":"https:\/\/toolkit.capta.org\/es\/wp-json\/wp\/v2\/comments?post=4988"}],"version-history":[{"count":2,"href":"https:\/\/toolkit.capta.org\/es\/wp-json\/wp\/v2\/pages\/4988\/revisions"}],"predecessor-version":[{"id":8947,"href":"https:\/\/toolkit.capta.org\/es\/wp-json\/wp\/v2\/pages\/4988\/revisions\/8947"}],"up":[{"embeddable":true,"href":"https:\/\/toolkit.capta.org\/es\/wp-json\/wp\/v2\/pages\/3073"}],"wp:attachment":[{"href":"https:\/\/toolkit.capta.org\/es\/wp-json\/wp\/v2\/media?parent=4988"}],"curies":[{"name":"wp","href":"https:\/\/api.w.org\/{rel}","templated":true}]}}