{"id":5031,"date":"2013-11-21T16:37:24","date_gmt":"2013-11-22T00:37:24","guid":{"rendered":"http:\/\/toolkit.capta.org\/job-descriptions\/additional-officerschairmen\/"},"modified":"2024-06-18T11:38:05","modified_gmt":"2024-06-18T18:38:05","slug":"additional-officerschairmen","status":"publish","type":"page","link":"https:\/\/toolkit.capta.org\/es\/job-descriptions\/additional-officerschairmen\/","title":{"rendered":"Directivos y presidentes complimentarios\/presidentes de comit\u00e9"},"content":{"rendered":"<ul>\n<li><a href=\"https:\/\/toolkit.capta.org\/es\/job-descriptions\/job-description-for-communications\/\">Comunicaciones<\/a><\/li>\n<li><a href=\"https:\/\/toolkit.capta.org\/es\/job-descriptions\/roomrepresentativecoordinator\/\">Coordinador de representantes del sal\u00f3n de clases<\/a><\/li>\n<li><a href=\"https:\/\/toolkit.capta.org\/es\/job-descriptions\/volunteercoordinator\/\">Coordinador de voluntarios<\/a><\/li>\n<li><a href=\"https:\/\/toolkit.capta.org\/es\/job-descriptions\/founders-day\/\">D\u00eda de los fundadores<\/a><\/li>\n<li><a href=\"https:\/\/toolkit.capta.org\/es\/job-descriptions\/studentinvolvementchairman\/\">Directivo de participaci\u00f3n estudiantil<\/a><\/li>\n<li><a href=\"https:\/\/toolkit.capta.org\/es\/job-descriptions\/legislative-advocacy-chairman\/\">Director de defensa legislativa<\/a><\/li>\n<li><a href=\"https:\/\/toolkit.capta.org\/es\/job-descriptions\/education-chairman\/\">Director de educaci\u00f3n<\/a><\/li>\n<li><a href=\"https:\/\/toolkit.capta.org\/es\/job-descriptions\/fundraising-chairman\/\">Director de recaudaci\u00f3n de fondos<\/a><\/li>\n<li><a href=\"https:\/\/toolkit.capta.org\/es\/job-descriptions\/outreach\/\">Extensi\u00f3n<\/a><\/li>\n<li><a href=\"https:\/\/toolkit.capta.org\/es\/job-descriptions\/graduation-prom-night\/\">Graduaci\u00f3n y baile de gala<\/a><\/li>\n<li><a href=\"https:\/\/toolkit.capta.org\/es\/job-descriptions\/historian\/\">Historiador<\/a><\/li>\n<li><a href=\"https:\/\/toolkit.capta.org\/es\/job-descriptions\/hospitality\/\">Hospitalidad<\/a><\/li>\n<li><a href=\"https:\/\/toolkit.capta.org\/es\/job-descriptions\/arts-education-chairman\/\">Jefe de educaci\u00f3n art\u00edstica<\/a><\/li>\n<li><a href=\"https:\/\/toolkit.capta.org\/es\/job-descriptions\/membership-chairman\/\">Jefe o vicepresidente de afiliaciones<\/a><\/li>\n<li><a href=\"https:\/\/toolkit.capta.org\/es\/job-descriptions\/local-unit-leader\/\">L\u00edder de unidad local<\/a><\/li>\n<li><a href=\"https:\/\/toolkit.capta.org\/es\/job-descriptions\/studentboardmember\/\">Miembro de la junta estudiantil<\/a><\/li>\n<li><a href=\"https:\/\/toolkit.capta.org\/es\/job-descriptions\/parliamentarian\/\">Parlamentario<\/a><\/li>\n<li><a href=\"https:\/\/toolkit.capta.org\/es\/job-descriptions\/parentengagement\/\">Participaci\u00f3n de padres de familia<\/a><\/li>\n<li><a href=\"https:\/\/toolkit.capta.org\/es\/job-descriptions\/honorary-service-award\/\">Premio honor\u00edfico al servicio<\/a><\/li>\n<li><a href=\"https:\/\/toolkit.capta.org\/es\/job-descriptions\/disaster-preparedness\/\">Preparaci\u00f3n para casos de desastres\/crisis<\/a><\/li>\n<li><a href=\"https:\/\/toolkit.capta.org\/es\/job-descriptions\/programchairman\/\">Presidente de programas<\/a><\/li>\n<li><a href=\"https:\/\/toolkit.capta.org\/es\/job-descriptions\/reflectionsprogram\/\">Programa de Reflexiones<\/a><\/li>\n<li><a href=\"https:\/\/toolkit.capta.org\/es\/job-descriptions\/roomrepresentativecoordinator\/\">Representante del sal\u00f3n de clases<\/a><\/li>\n<li><a href=\"https:\/\/toolkit.capta.org\/es\/job-descriptions\/resenadorfinanciero\/\">Rese\u00f1ador Financiero<\/a><\/li>\n<li><a href=\"https:\/\/toolkit.capta.org\/es\/job-descriptions\/financial-secretary\/\">Secretario financiero<\/a><\/li>\n<li><a href=\"https:\/\/toolkit.capta.org\/es\/job-descriptions\/safety\/\">Seguridad<\/a><\/li>\n<li><a href=\"https:\/\/toolkit.capta.org\/es\/job-descriptions\/health\/\">Servicios de salud<\/a><\/li>\n<li><a href=\"https:\/\/toolkit.capta.org\/es\/job-descriptions\/executive-vice-president\/\">Vicepresidente ejecutivo<\/a><\/li>\n<li><a href=\"https:\/\/toolkit.capta.org\/es\/job-descriptions\/volunteer\/\">Voluntarios<\/a><\/li>\n<\/ul>\n","protected":false},"excerpt":{"rendered":"<p>Comunicaciones Coordinador de representantes del sal\u00f3n de clases Coordinador de voluntarios D\u00eda de los fundadores Directivo de participaci\u00f3n estudiantil Director de defensa legislativa Director de educaci\u00f3n Director de recaudaci\u00f3n de fondos Extensi\u00f3n Graduaci\u00f3n y baile de gala Historiador Hospitalidad Jefe de educaci\u00f3n art\u00edstica Jefe o vicepresidente de afiliaciones L\u00edder de unidad local Miembro de la [&hellip;]<\/p>\n","protected":false},"author":8,"featured_media":0,"parent":4231,"menu_order":0,"comment_status":"closed","ping_status":"closed","template":"","meta":{"footnotes":""},"class_list":["post-5031","page","type-page","status-publish","hentry","entry"],"_links":{"self":[{"href":"https:\/\/toolkit.capta.org\/es\/wp-json\/wp\/v2\/pages\/5031","targetHints":{"allow":["GET"]}}],"collection":[{"href":"https:\/\/toolkit.capta.org\/es\/wp-json\/wp\/v2\/pages"}],"about":[{"href":"https:\/\/toolkit.capta.org\/es\/wp-json\/wp\/v2\/types\/page"}],"author":[{"embeddable":true,"href":"https:\/\/toolkit.capta.org\/es\/wp-json\/wp\/v2\/users\/8"}],"replies":[{"embeddable":true,"href":"https:\/\/toolkit.capta.org\/es\/wp-json\/wp\/v2\/comments?post=5031"}],"version-history":[{"count":4,"href":"https:\/\/toolkit.capta.org\/es\/wp-json\/wp\/v2\/pages\/5031\/revisions"}],"predecessor-version":[{"id":11307,"href":"https:\/\/toolkit.capta.org\/es\/wp-json\/wp\/v2\/pages\/5031\/revisions\/11307"}],"up":[{"embeddable":true,"href":"https:\/\/toolkit.capta.org\/es\/wp-json\/wp\/v2\/pages\/4231"}],"wp:attachment":[{"href":"https:\/\/toolkit.capta.org\/es\/wp-json\/wp\/v2\/media?parent=5031"}],"curies":[{"name":"wp","href":"https:\/\/api.w.org\/{rel}","templated":true}]}}