{"id":5099,"date":"2013-08-13T11:43:54","date_gmt":"2013-08-13T18:43:54","guid":{"rendered":"http:\/\/toolkit.capta.org\/job-descriptions\/historian\/"},"modified":"2025-06-24T15:25:30","modified_gmt":"2025-06-24T22:25:30","slug":"historian","status":"publish","type":"page","link":"https:\/\/toolkit.capta.org\/es\/job-descriptions\/historian\/","title":{"rendered":"Descripci\u00f3n de funciones para el historiador"},"content":{"rendered":"<p><a href=\"http:\/\/downloads.capta.org\/toolkit\/jd\/es\/Historiador.pdf\" target=\"_blank\" rel=\"noopener noreferrer\">Descargar para imprimir la Descripci\u00f3n de funciones para el historiador<\/a><\/p>\n<h3><strong>Funci\u00f3n principal \u2013 Historiador<\/strong><\/h3>\n<ul>\n<li>Guardar datos, reunir y conservar registro de las actividades y logros de la PTA<\/li>\n<li>Registrar las horas de servicio de los voluntarios en la reuniones y eventos de la PTA<\/li>\n<li>Completar y presentar el Informe Anual del Historiador de la Unidad de la PTA al consejo\/distrito de la PTA<\/li>\n<li>Hacer el Informe de Resumen del Historiador y archivar copies en los registros del Historiador, como se hace con las actas de las reuniones para siempre.<\/li>\n<li>Mostrar o presentar un breve resumen de la PTA de todo que ocurri\u00f3 durante el a\u00f1o acerca del final del a\u00f1o escolar<\/li>\n<\/ul>\n<h3>C\u00f3mo empezar<\/h3>\n<p><strong>Preparaci\u00f3n <\/strong>\u2013 Revisar el libro de procedimientos y otros materiales suministrados por el historiador anterior para obtener ideas de lo que se hizo y de lo que mejor funcion\u00f3 el t\u00e9rmino pasado.<\/p>\n<p><strong>Registrar las Horas de Servicio de los Voluntarios<\/strong> \u2013 Decidir el proceso de c\u00f3mo va registrar las horas de trabajo de los voluntarios en todas las reuniones y eventos de la PTA, puede usar una hoja de registro o hoja de c\u00e1lculo en Excel.<\/p>\n<p><strong>Formaci\u00f3n de la PTA <\/strong>\u2013 Asistir a talleres del consejo, distrito y la PTA de California para los historiadores para adquirir mejor conocimiento<\/p>\n<h3><strong>Preguntas frecuentes \u2013 Historiador<\/strong><\/h3>\n<p><strong>\u00bfPor qu\u00e9 los historiadores pueden registrar horas de servicio voluntario para una PTA?<br \/>\n<\/strong>Las horas de servicio de los voluntarios se registran y se reportan para que la PTA pueda mantener el estatus de exenci\u00f3n de impuestos federales. Como una organizaci\u00f3n no lucrativa 501(c)(3), la PTA debe recibir un 1\/3 (un tercio) de ayuda de parte del p\u00fablico general. Las horas registradas del servicio de los voluntarios son prueba de ello. Tambi\u00e9n se utilizan en la representaci\u00f3n de los ni\u00f1os y como informaci\u00f3n para aplicar a becas.<\/p>\n<p><strong>\u00bfQu\u00e9 puedo incluir como horas de servicio voluntario?<br \/>\n<\/strong>Incluir el tiempo dedicado por todos sus miembros a actividades relacionadas con el funcionamiento de su PTA. Esto incluye el tiempo como voluntariado dedicado a reuniones, preparaci\u00f3n, transportaci\u00f3n, eventos de la PTA, talleres y congreso. Una manera f\u00e1cil de recordar es, si la PTA le pide que lo haga, cuente las horas como horas de servicio voluntario de su PTA.<\/p>\n<p><strong>\u00bfC\u00f3mo puedo registrar las horas de trabajo voluntario?<br \/>\n<\/strong>Empiece a recopilar y contar todas horas sus miembros desde el comienzo del a\u00f1o de la PTA. Considerar usar una forma en la cual pueden firmar o una forma en cual puedan escribir el total de horas en los eventos de la PTA y reuniones para que todos puedan usarla y puedan reportar sus horas de servicio voluntario cada mes. Para cumplir con la fecha de vencimiento del Informe Anual del Historiador de la Unidad de la PTA a la PTA de su consejo\/ distrito, por lo general en abril\/mayo, recordar a sus miembros que hagan una proyecci\u00f3n de sus horas de servicio voluntario que podr\u00edan tener hasta el 30 de junio del a\u00f1o que se presenta el informe.<\/p>\n<div class=\"spotlightbox\">\n<p style=\"text-align: center;\"><strong>Exhibir su historia de la PTA<\/strong><\/p>\n<ul>\n<li>Tomar muchas fotos en los eventos de la PTA<\/li>\n<li>Configurar un tabl\u00f3n de anuncios para resaltar sus actividades de la PTA en el pasillo de la escuela o en la oficina<\/li>\n<li>Comparta su historia de la PTA en eventos tales como regreso a clases, comidas del personal y eventos comunitarios<\/li>\n<\/ul>\n<\/div>\n<p><strong>Para m\u00e1s informaci\u00f3n:<\/strong> <a title=\"CAPTA\" href=\"http:\/\/capta.org\/\">www.capta.org<\/a><\/p>\n","protected":false},"excerpt":{"rendered":"<p>Descargar para imprimir la Descripci\u00f3n de funciones para el historiador Funci\u00f3n principal \u2013 Historiador Guardar datos, reunir y conservar registro de las actividades y logros de la PTA Registrar las horas de servicio de los voluntarios en la reuniones y eventos de la PTA Completar y presentar el Informe Anual del Historiador de la Unidad [&hellip;]<\/p>\n","protected":false},"author":8,"featured_media":0,"parent":4231,"menu_order":0,"comment_status":"closed","ping_status":"closed","template":"","meta":{"footnotes":""},"class_list":["post-5099","page","type-page","status-publish","hentry","entry"],"_links":{"self":[{"href":"https:\/\/toolkit.capta.org\/es\/wp-json\/wp\/v2\/pages\/5099","targetHints":{"allow":["GET"]}}],"collection":[{"href":"https:\/\/toolkit.capta.org\/es\/wp-json\/wp\/v2\/pages"}],"about":[{"href":"https:\/\/toolkit.capta.org\/es\/wp-json\/wp\/v2\/types\/page"}],"author":[{"embeddable":true,"href":"https:\/\/toolkit.capta.org\/es\/wp-json\/wp\/v2\/users\/8"}],"replies":[{"embeddable":true,"href":"https:\/\/toolkit.capta.org\/es\/wp-json\/wp\/v2\/comments?post=5099"}],"version-history":[{"count":4,"href":"https:\/\/toolkit.capta.org\/es\/wp-json\/wp\/v2\/pages\/5099\/revisions"}],"predecessor-version":[{"id":11841,"href":"https:\/\/toolkit.capta.org\/es\/wp-json\/wp\/v2\/pages\/5099\/revisions\/11841"}],"up":[{"embeddable":true,"href":"https:\/\/toolkit.capta.org\/es\/wp-json\/wp\/v2\/pages\/4231"}],"wp:attachment":[{"href":"https:\/\/toolkit.capta.org\/es\/wp-json\/wp\/v2\/media?parent=5099"}],"curies":[{"name":"wp","href":"https:\/\/api.w.org\/{rel}","templated":true}]}}