{"id":5103,"date":"2013-08-13T12:08:36","date_gmt":"2013-08-13T19:08:36","guid":{"rendered":"http:\/\/toolkit.capta.org\/job-descriptions\/hospitality\/"},"modified":"2015-02-20T08:40:27","modified_gmt":"2015-02-20T16:40:27","slug":"hospitality","status":"publish","type":"page","link":"https:\/\/toolkit.capta.org\/es\/job-descriptions\/hospitality\/","title":{"rendered":"Descripci\u00f3n de funciones de hospitalidad"},"content":{"rendered":"<p><a href=\"http:\/\/downloads.capta.org\/toolkit\/jd\/es\/Hospitalidad.pdf\" target=\"_blank\">Descargar para imprimir la Descripci\u00f3n de funciones de hospitalidad<\/a><\/p>\n<h3><strong>Funci\u00f3n principal \u2013 Presidente de Hospitalidad<\/strong><\/h3>\n<ul>\n<li>Actuar como el anfitri\u00f3n oficial de la PTA creando un ambiente acogedor en las reuniones y eventos<\/li>\n<li>Trabajar con el comit\u00e9 y otros presidentes para organizar y proveer refrescos, alimentos, decoraciones, registro, personas que den la bien venida y el cuidado de ni\u00f1os para las reuniones y eventos de la PTA<\/li>\n<li>Mantener los suministros de hospitalidad y equipo y mantener un inventario actualizado de esto<\/li>\n<li>Presentar el presupuesto de hospitalidad para que sea aprobado en la reuni\u00f3n de la mesa directiva a principios del a\u00f1o de la PTA y supervisar el presupuesto autorizado<\/li>\n<li>Presentar informes de los planes de hospitalidad en las reuniones de mesa directiva para los pr\u00f3ximos eventos de la PTA<\/li>\n<\/ul>\n<h3><strong>Como empezar<\/strong><\/h3>\n<p><strong>Preparaci\u00f3n <\/strong>\u2013 Revisar el libro de procedimientos y otros materiales, como las actas de las reuniones suministradas por el presidente anterior para obtener ideas de lo que se hizo en hospitalidad y de lo que mejor funcion\u00f3 el t\u00e9rmino pasado.<\/p>\n<p><strong>Programar una reuni\u00f3n <\/strong>\u2013 A principios de a\u00f1o reunirse con el comit\u00e9 de hospitalidad para intercambiar ideas y hacer planes. Incluir a voluntarios nuevos y con experiencia al comit\u00e9 para compartir la planificaci\u00f3n, preparaci\u00f3n y el trabajo. Coordinar los esfuerzos con el coordinador de representantes de salones de clase y presidente del programa.<\/p>\n<p><strong>Revisar las P\u00f3lizas<\/strong> \u2013 Informarse bien acerca de las pol\u00edticas del distrito escolar sobre como servir comida en el plantel escolar, incluyendo los alimentos preparados en casa.<\/p>\n<p>Si est\u00e1 coordinando el cuidado de ni\u00f1os para las reuniones, aseg\u00farese de revisar las pol\u00edticas de la PTA en la <em>Carpeta de Recursos de la PTA de California<\/em> y tambi\u00e9n las pol\u00edticas del distrito escolar acerca del cuidado de ni\u00f1os.<\/p>\n<p>La PTA de California recomienda estrictamente que las unidades, los consejos y distritos de la PTA se abstengan de servir bebidas alcoh\u00f3licas en las actividades de la PTA. La PTA tambi\u00e9n no puede participar en la compra o venta de bebidas alcoh\u00f3licas (Ver: <em>La Gu\u00eda de Seguros y Prevenci\u00f3n de P\u00e9rdida de la PTA<\/em>)<\/p>\n<div class=\"spotlightbox\">\n<p style=\"text-align: center;\"><strong>Ley sobre Estadounidenses con Discapacidades <\/strong>(ADA por sus siglas en ingl\u00e9s)<\/p>\n<p>Como presidente de hospitalidad, tenga en cuenta que la Ley sobre Estadounidenses con Discapacidades (<em>Americans with Disabilities Act<\/em>) requiere que las personas con discapacidades deben ser acomodadas razonablemente modificando pol\u00edticas, cambios f\u00edsicos y obtener el equipo necesario para ayudar a su participaci\u00f3n en las actividades.<\/p>\n<p>Para reuniones y eventos de la PTA, esto podr\u00eda incluir:<\/p>\n<ul>\n<li>Asiento para un asistente que acompa\u00f1e a un miembro o asientos reservados en un lugar para dar cabida a las necesidades especiales de los miembros.<\/li>\n<li>Proporcionar folletos escritos para complementar la discusi\u00f3n<\/li>\n<li>Proveer lectores calificados o int\u00e9rpretes para individuos que tienen discapacidades auditiva o visual<\/li>\n<\/ul>\n<\/div>\n<h3><strong>Lo que debe hacer<\/strong><\/h3>\n<ul>\n<li>Asignar a voluntarios para tomen turnos y para que ayuden con la hospitalidad, la registraci\u00f3n, preparaci\u00f3n y limpieza de las instalaciones para las reuniones.<\/li>\n<li>Coordinar la compra, la preparaci\u00f3n y servir los refrescos, comida, suministros, preparar las hojas de registro, gafetes y las decoraciones para los eventos de la PTA.<\/li>\n<li>Llegar temprano a las reuniones para asegurarse de que el local est\u00e1 listo, que hay suficientes mesas y sillas para la Mesa Directiva, el p\u00fablico, presentadores y actividades. Revisar el equipo, los suministros y poner una mesa hospitalidad.<\/li>\n<li>Agradecer a los voluntarios, al personal de la cafeter\u00eda o de mantenimiento por ayudar con los arreglos y preparaci\u00f3n de la reuni\u00f3n.<\/li>\n<li>Asignar posiblemente a miembros de la mesa\/comit\u00e9 como anfitriones para las reuniones y para introducir a nuevos miembros a los dem\u00e1s para que se sientan bienvenidos.<\/li>\n<\/ul>\n<p>&nbsp;<\/p>\n","protected":false},"excerpt":{"rendered":"<p>Descargar para imprimir la Descripci\u00f3n de funciones de hospitalidad Funci\u00f3n principal \u2013 Presidente de Hospitalidad Actuar como el anfitri\u00f3n oficial de la PTA creando un ambiente acogedor en las reuniones y eventos Trabajar con el comit\u00e9 y otros presidentes para organizar y proveer refrescos, alimentos, decoraciones, registro, personas que den la bien venida y el [&hellip;]<\/p>\n","protected":false},"author":8,"featured_media":0,"parent":4231,"menu_order":0,"comment_status":"closed","ping_status":"closed","template":"","meta":{"footnotes":""},"class_list":["post-5103","page","type-page","status-publish","hentry","entry"],"_links":{"self":[{"href":"https:\/\/toolkit.capta.org\/es\/wp-json\/wp\/v2\/pages\/5103","targetHints":{"allow":["GET"]}}],"collection":[{"href":"https:\/\/toolkit.capta.org\/es\/wp-json\/wp\/v2\/pages"}],"about":[{"href":"https:\/\/toolkit.capta.org\/es\/wp-json\/wp\/v2\/types\/page"}],"author":[{"embeddable":true,"href":"https:\/\/toolkit.capta.org\/es\/wp-json\/wp\/v2\/users\/8"}],"replies":[{"embeddable":true,"href":"https:\/\/toolkit.capta.org\/es\/wp-json\/wp\/v2\/comments?post=5103"}],"version-history":[{"count":0,"href":"https:\/\/toolkit.capta.org\/es\/wp-json\/wp\/v2\/pages\/5103\/revisions"}],"up":[{"embeddable":true,"href":"https:\/\/toolkit.capta.org\/es\/wp-json\/wp\/v2\/pages\/4231"}],"wp:attachment":[{"href":"https:\/\/toolkit.capta.org\/es\/wp-json\/wp\/v2\/media?parent=5103"}],"curies":[{"name":"wp","href":"https:\/\/api.w.org\/{rel}","templated":true}]}}