{"id":5112,"date":"2013-08-13T16:47:07","date_gmt":"2013-08-13T23:47:07","guid":{"rendered":"http:\/\/toolkit.capta.org\/job-descriptions\/membership-chairman\/"},"modified":"2018-12-12T16:47:58","modified_gmt":"2018-12-13T00:47:58","slug":"membership-chairman","status":"publish","type":"page","link":"https:\/\/toolkit.capta.org\/es\/job-descriptions\/membership-chairman\/","title":{"rendered":"Descripci\u00f3n de funciones para el Jefe o vicepresidente de afiliaciones"},"content":{"rendered":"<p><a href=\"http:\/\/downloads.capta.org\/toolkit\/jd\/es\/JefeOVicepresidenteDeAfiliacion.pdf\" target=\"_blank\" rel=\"noopener\">Descargar para imprimir la Descripci\u00f3n de funciones para el Jefe o vicepresidente de afiliaciones<\/a><\/p>\n<p>El presidente\/vicepresidente de afiliaci\u00f3n de la PTA trabaja con el comit\u00e9 de la afiliaci\u00f3n para planificar la campa\u00f1a anual. El presidente\/vicepresidente de membres\u00eda es responsable de crear e implementar un plan de membres\u00eda, promover la membres\u00eda a lo largo del a\u00f1o, dar informes sobre la membres\u00eda en las reuniones de la junta y la asociaci\u00f3n de la PTA, cobrar cuotas y distribuir tarjetas de membres\u00eda.<\/p>\n<p>Obtener (del predecesor y presidente de la unidad) y estudiar el material relacionado con el desempe\u00f1o de las funciones de presidente\/vicepresidente de membres\u00eda:<\/p>\n<ul>\n<li>Los planes de campa\u00f1a de afiliaci\u00f3n de los a\u00f1os anteriores, incluyendo las metas, temas, calendarios, presupuestos, n\u00famero final del total de miembros, etc.<\/li>\n<\/ul>\n<p>Descargar del internet u obtener una copia de la Secci\u00f3n de Afiliaci\u00f3n de la <em>Carpeta de recursos<\/em> de la PTA de California para aprender los fundamentos de la afiliaci\u00f3n de la PTA, las responsabilidades, la planificaci\u00f3n de la campa\u00f1a y los recursos disponibles.<\/p>\n<p>Comunicarse con el consejo o distrito para obtener la informaci\u00f3n de los actuales miembros, fechas de vencimiento, incentivos y premios disponibles.<\/p>\n<ul>\n<li>Asistir al entrenamiento de capacitaci\u00f3n\u00a0 de la PTA dise\u00f1ada para presidentes\/vicepresidentes de afiliaci\u00f3n.<\/li>\n<\/ul>\n<p>Reunirse con el comit\u00e9 de miembros, designados por el presidente electo\u00a0 antes del inicio del a\u00f1o escolar. Trabajar en estrecha colaboraci\u00f3n con el director de la escuela, el presidente de la unidad y el comit\u00e9 de miembros de la afiliaci\u00f3n.<\/p>\n<ul>\n<li>El comit\u00e9 de miembros puede incluir: un director, tesorero, maestro, presidente de la hospitalidad, coordinador de relaciones p\u00fablicas\/publicidad, coordinador representante de los sal\u00f3n de clases\u00a0 y estudiantes (esencial en una PTA secundaria).<\/li>\n<\/ul>\n<h3>El plan de la afiliaci\u00f3n<\/h3>\n<p>Junto con el comit\u00e9 de miembros de la afiliaci\u00f3n:<\/p>\n<ul>\n<li>Establezca metas de membres\u00eda que sean posible de lograr en el a\u00f1o.<\/li>\n<li>Establezca un tema para su afiliaci\u00f3n, cuando sea necesario.<\/li>\n<li>Crear un calendario anual de eventos de la afiliaci\u00f3n. Incluir las fechas l\u00edmite establecidas por las PTAs de consejo y distrito para presentar las remesas, premios e incentivos.<\/li>\n<li>Prepare un presupuesto para apoyar sus proyectos y organizar eventos de la afiliaci\u00f3n.<\/li>\n<\/ul>\n<p>Un plan exitoso debe:<\/p>\n<ul>\n<li>Atraer a nuevos miembros y retener los anteriores;<\/li>\n<li>Incluir un elemento de participaci\u00f3n de los estudiantes, maestros y el personal en la campa\u00f1a.<\/li>\n<\/ul>\n<p>Proporciona recursos que apoyan a tener una campa\u00f1a de afiliaci\u00f3n exitosa.<\/p>\n<ul>\n<li>Los sobres de membres\u00eda est\u00e1n disponibles para recoger las cuotas de afiliaci\u00f3n. Comun\u00edquese con el consejo o distrito de la PTA para ordenar los sobres a bajo costo.<\/li>\n<li>Las tarjetas de membres\u00eda est\u00e1n disponibles para usted a trav\u00e9s de su consejo o distrito. No hay costo por las tarjetas de membres\u00eda. Desarrolle un plan para asegurar que cada miembro de su PTA reciba una tarjeta de membres\u00eda.<\/li>\n<\/ul>\n<p>Presentar el plan de la afiliaci\u00f3n a la mesa directiva ejecutiva para aprobaci\u00f3n.<\/p>\n<h3>Implementaci\u00f3n del plan de la afiliaci\u00f3n<\/h3>\n<ul>\n<li>Anunciar el plan de la afiliaci\u00f3n y el tema.<\/li>\n<li>Con el permiso de su director, incluya informaci\u00f3n sobre la afiliaci\u00f3n en el paquete del primer d\u00eda clases o en el del\u00a0 registro escolar.<\/li>\n<li>Pedirle al director que env\u00ede informaci\u00f3n sobre la membres\u00eda a la comunidad escolar, incluyendo enlaces para hacerse miembro.<\/li>\n<li>Crear un plan de lanzamiento de campa\u00f1a de membres\u00eda la cual debe incluir invitaciones para unirse, destacar los logros y beneficios de la PTA. Las invitaciones, con sobres de membres\u00eda, pueden enviarse a casa con los estudiantes si la administraci\u00f3n de la escuela lo aprueba. Traduzca las invitaciones seg\u00fan sea necesario. El plan de lanzamiento de la afiliaci\u00f3n tambi\u00e9n puede incluir un evento especial de lanzamiento.<\/li>\n<li>Pedir que todos los sobres, llenos o vac\u00edos sean devueltos, y reconocer a todos los alumnos por su esfuerzos.<\/li>\n<li>Utilizar un tema de afiliaci\u00f3n para crear invitaciones que sean visualmente atractivas para unirse a la PTA. Promover el tema a trav\u00e9s de eventos e incentivos.<\/li>\n<li>Distribuir invitaciones especiales para todos los maestros y el personal.<\/li>\n<li>Promover la afiliaci\u00f3n a la PTA a trav\u00e9s de los sitios de medios sociales, invitaciones por correo electr\u00f3nico, textos, etc.<\/li>\n<li>Incluir el enlace de unirse en todas las comunicaciones de correo electr\u00f3nico\/redes sociales.<\/li>\n<li>Incluir el c\u00f3digo QR en los carteles de Unirse a la PTA en la escuela y en los tableros de anuncios de la comunidad.<\/li>\n<li>Promover con regularidad la membres\u00eda en el PTA o bolet\u00edn de la escuela y el sitio web.<\/li>\n<li>Tener una mesa de exhibici\u00f3n de membres\u00eda de la\u00a0 PTA en eventos escolares y comunitarios.<\/li>\n<li>Hacer un paquete de bienvenida para las nuevas familias que llegan a su escuela durante el a\u00f1o. Incluir una invitaci\u00f3n para unirse y un calendario de eventos de la PTA.<\/li>\n<li>Invitar a los l\u00edderes anteriores de la PTA, administradores y maestros, miembros del personal escolar, ganadores del Premio Honorifico al Servicio, l\u00edderes comunitarios, empresas locales, oficiales electos, bibliotecarios, guardias de cruce, proveedores de programas despu\u00e9s de la jornada escolar regular\u2014\u00a1INVITE A TODOS A UNIRSE A LA PTA!<\/li>\n<li>Dar informe del progreso de que est\u00e1 teniendo la membres\u00eda en todas las reuniones de la PTA<\/li>\n<\/ul>\n<h3>C\u00f3mo recoger las cuotas de afiliaci\u00f3n<\/h3>\n<p>Determine el monto de las cuotas de su PTA, esto\u00a0 se encuentra en la normas de funcionamiento de la unidad local de su PTA. Ver <a href=\"https:\/\/toolkit.capta.org\/es\/membership\/membership-basics\/\">Cuotas de afiliaci\u00f3n<\/a>, en la <em>Carpeta de recursos<\/em> de la PTA de California.<\/p>\n<p><strong>Recaudaci\u00f3n de cuotas:<\/strong><\/p>\n<ul>\n<li>Trabajar con el director de su escuela para establecer el mejor proceso para colectar los sobres de las cuotas de membres\u00eda sin interrumpir la clase.<\/li>\n<li>Recoja los sobres de afiliaci\u00f3n sin demora. Los l\u00edderes de la PTA son responsables de las cuotas de afiliaci\u00f3n, no el personal de la escuela.<\/li>\n<li>Siga los procedimientos financieros de la\u00a0 PTA para contar y depositar dinero. Asigne al menos dos personas para abrir los sobres de afiliaci\u00f3n y contar las cuotas de afiliaci\u00f3n, uno de ellos debe ser un director financiero.<\/li>\n<li>Asegurar que las cuotas per c\u00e1pita se env\u00eden a trav\u00e9s de los canales apropiados de la PTA regularmente, y al menos una vez al mes.<\/li>\n<li>Las cuotas de membres\u00eda electr\u00f3nica son enviadas autom\u00e1ticamente<\/li>\n<\/ul>\n<h3>Distribuci\u00f3n de tarjetas de membres\u00eda<\/h3>\n<ul>\n<li>Las tarjetas de membres\u00eda pueden ser obtenidos del consejo o distrito. Tambi\u00e9n, puede solicitar m\u00e1s tarjetas de membres\u00eda, seg\u00fan sea necesario.<\/li>\n<li>Cada miembro debe recibir una tarjeta de membres\u00eda. Recuerde: un pago de cuota significa una tarjeta, una tarjeta significa un voto de asociaci\u00f3n.<\/li>\n<\/ul>\n<h3>Responsabilidades<\/h3>\n<ul>\n<li>Dar regularmente informes sobre la membres\u00eda en todas las reuniones de la PTA.<\/li>\n<li>Mantener una lista de los miembros, y ponerla al d\u00eda cuando se inscriban nuevos miembro. Dar copias al presidente y secretario\/a de la unidad.<\/li>\n<li>Promover los beneficios actuales para los miembros para que vean el valor de ser miembros de la PTA.<\/li>\n<li><strong>Hacer un esfuerzo para calificar y\/o aplicar a premios disponibles\u00a0 para reconocer y premiar a su PTA por los esfuerzos de afiliaci\u00f3n.<\/strong><\/li>\n<\/ul>\n","protected":false},"excerpt":{"rendered":"<p>Descargar para imprimir la Descripci\u00f3n de funciones para el Jefe o vicepresidente de afiliaciones El presidente\/vicepresidente de afiliaci\u00f3n de la PTA trabaja con el comit\u00e9 de la afiliaci\u00f3n para planificar la campa\u00f1a anual. El presidente\/vicepresidente de membres\u00eda es responsable de crear e implementar un plan de membres\u00eda, promover la membres\u00eda a lo largo del a\u00f1o, [&hellip;]<\/p>\n","protected":false},"author":8,"featured_media":0,"parent":4231,"menu_order":0,"comment_status":"closed","ping_status":"closed","template":"","meta":{"footnotes":""},"class_list":["post-5112","page","type-page","status-publish","hentry","entry"],"_links":{"self":[{"href":"https:\/\/toolkit.capta.org\/es\/wp-json\/wp\/v2\/pages\/5112","targetHints":{"allow":["GET"]}}],"collection":[{"href":"https:\/\/toolkit.capta.org\/es\/wp-json\/wp\/v2\/pages"}],"about":[{"href":"https:\/\/toolkit.capta.org\/es\/wp-json\/wp\/v2\/types\/page"}],"author":[{"embeddable":true,"href":"https:\/\/toolkit.capta.org\/es\/wp-json\/wp\/v2\/users\/8"}],"replies":[{"embeddable":true,"href":"https:\/\/toolkit.capta.org\/es\/wp-json\/wp\/v2\/comments?post=5112"}],"version-history":[{"count":3,"href":"https:\/\/toolkit.capta.org\/es\/wp-json\/wp\/v2\/pages\/5112\/revisions"}],"predecessor-version":[{"id":9667,"href":"https:\/\/toolkit.capta.org\/es\/wp-json\/wp\/v2\/pages\/5112\/revisions\/9667"}],"up":[{"embeddable":true,"href":"https:\/\/toolkit.capta.org\/es\/wp-json\/wp\/v2\/pages\/4231"}],"wp:attachment":[{"href":"https:\/\/toolkit.capta.org\/es\/wp-json\/wp\/v2\/media?parent=5112"}],"curies":[{"name":"wp","href":"https:\/\/api.w.org\/{rel}","templated":true}]}}