{"id":5120,"date":"2013-08-13T17:00:26","date_gmt":"2013-08-14T00:00:26","guid":{"rendered":"http:\/\/toolkit.capta.org\/job-descriptions\/parliamentarian\/"},"modified":"2020-07-17T16:16:50","modified_gmt":"2020-07-17T23:16:50","slug":"parliamentarian","status":"publish","type":"page","link":"https:\/\/toolkit.capta.org\/es\/job-descriptions\/parliamentarian\/","title":{"rendered":"Descripci\u00f3n de funciones para el parlamentario"},"content":{"rendered":"<p><a href=\"http:\/\/downloads.capta.org\/toolkit\/jd\/es\/Parlamentario.pdf\" target=\"_blank\" rel=\"noopener noreferrer\">Descargar para imprimir la Descripci\u00f3n de funciones para el parlamentario<\/a><\/p>\n<h3><strong>Funci\u00f3n principal \u2013 Parlamentario<\/strong><\/h3>\n<ul>\n<li>Asistir al presidente a dirigir las de reuniones y da asesoramiento sobre el procedimiento parlamentario<\/li>\n<li>Preside el comit\u00e9 de Estatutos para estudiar los estatutos de la unidad cada a\u00f1o y actualizar los estatutos cada cinco a\u00f1os<\/li>\n<li>Organizar la primera reuni\u00f3n del comit\u00e9 de nominaciones, proporcionando informaci\u00f3n sobre el proceso de nominaci\u00f3n y elecci\u00f3n<\/li>\n<li>Es elegible a todos los derechos y privilegios de membres\u00eda, incluyendo el derecho a hacer mociones, debatir y votar<\/li>\n<\/ul>\n<h3><strong>Para empezar<\/strong><\/h3>\n<p><strong>Preparaci\u00f3n<\/strong> \u2013 Para saber m\u00e1s sobre su nueva posici\u00f3n, revise los archivos t\u00e9rmino pasado, incluyendo las normas de funcionamiento de su unidad y las reglas permanentes. Tambi\u00e9n vale la pena hablar con el parlamentario anterior para obtener consejos y sugerencias sobre su nuevo papel.<\/p>\n<p>Visite PTA de California \u2013 <a href=\"http:\/\/www.capta.org\">www.capta.org<\/a> \u2013 y obtenga m\u00e1s informaci\u00f3n sobre:<\/p>\n<ul>\n<li>Recursos y plantillas de la PTA sobre los fundamentos parlamentarios para reuniones<\/li>\n<li>Proceso de revisi\u00f3n de las Normas de funcionamiento<\/li>\n<li>Programa gratuito de los <em>Estatutos Electr\u00f3nicos<\/em> en l\u00ednea para revisar y actualizar los estatutos de la unidad<\/li>\n<li>Las <em>Reglas de Orden de Robert Recientemente Actualizadas<\/em><\/li>\n<\/ul>\n<p><strong>Reuniones<\/strong> \u2013 Reunirse con el nuevo presidente para identificar maneras de c\u00f3mo trabajar juntos para hacer que las reuniones de mesa directiva y asociaci\u00f3n sean a\u00fan m\u00e1s efectivas.<\/p>\n<p>En la primera reuni\u00f3n de la junta, entregue copias de los Estatutos y rep\u00e1selos todos juntos. Esto ayuda a todos a aprender m\u00e1s sobre la PTA.<\/p>\n<p>Para que las reuniones del consejo se ejecuten sin problemas, proporcione informaci\u00f3n sobre conceptos b\u00e1sicos parlamentarios, tales y c\u00f3mo presentar una moci\u00f3n.<\/p>\n<p><strong>Tareas importantes<\/strong> \u2013 Comunicarse con la PTA del consejo\/distrito de la PTA para verificar que tiene una copia de sus Estatutos actuales en el archivo. Y recuerde actualizar el nombre de usuario y la contrase\u00f1a para acceder al <em>Programa de Estatutos Electr\u00f3nicos<\/em> de la PTA del Estado de California en l\u00ednea.<\/p>\n<h3><strong>Lo que debe hacer<\/strong><\/h3>\n<p>Los parlamentarios act\u00faan como facilitadores de las normas de funcionamiento, consultores para dirigir las reuniones y mentores para los miembros en el procedimiento parlamentario.<\/p>\n<p>\u00c9stos son algunos consejos pr\u00e1cticos para ayudarle a empezar.<\/p>\n<p><strong>Facilitador <\/strong>\u2013 Las Normas de funcionamiento son un documento legal de obligaci\u00f3n de su PTA como organizaci\u00f3n sin fines de lucro 501(c)(3). Proporcionan el marco b\u00e1sico de trabajo de su unidad y c\u00f3mo funciona.<\/p>\n<p>La informaci\u00f3n sobre su mesa directiva, comit\u00e9s, membres\u00eda, reuniones y elecciones est\u00e1 en las normas de funcionamiento.<\/p>\n<p>Tambi\u00e9n contiene detalles sobre las pol\u00edticas de la PTA y los procedimientos requeridos para las listas de la mesa directiva, los informes financieros, las auditor\u00edas, las cuotas y el proceso de revisi\u00f3n de las Normas de funcionamiento.<\/p>\n<p>Adem\u00e1s, el nombre legal de su unidad y los n\u00fameros de identificaci\u00f3n &#8211; emitidos por la PTA Nacional y Estatal, as\u00ed como por agencias gubernamentales Federales y Estatales para las declaraciones de impuestos &#8211; est\u00e1n enumeradas en las normas de funcionamiento.<\/p>\n<p>Como facilitador, est\u00e9 preparado para saber m\u00e1s acerca de c\u00f3mo las normas de funcionamiento le dan forma a su unidad y c\u00f3mo es que funciona como organizaci\u00f3n sin fines de lucro.<\/p>\n<p>Un buen primer paso a tomar es crear una gu\u00eda de referencia r\u00e1pida de las normas de funcionamiento para usar a lo largo del t\u00e9rmino.<\/p>\n<p><strong>Visite <\/strong>\u00a0www.capta.org, y descargue el recurso<em>, Leadership Made Easy (Lo Esencial de Liderazgo). <\/em>Aqu\u00ed encontrar\u00e1 la hoja de<em> Resumen de Informaci\u00f3n de los Estatutos de la Unidad: una p\u00e1gina para imprimir y completar los detalles de su PTA.<\/em><\/p>\n<p>Durante el a\u00f1o, usted tambi\u00e9n es responsable de dirigir las modificaciones de las normas de funcionamiento.<\/p>\n<p>Si se necesitan hacer cambios, p\u00eddale al presidente que designe un comit\u00e9 de normas de funcionamiento para preparar las normas de funcionamiento con los cambios hecho \u200b\u200by enviarlas al parlamentario de su PTA del consejo\/distrito. A su vez, \u00e9l o ella someter\u00e1n sus normas de funcionamiento a la PTA del Estado de California para sean aprobadas.<\/p>\n<p><strong>Consultor<\/strong> \u2013 Ayudar al presidente a dirigir bien las reuniones es otro aspecto de su nueva posici\u00f3n.<\/p>\n<p>Por ejemplo, si surge una pregunta sobre el procedimiento parlamentario, el presidente puede pedirle a usted su consejo antes de tomar una decisi\u00f3n. Es por eso que saber m\u00e1s acerca de las <em>Reglas de Orden de Robert<\/em> para los fundamentos parlamentarios ser\u00e1 \u00fatil.<\/p>\n<p>Comience bien el a\u00f1o y trabaje con la mesa directiva para establecer reglas b\u00e1sicas para las reuniones.<\/p>\n<p>Esto podr\u00eda incluir un acuerdo sobre cu\u00e1ntos pueden hablar a favor y en contra de una moci\u00f3n y cu\u00e1nto tiempo se permite a cada persona para que presente su punto. Si estas normas acordadas funcionan bien, considere agregarlas a las reglas permanentes de su unidad.<\/p>\n<p>Para que las reuniones se desarrollen sin problemas, recuerde a los participantes de enfocar la discusi\u00f3n en la agenda y orden del d\u00eda. Usted tambi\u00e9n puede ayudar a todos a mantenerse enfocados en el orden de la agenda del d\u00eda y de asegurar que las reuniones comiencen y terminen a tiempo.<\/p>\n<p>Y recuerde mantener una lista de la personas que van a hablar para que el presidente la use cuando la gente levante la mano que \u00e9l las mencione por nombre. De esta manera todos tienen la misma oportunidad de ser escuchados.<\/p>\n<p><strong>Mentor <\/strong>\u2013 Los miembros suelen confiar en el parlamentario para aclarar c\u00f3mo se llevan a cabo las reuniones y c\u00f3mo participar para lograr las metas y objetivos principales de su PTA.<\/p>\n<p><strong>Tome medidas preventivas<\/strong> <strong>para<\/strong> aumentar la conciencia de c\u00f3mo el procedimiento parlamentario es una forma confiable de organizar reuniones. Esto incluye entender las cinco \u00abreglas b\u00e1sicas del juego\u00bb:<\/p>\n<ul>\n<li>Orden &#8211; un asunto a la vez<\/li>\n<li>Igualdad de oportunidades &#8211; Oportunidad de participar<\/li>\n<li>Justicia &#8211; Igualdad | Todos entienden<\/li>\n<li>Derecho de Minor\u00eda &#8211; Ser escuchado<\/li>\n<li>Derecho de Mayor\u00eda &#8211; De Decidir<\/li>\n<\/ul>\n<p>Para explicar los fundamentos, de en las reuniones una mini-formaci\u00f3n o folletos sobre las mociones, el voto y las reglas de debate. Para un tener un alcance m\u00e1s amplio, publique estos consejos en su sitio web de la PTA, las normas de funcionamiento electr\u00f3nicas, noticias en l\u00ednea o medios sociales.<\/p>\n<p>Tambi\u00e9n pude ser mentor del comit\u00e9 de nominaciones. Esto incluye programar su primera reuni\u00f3n y conducir una elecci\u00f3n para elegir a un presidente.<\/p>\n<p>Para comenzar, proporcione informaci\u00f3n de sus normas de funcionamiento sobre los procedimientos de nominaci\u00f3n y elecci\u00f3n. T\u00f3mese el tiempo para explicar qu\u00e9 plazas hay vacantes y qui\u00e9n es elegible para servir en la mesa directiva para el pr\u00f3ximo t\u00e9rmino.<\/p>\n<p><strong>\u00bfSab\u00eda usted que? \u2026 Los miembros de la mesa directiva:<\/strong><\/p>\n<ul>\n<li>Acatan los procedimientos financieros de la PTA tal y como se describe en los normas de funcionamiento y las directrices estatales y nacionales de la PTA<\/li>\n<li>Protegen la privacidad de los miembros utilizando la informaci\u00f3n de los miembros \u00fanicamente para el trabajo de la PTA<\/li>\n<li>Asisten a talleres o capacitaciones patrocinados por la PTA<\/li>\n<li>Mantienen un libro de procedimientos actual para pasar a un sucesor, en copia impresa o en formato electr\u00f3nico.<\/li>\n<li>Trabajan juntos como equipo para mejorar la vida de todos los ni\u00f1os y sus familias<\/li>\n<\/ul>\n<h3><strong>Otra informaci\u00f3n \u00fatil<\/strong><\/h3>\n<p><strong>Recursos:<\/strong><\/p>\n<p><strong>PTA del Estado de California \u2013 <\/strong><a href=\"http:\/\/www.capta.org\"><strong>www.capta.org<\/strong><\/a><\/p>\n<ul>\n<li><em>Secci\u00f3n L\u00edderes de la PTA y mas<\/em><\/li>\n<li><em>Carpeta de Recursos de la PTA del Estado de California <\/em><\/li>\n<li><em>Dirigir su PTA Es F\u00e1cil<\/em><\/li>\n<li><em>Gu\u00eda de Seguros<\/em> &#8211; Tambi\u00e9n se env\u00eda anualmente a los presidentes de la PTA<\/li>\n<\/ul>\n<p>Servicios en L\u00ednea:<\/p>\n<ul>\n<li><em>Sistema de Informaci\u00f3n de los Oficiales<\/em> \u2013Para ingresar la informaci\u00f3n de los miembros de la directiva y del consejo y generar informes \u00fatiles<\/li>\n<li>Normas de Funcionamiento Electr\u00f3nicas (e-Bylaws) \u2013 Para revisar y actualizar las normas de funcionamiento de la PTA<\/li>\n<li>Centro de Apoyo para la Declaraci\u00f3n de Impuestos \u2013 Para ayudar a las unidades a cumplir con los requisitos de informes federales y estatales<\/li>\n<li>MyPTEZ \u2013 Para manejar las necesidades de contabilidad de la PTA y generar informes financieros<\/li>\n<li>TOTEM &#8211; SISTEMA DE MEMBRES\u00cdA ELECTR\u00d3NICA &#8211; Para unirse y renovar la membres\u00eda y para que las PTAS administren la membres\u00eda<\/li>\n<\/ul>\n<p><strong>PTA Nacional \u2013 <\/strong><a href=\"http:\/\/www.pta.org\"><strong>www.pta.org<\/strong><\/a><\/p>\n<ul>\n<li>Ejecute la pesta\u00f1a de su PTA y m\u00e1s<\/li>\n<li>Talleres de Aprendizaje en L\u00ednea (E-Learning)<\/li>\n<li>Blog de una voz<\/li>\n<\/ul>\n","protected":false},"excerpt":{"rendered":"<p>Descargar para imprimir la Descripci\u00f3n de funciones para el parlamentario Funci\u00f3n principal \u2013 Parlamentario Asistir al presidente a dirigir las de reuniones y da asesoramiento sobre el procedimiento parlamentario Preside el comit\u00e9 de Estatutos para estudiar los estatutos de la unidad cada a\u00f1o y actualizar los estatutos cada cinco a\u00f1os Organizar la primera reuni\u00f3n del [&hellip;]<\/p>\n","protected":false},"author":8,"featured_media":0,"parent":4231,"menu_order":0,"comment_status":"closed","ping_status":"closed","template":"","meta":{"footnotes":""},"class_list":["post-5120","page","type-page","status-publish","hentry","entry"],"_links":{"self":[{"href":"https:\/\/toolkit.capta.org\/es\/wp-json\/wp\/v2\/pages\/5120","targetHints":{"allow":["GET"]}}],"collection":[{"href":"https:\/\/toolkit.capta.org\/es\/wp-json\/wp\/v2\/pages"}],"about":[{"href":"https:\/\/toolkit.capta.org\/es\/wp-json\/wp\/v2\/types\/page"}],"author":[{"embeddable":true,"href":"https:\/\/toolkit.capta.org\/es\/wp-json\/wp\/v2\/users\/8"}],"replies":[{"embeddable":true,"href":"https:\/\/toolkit.capta.org\/es\/wp-json\/wp\/v2\/comments?post=5120"}],"version-history":[{"count":4,"href":"https:\/\/toolkit.capta.org\/es\/wp-json\/wp\/v2\/pages\/5120\/revisions"}],"predecessor-version":[{"id":10267,"href":"https:\/\/toolkit.capta.org\/es\/wp-json\/wp\/v2\/pages\/5120\/revisions\/10267"}],"up":[{"embeddable":true,"href":"https:\/\/toolkit.capta.org\/es\/wp-json\/wp\/v2\/pages\/4231"}],"wp:attachment":[{"href":"https:\/\/toolkit.capta.org\/es\/wp-json\/wp\/v2\/media?parent=5120"}],"curies":[{"name":"wp","href":"https:\/\/api.w.org\/{rel}","templated":true}]}}