{"id":5129,"date":"2013-08-13T16:31:37","date_gmt":"2013-08-13T23:31:37","guid":{"rendered":"http:\/\/toolkit.capta.org\/job-descriptions\/honorary-service-award\/"},"modified":"2015-10-21T16:34:06","modified_gmt":"2015-10-21T23:34:06","slug":"honorary-service-award","status":"publish","type":"page","link":"https:\/\/toolkit.capta.org\/es\/job-descriptions\/honorary-service-award\/","title":{"rendered":"Descripci\u00f3n de funciones para premio honor\u00edfico al servicio"},"content":{"rendered":"<p><a href=\"http:\/\/downloads.capta.org\/toolkit\/jd\/es\/PremioHonorificoAlServicio.pdf\" target=\"_blank\">Descargar para imprimir la Descripci\u00f3n de funciones para premio honor\u00edfico al servicio<\/a><\/p>\n<p>El programa de Premios Honor\u00edficos al Servicio (HSA, por sus siglas en ingl\u00e9s) promueve que las unidades PTA o PTSA, los consejos, los distritos y la PTA de California hagan un homenaje a los individuos o grupos, mediante donaciones al fondo econ\u00f3mico del programa HSA de la PTA de California.<\/p>\n<h3>Metas<\/h3>\n<ul>\n<li>Reconocer el m\u00e9rito de la los voluntarios de la PTA\/PTSA, la comunidad y la escuela, por su destacado servicio en favor de los ni\u00f1os y la juventud.<\/li>\n<li>Proveer recursos econ\u00f3micos para programas de becas, como se indica en la <em>Carpeta de recursos<\/em> de la PTA de California.<\/li>\n<\/ul>\n<h3>Responsabilidades<\/h3>\n<p>El presidente de la unidad de HSA, junto con un comit\u00e9 designado por el presidente, deber\u00e1:<\/p>\n<ul>\n<li>Estudiar los diferentes tipos de homenajes, los montos de la donaci\u00f3n y los criterios para seleccionar a los galardonados con reconocimientos espec\u00edficos.<\/li>\n<li>Divulgar a los afiliados que el comit\u00e9 de selecci\u00f3n de HSA se reunir\u00e1 y pedir\u00e1n sugerencias de posibles galardonados. (Se puede distribuir un volante solicitando nombres e informaci\u00f3n).<\/li>\n<li>Reunirse con el prop\u00f3sito espec\u00edfico de seleccionar a los galardonados. Todos los procedimientos se deben mantener confidenciales. Se deben acatar las asignaciones presupuestarias.<\/li>\n<li>Solicitar premios espec\u00edficos, utilizando los formularios de la <em>Carpeta de recursos<\/em> de la PTA de California (<a href=\"https:\/\/toolkit.capta.org\/es\/forms\/award-forms\/\" target=\"_blank\">Formularios<\/a>). Al mismo tiempo se pueden solicitar los broches. (Dar un tiempo de cuatro a seis semanas para la entrega).<\/li>\n<li>Coordinar la presentaci\u00f3n de los premios en una reuni\u00f3n, seg\u00fan determine la junta ejecutiva y el comit\u00e9 de programas (por ejemplo, en una reuni\u00f3n del programa del D\u00eda de los Fundadores o durante un almuerzo de final de per\u00edodo).<\/li>\n<li>Desarrollar una forma creativa de presentar el premio o los premios, por ejemplo mediante un poema, una representaci\u00f3n teatral o alguna otra forma original de exaltar los logros de los galardonados. Asegurarse de mencionar que la donaci\u00f3n hecha al programa de becas de la PTA de California, en nombre de cada uno de los galardonados, contribuye con la educaci\u00f3n de otros individuos.<\/li>\n<li>Haga arreglos para que las familias y amigos de los premiados asistan a la entrega.<\/li>\n<li>Entregar una copia de la presentaci\u00f3n biogr\u00e1fica a cada uno de los galardonados. Designar a un miembro del comit\u00e9 para que tome fotograf\u00edas y conservar copia de estas, as\u00ed como del programa y de las biograf\u00edas.<\/li>\n<li>Redactar un resumen de la actividad y guardarlo en el libro de procedimientos del presidente.<\/li>\n<li>Mantener los registros exactos de todos los honores en un archivo permanente.<\/li>\n<\/ul>\n<h3>Sugerencias<\/h3>\n<p>El comit\u00e9 deber\u00e1:<\/p>\n<ul>\n<li>Ser designado al inicio del per\u00edodo para contar con suficiente tiempo para la planificaci\u00f3n y la solicitud de premios.<\/li>\n<li>Estar compuesto por diferentes miembros cada a\u00f1o.<\/li>\n<li>Ser representativo de la comunidad de la escuela.<\/li>\n<li>Estar compuesto por un n\u00famero impar de personas (se sugiere 5).<\/li>\n<\/ul>\n<p>Los posibles candidatos deber\u00e1n ser personas reconocidas por su destacado servicio hacia la ni\u00f1ez y la juventud y no necesariamente de rutina, asignadas, o por jubilaci\u00f3n.<\/p>\n<p>Se recomienda que usted evite que se establezca un patr\u00f3n, por ejemplo hacer siempre un reconocimiento para el presidente saliente y los miembros docentes que se jubilan.<\/p>\n<p>Considere a los que trabajan \u201ctras bastidores\u201d callada y eficientemente por la juventud.<\/p>\n<p>Se puede dejar, en el libro de procedimientos, una lista de los voluntarios que se podr\u00edan considerar para reconocimiento futuro. Todas las dem\u00e1s notas relacionadas con recomendaciones se deben eliminar.<\/p>\n<h3>Reconocimientos y criterios<\/h3>\n<p><strong>Very Special Person Award<\/strong> (VSP) [Premio a una Persona Muy Especial]: Se deber\u00e1 otorgar a personas individuales o a organizaciones constitutivas de la PTA como reconocimiento por contribuir a la comunidad escolar de forma especial.<\/p>\n<p><strong>Honorary Service Award<\/strong> (HSA) [Premio Honor\u00edfico al Servicio]: Se deber\u00e1 otorgar a un individuo o a una organizaci\u00f3n de la PTA, escuela o comunidad como reconocimiento especial por servicios notables a los ni\u00f1os y j\u00f3venes.<\/p>\n<p><strong>Continuing Service Award<\/strong> (CSA) [Premio al Servicio Continuo]: Se deber\u00e1 otorgar a un individuo o a una organizaci\u00f3n de la PTA, de la escuela o de la comunidad, en reconocimiento por el destacado servicio hacia la ni\u00f1ez y la juventud. Este honor se puede entregar a personas cuya colaboraci\u00f3n ha sido significativa durante un per\u00edodo continuo. El premio se puede otorgar sin importar que el galardonado haya recibido el Premio Honor\u00edfico al Servicio de la PTA de California.<\/p>\n<p><strong>Golden Oak Service Award<\/strong> (GOSA) [Premio Roble de Oro]: Se deber\u00e1 otorgar a un individuo o a una organizaci\u00f3n que haya hecho contribuciones significativas al bienestar de la ni\u00f1ez y la juventud en la PTA, la escuela o la comunidad. Este honor se otorga para reconocer un servicio excepcional hacia la ni\u00f1ez y la juventud, constituye el homenaje m\u00e1s prestigioso de la PTA de California.<\/p>\n<p><strong>Outstanding Teacher Award<\/strong> (OTA) [Premio Maestro Destacado]: El Premio Maestro Destacado se le puede otorgar a un maestro en reconocimiento especial por su servicio sobresaliente en impactar positivamente las vidas y el bienestar de los ni\u00f1os y j\u00f3venes en la PTA, escuela o comunidad.<\/p>\n<p><strong>Outstanding Administrator Award<\/strong> (OAA) [Premio Administrador Sobresaliente]: El Premio Administrador Sobresaliente se le puede otorgar a un administrador en reconocimiento especial por su servicio sobresaliente en impactar positivamente las vidas el bienestar de los ni\u00f1os y j\u00f3venes en la PTA, escuela o comunidad.<\/p>\n<p><strong>Donaciones:<\/strong> las deber\u00e1n otorgar las PTA o PTSA o individuos, como reconocimiento a una persona, a un grupo o en memoria de alguien. La donaci\u00f3n puede ser de cualquier monto. Se enviar\u00e1 una tarjeta o un certificado de reconocimiento, seg\u00fan se indique, cuando se haga una donaci\u00f3n de $10.00 o m\u00e1s. Cualquier persona o grupo puede donar al fondo del programa HSA. Este fondo no est\u00e1 limitado a las contribuciones de las PTA.<\/p>\n<h3>C\u00f3mo solicitar los premios o hacer donaciones<\/h3>\n<ol>\n<li>Utilice los formularios impresos que se encuentran en la <em>Carpeta de recursos<\/em> de la PTA de California (<a href=\"https:\/\/toolkit.capta.org\/es\/forms\/award-forms\/\" target=\"_blank\">Formularios<\/a>). Confeccionar cheques pagables a la orden de la PTA de California. Las autorizaciones de tarjeta de cr\u00e9dito se podr\u00e1n enviar v\u00eda correo electr\u00f3nico o fax. Los premios se podr\u00e1n solicitar solo de la PTA de California c\/o Kustom Imprints.<\/li>\n<li>La entrega tarda hasta 2 semanas. Enviar las solicitudes a<br \/>\nCalifornia State PTA<br \/>\nc\/o Kustom Imprints<br \/>\n1661 N. Glassell Street<br \/>\nOrange, CA 92867<br \/>\nFAX: 714.771.5798<br \/>\nPara informaci\u00f3n, llamar al:<br \/>\n800.683.5854 ext.107<\/li>\n<li>Cuando llene el formulario de solicitud, aseg\u00farese de que:<\/li>\n<\/ol>\n<ul>\n<li>Utilice el <a href=\"https:\/\/toolkit.capta.org\/es\/forms\/award-forms\/\" target=\"_blank\">formulario<\/a> correcto que se ubica en la <em>Carpeta de recursos<\/em> de la PTA de California. Los broches se pueden ordenar al mismo tiempo.<\/li>\n<li>Recuerde que los honores HSA, CSA, GOSA, OTA e OAA se entregan a una sola persona y s\u00f3lo se asigna un broche por premio.<\/li>\n<\/ul>\n<p><strong>NOTA:<\/strong> EL PRECIO DE LOS PREMIOS (CERTIFICADOS) Y LOS BROCHES EST\u00c1 SUJETO A CAMBIOS SIN PREVIO AVISO.<\/p>\n<p>PARTICIPE EN EL PROGRAMA HSA, UNA OPORTUNIDAD CONSTANTE PARA HONRAR A PERSONAS ESPECIALES Y COLABORAR CON LA NI\u00d1EZ Y LA JUVENTUD.<\/p>\n","protected":false},"excerpt":{"rendered":"<p>Descargar para imprimir la Descripci\u00f3n de funciones para premio honor\u00edfico al servicio El programa de Premios Honor\u00edficos al Servicio (HSA, por sus siglas en ingl\u00e9s) promueve que las unidades PTA o PTSA, los consejos, los distritos y la PTA de California hagan un homenaje a los individuos o grupos, mediante donaciones al fondo econ\u00f3mico del [&hellip;]<\/p>\n","protected":false},"author":8,"featured_media":0,"parent":4231,"menu_order":0,"comment_status":"closed","ping_status":"closed","template":"","meta":{"footnotes":""},"class_list":["post-5129","page","type-page","status-publish","hentry","entry"],"_links":{"self":[{"href":"https:\/\/toolkit.capta.org\/es\/wp-json\/wp\/v2\/pages\/5129","targetHints":{"allow":["GET"]}}],"collection":[{"href":"https:\/\/toolkit.capta.org\/es\/wp-json\/wp\/v2\/pages"}],"about":[{"href":"https:\/\/toolkit.capta.org\/es\/wp-json\/wp\/v2\/types\/page"}],"author":[{"embeddable":true,"href":"https:\/\/toolkit.capta.org\/es\/wp-json\/wp\/v2\/users\/8"}],"replies":[{"embeddable":true,"href":"https:\/\/toolkit.capta.org\/es\/wp-json\/wp\/v2\/comments?post=5129"}],"version-history":[{"count":4,"href":"https:\/\/toolkit.capta.org\/es\/wp-json\/wp\/v2\/pages\/5129\/revisions"}],"predecessor-version":[{"id":7231,"href":"https:\/\/toolkit.capta.org\/es\/wp-json\/wp\/v2\/pages\/5129\/revisions\/7231"}],"up":[{"embeddable":true,"href":"https:\/\/toolkit.capta.org\/es\/wp-json\/wp\/v2\/pages\/4231"}],"wp:attachment":[{"href":"https:\/\/toolkit.capta.org\/es\/wp-json\/wp\/v2\/media?parent=5129"}],"curies":[{"name":"wp","href":"https:\/\/api.w.org\/{rel}","templated":true}]}}