{"id":5134,"date":"2013-08-12T13:18:56","date_gmt":"2013-08-12T20:18:56","guid":{"rendered":"http:\/\/toolkit.capta.org\/job-descriptions\/disaster-preparedness\/"},"modified":"2020-08-25T12:49:18","modified_gmt":"2020-08-25T19:49:18","slug":"disaster-preparedness","status":"publish","type":"page","link":"https:\/\/toolkit.capta.org\/es\/job-descriptions\/disaster-preparedness\/","title":{"rendered":"Descripci\u00f3n de funciones para casos de desastres\/crisis"},"content":{"rendered":"<p><a href=\"http:\/\/downloads.capta.org\/toolkit\/jd\/es\/PreparacionParaCasosDeDesastresCrisis.pdf\" target=\"_blank\" rel=\"noopener noreferrer\">Descargar para imprimir la Descripci\u00f3n de funciones para casos de desastres\/crisis<\/a><\/p>\n<p>La preparaci\u00f3n para emergencias y desastres, as\u00ed como la prevenci\u00f3n de accidentes es una grave preocupaci\u00f3n de quienes cuidan de los ni\u00f1os en el hogar, en la escuela y en la comunidad. Las actividades para promover la prevenci\u00f3n de seguridad\/lesi\u00f3n pueden incorporarse a todos los intereses de la PTA.<\/p>\n<h3>Qu\u00e9 puede hacer la PTA<\/h3>\n<ul>\n<li>Alentar la participaci\u00f3n en la creaci\u00f3n anual y el examen de planes de seguridad y preparaci\u00f3n para emergencias y desastres de la escuela y compartir los planes con los miembros y la comunidad. Involucrar a los estudiantes en este proceso cuando proceda.<\/li>\n<li>Familiarizarse con publicaciones de la PTA que puedan ser gratuitos y libre o disponible para la compra en las oficinas de la PTA de California. Para conocer las <a href=\"https:\/\/toolkit.capta.org\/es\/advocacy\/position-statements\/\" target=\"_blank\" rel=\"noopener noreferrer\">declaraciones de posturas<\/a> de la PTA de California y <a href=\"https:\/\/toolkit.capta.org\/es\/advocacy\/resolutions\/\" target=\"_blank\" rel=\"noopener noreferrer\">resoluciones<\/a> consulte la <em>Carpeta de recursos<\/em> de la PTA de California en <a href=\"http:\/\/capta.org\/\" target=\"_blank\" rel=\"noopener noreferrer\">www.capta.org<\/a>.<\/li>\n<li>Establecer una relaci\u00f3n permanente de trabajo con el distrito escolar y los organismos de seguridad dentro de la comunidad (es decir, sucursales locales de la National Safe Kids Coalition y la National Safe Routes to Schools, la polic\u00eda local y organismos gubernamentales). Asistir a talleres y conferencias de seguridad y cl\u00ednicas.<\/li>\n<li>Cooperar con las autoridades escolares para informar al p\u00fablico de estos programas.<\/li>\n<li>Planificar un programa de seguridad con el jefe de programas de PTA para al menos una reuni\u00f3n de PTA durante el a\u00f1o. Asegurar oradores invitados de organismos de seguridad de la comunidad. Hacer anuncios y organizar muestras, exposiciones y carteles en las reuniones.<\/li>\n<li>Patrocinar programas de concienciaci\u00f3n de seguridad para educaci\u00f3n de los padres.<\/li>\n<li>Mantenerse informado sobre todas las leyes de seguridad en el gobierno local, estatal y federal.<\/li>\n<li>Compartir toda la informaci\u00f3n con la PTA de unidad, consejo y distrito y la PTA de California.<\/li>\n<\/ul>\n<h3>Recursos adicionales<\/h3>\n<p><em>Gu\u00eda de seguros y prevenci\u00f3n de p\u00e9rdida<\/em>, enviada anualmente a los presidentes de PTA<br \/>\n<a href=\"https:\/\/spebc.bbt.com\/sites\/insurance\/CPTA\/\" target=\"_blank\" rel=\"noopener noreferrer\">www.pta.bbt-knight.com<\/a><\/p>\n<p style=\"padding-left: 30px;\">Nombre de usuario: <strong>pta<\/strong><br \/>\nContrase\u00f1a: <strong>member<\/strong><\/p>\n<p><a href=\"http:\/\/www.usa.safekids.org\/\" target=\"_blank\" rel=\"noopener noreferrer\">California Safe Kids Coalition<\/a><br \/>\n1301 Stockton Blvd., Room 4302, Sacramento, CA 95817<\/p>\n<p><a href=\"http:\/\/www.safestate.org\/\" target=\"_blank\" rel=\"noopener noreferrer\">Crime and Prevention Center<\/a><\/p>\n<p><a href=\"http:\/\/oag.ca.gov\/\" target=\"_blank\" rel=\"noopener noreferrer\">California Attorney General\u2019s Office<\/a><br \/>\n300 I Street, Suite 1150, Sacramento, CA 95814<\/p>\n<p><a href=\"http:\/\/www.nsc.org\/pages\/home.aspx\" target=\"_blank\" rel=\"noopener noreferrer\">National Safety Council<\/a><br \/>\n421 North Michigan Ave., Chicago IL, 60611<\/p>\n<p><a href=\"http:\/\/saferoutespartnership.org\/\" target=\"_blank\" rel=\"noopener noreferrer\">Safe Routes to Schools National Partnership<\/a><\/p>\n<p><a href=\"http:\/\/calstate.aaa.com\/?zip=95678&amp;stateprov=ca&amp;city=roseville&amp;devicecd=PC&amp;referer=www.calif.aaa.com\" target=\"_blank\" rel=\"noopener noreferrer\">Automobile Club of Southern California<\/a><br \/>\n2601 S. Figueroa St., Los Angeles, CA 90007<\/p>\n<p><a href=\"http:\/\/calstate.aaa.com\/\" target=\"_blank\" rel=\"noopener noreferrer\">California State Automobile Association<\/a><br \/>\n150 Van Ness Ave., San Francisco, CA 94102<\/p>\n<p><a href=\"http:\/\/www.redcross.org\/\" target=\"_blank\" rel=\"noopener noreferrer\">American Red Cross<br \/>\n<\/a>Directorios telef\u00f3nicos locales\u2013 listas para primeros auxilios y otras gu\u00edas de supervivencia<\/p>\n<p><a href=\"http:\/\/www.fema.gov\/\" target=\"_blank\" rel=\"noopener noreferrer\">Federal Emergency Management Agency<\/a><\/p>\n<p><a href=\"https:\/\/www.caloes.ca.gov\/\" target=\"_blank\" rel=\"noopener noreferrer\">Governor&#8217;s Office of Emergency Services<\/a> [Oficina de Servicios de Emergencia del Gobernador, Sacramento]<\/p>\n","protected":false},"excerpt":{"rendered":"<p>Descargar para imprimir la Descripci\u00f3n de funciones para casos de desastres\/crisis La preparaci\u00f3n para emergencias y desastres, as\u00ed como la prevenci\u00f3n de accidentes es una grave preocupaci\u00f3n de quienes cuidan de los ni\u00f1os en el hogar, en la escuela y en la comunidad. Las actividades para promover la prevenci\u00f3n de seguridad\/lesi\u00f3n pueden incorporarse a todos [&hellip;]<\/p>\n","protected":false},"author":8,"featured_media":0,"parent":4231,"menu_order":0,"comment_status":"closed","ping_status":"closed","template":"","meta":{"footnotes":""},"class_list":["post-5134","page","type-page","status-publish","hentry","entry"],"_links":{"self":[{"href":"https:\/\/toolkit.capta.org\/es\/wp-json\/wp\/v2\/pages\/5134","targetHints":{"allow":["GET"]}}],"collection":[{"href":"https:\/\/toolkit.capta.org\/es\/wp-json\/wp\/v2\/pages"}],"about":[{"href":"https:\/\/toolkit.capta.org\/es\/wp-json\/wp\/v2\/types\/page"}],"author":[{"embeddable":true,"href":"https:\/\/toolkit.capta.org\/es\/wp-json\/wp\/v2\/users\/8"}],"replies":[{"embeddable":true,"href":"https:\/\/toolkit.capta.org\/es\/wp-json\/wp\/v2\/comments?post=5134"}],"version-history":[{"count":1,"href":"https:\/\/toolkit.capta.org\/es\/wp-json\/wp\/v2\/pages\/5134\/revisions"}],"predecessor-version":[{"id":10372,"href":"https:\/\/toolkit.capta.org\/es\/wp-json\/wp\/v2\/pages\/5134\/revisions\/10372"}],"up":[{"embeddable":true,"href":"https:\/\/toolkit.capta.org\/es\/wp-json\/wp\/v2\/pages\/4231"}],"wp:attachment":[{"href":"https:\/\/toolkit.capta.org\/es\/wp-json\/wp\/v2\/media?parent=5134"}],"curies":[{"name":"wp","href":"https:\/\/api.w.org\/{rel}","templated":true}]}}