{"id":5146,"date":"2013-08-20T10:58:10","date_gmt":"2013-08-20T17:58:10","guid":{"rendered":"http:\/\/toolkit.capta.org\/job-descriptions\/studentboardmember\/"},"modified":"2015-11-12T10:29:21","modified_gmt":"2015-11-12T18:29:21","slug":"studentboardmember","status":"publish","type":"page","link":"https:\/\/toolkit.capta.org\/es\/job-descriptions\/studentboardmember\/","title":{"rendered":"Descripci\u00f3n de funciones para el Miembro de la Junta Estudiantil"},"content":{"rendered":"<p><a href=\"http:\/\/downloads.capta.org\/toolkit\/jd\/es\/MiembroDeLaJuntaEstudiantil.pdf\" target=\"_blank\">Descargar para imprimir la Descripci\u00f3n de funciones para el Miembro de la Junta Estudiantil<\/a><\/p>\n<h3>Prop\u00f3sitos de la representaci\u00f3n estudiantil<\/h3>\n<ul>\n<li>Los estudiantes aportan una nueva perspectiva a las ideas y programas de la PTA\/PTSA.<\/li>\n<li>Los puntos de vista y las ideas de los estudiantes son esenciales porque todos los programas de la PTA\/PTSA se enfocan en los j\u00f3venes.<\/li>\n<li>Los estudiantes y los adultos logran una mejor comprensi\u00f3n y apreciaci\u00f3n mutuos al trabajar lado a lado en proyectos con metas.<\/li>\n<li>Los estudiantes adquieren destrezas de liderazgo como establecer metas, toma de decisiones, formaci\u00f3n de equipos y resoluci\u00f3n de conflictos, a la vez que refuerzan crecimiento y desarrollo personal.<\/li>\n<li>Los estudiantes tienen oportunidad de obtener cr\u00e9ditos escolares por servicios a la comunidad. La participaci\u00f3n activa en PTA\/PTSA es un importante agregado a cualquier solicitud de ingreso a la universidad o de trabajo.<\/li>\n<li>Los estudiantes se familiarizan con el proceso legislativo y con la importancia del activismo a favor de una causa a trav\u00e9s de la participaci\u00f3n de la PTA en actividades legislativas.<\/li>\n<li>Los estudiantes pueden hacer o\u00edr su voz a los representantes electos antes de llegar a la edad en que pueden votar.<\/li>\n<li>Los estudiantes proveen a la PTA\/PTSA con informaci\u00f3n respecto a los intereses y preocupaciones estudiantiles, reforzando la relevancia y efectividad de los programas de la PTA\/PTSA.<\/li>\n<\/ul>\n<h3>Responsabilidades del estudiante<\/h3>\n<ul>\n<li>Convertirse en miembro elector de la PTA\/PTSA mediante el pago de las cuotas de afiliaci\u00f3n.<\/li>\n<li>Convertirse en miembro de la junta ejecutiva de la PTA\/PTSA (funcionario electo, directivo o puesto de comit\u00e9). El C\u00f3digo de Corporaciones de California y la ley civil permite que los estudiantes sirvan en cualquier cargo de la PTA\/PTSA. Todos los funcionarios, tanto adultos como estudiantiles, deben realizar tareas del cargo tal como lo describen los estatutos de la PTA\/PTSA y la <em>Carpeta de recursos<\/em> de la PTA de California.<\/li>\n<li>Asistir a todas las reuniones de la PTA\/PTSA.<\/li>\n<li>Comunicarse con los miembros de la junta acerca de otros compromisos importantes como la familia, el trabajo escolar, las tareas dom\u00e9sticas y trabajo de medio tiempo.<\/li>\n<li>Practicar destrezas efectivas de comunicaci\u00f3n. Ayudar a crear una atm\u00f3sfera de respeto mutuo entre estudiantes y adultos, a fin de comunicar las necesidades, deseos e inquietudes de sus compa\u00f1eros estudiantes.<\/li>\n<li>Interactuar con sus pares y otras organizaciones escolares a fin de planificar programas y actividades que refuercen la atm\u00f3sfera en el campus y crear un ambiente de aprendizaje m\u00e1s positivo para todos.<\/li>\n<li>Representar a los estudiantes y la PTSA en la junta escolar y otras reuniones c\u00edvicas, donde sea que se necesite o requiera el aporte estudiantil.<\/li>\n<li>Ense\u00f1ar a otros estudiantes que sean potencialmente miembros de la PTA\/PTSA c\u00f3mo las actividades de la PTA\/PTSA se relacionan con los intereses especiales como las artes, la m\u00fasica, la escritura, conservaci\u00f3n y legislaci\u00f3n.<\/li>\n<li>Hacer \u00e9nfasis en los siguientes beneficios b\u00e1sicos:\n<ul>\n<li>Mejoramiento de la escuela y la comunidad<\/li>\n<li>Estar con amigos<\/li>\n<li>Aprender nuevas destrezas para la vida<\/li>\n<li>Participar en un equipo orientado a las metas y<\/li>\n<li>Tener voz en los asuntos que afectan a la juventud<\/li>\n<\/ul>\n<\/li>\n<\/ul>\n<h3>Actividades sugeridas<\/h3>\n<ul>\n<li>Planificar orientaci\u00f3n para los estudiantes nuevos.<\/li>\n<li>Patrocinar un D\u00eda de Limpieza de Primavera para toda la escuela.<\/li>\n<li>Participar como PTA\/PTSA en un programa de servicio comunitario como servir como voluntario en un refugio o comedor para desamparados.<\/li>\n<li>Participar como PTA\/PTSA en d\u00edas conmemorativos a nivel estatal, nacional y mundial.<\/li>\n<li>Participar en actividades y temas legislativos.<\/li>\n<li>Participar en el Programa de Reflexiones de la PTA Nacional.<\/li>\n<li>Participar en una celebraci\u00f3n para honrar a los voluntarios y su compromiso con la PTA de California.<\/li>\n<li>Aceptar la nominaci\u00f3n ante el Comit\u00e9 de Nominaciones.<\/li>\n<li>Participar en la planificaci\u00f3n de las actividades del a\u00f1o subsiguiente.<\/li>\n<li>Ayudar a escoger el tema de afiliaci\u00f3n del a\u00f1o subsiguiente.<\/li>\n<li>Programar una noche para preparaci\u00f3n del examen de ingreso a la universidad.<\/li>\n<li>Solicitar la beca para graduados del \u00faltimo a\u00f1o de la secundaria de la PTA de California.<\/li>\n<li>Solicitar el Premio Spotlight de PTA basado en las actividades relacionadas con la participaci\u00f3n de estudiantes o reclutamiento de estudiantes.<\/li>\n<li>Ser delegado en la convenci\u00f3n de la PTA de California.<\/li>\n<li>Animar a los delegados estudiantiles a la convenci\u00f3n de la PTA de California a asistir a la orientaci\u00f3n de la PTA de distrito.<\/li>\n<li>Solicitar un puesto de miembro estudiantil en la junta de administradores de la PTA de California (son elegibles los estudiantes de 16 a 21 a\u00f1os)*.<\/li>\n<\/ul>\n<p><i>* Las solicitudes est\u00e1n disponibles con el presidente de distrito de la PTA o en la oficina de la PTA de California. <\/i><\/p>\n<h3>Recursos adicionales<\/h3>\n<p>Sitio Web de la PTA Nacional: <a href=\"http:\/\/www.pta.org\/\" target=\"_blank\">www.pta.org<\/a><br \/>\nSitio Web de la PTA de California: <a href=\"http:\/\/capta.org\/\" target=\"_blank\">www.capta.org<\/a><\/p>\n","protected":false},"excerpt":{"rendered":"<p>Descargar para imprimir la Descripci\u00f3n de funciones para el Miembro de la Junta Estudiantil Prop\u00f3sitos de la representaci\u00f3n estudiantil Los estudiantes aportan una nueva perspectiva a las ideas y programas de la PTA\/PTSA. Los puntos de vista y las ideas de los estudiantes son esenciales porque todos los programas de la PTA\/PTSA se enfocan en [&hellip;]<\/p>\n","protected":false},"author":8,"featured_media":0,"parent":4231,"menu_order":0,"comment_status":"closed","ping_status":"closed","template":"","meta":{"footnotes":""},"class_list":["post-5146","page","type-page","status-publish","hentry","entry"],"_links":{"self":[{"href":"https:\/\/toolkit.capta.org\/es\/wp-json\/wp\/v2\/pages\/5146","targetHints":{"allow":["GET"]}}],"collection":[{"href":"https:\/\/toolkit.capta.org\/es\/wp-json\/wp\/v2\/pages"}],"about":[{"href":"https:\/\/toolkit.capta.org\/es\/wp-json\/wp\/v2\/types\/page"}],"author":[{"embeddable":true,"href":"https:\/\/toolkit.capta.org\/es\/wp-json\/wp\/v2\/users\/8"}],"replies":[{"embeddable":true,"href":"https:\/\/toolkit.capta.org\/es\/wp-json\/wp\/v2\/comments?post=5146"}],"version-history":[{"count":1,"href":"https:\/\/toolkit.capta.org\/es\/wp-json\/wp\/v2\/pages\/5146\/revisions"}],"predecessor-version":[{"id":7307,"href":"https:\/\/toolkit.capta.org\/es\/wp-json\/wp\/v2\/pages\/5146\/revisions\/7307"}],"up":[{"embeddable":true,"href":"https:\/\/toolkit.capta.org\/es\/wp-json\/wp\/v2\/pages\/4231"}],"wp:attachment":[{"href":"https:\/\/toolkit.capta.org\/es\/wp-json\/wp\/v2\/media?parent=5146"}],"curies":[{"name":"wp","href":"https:\/\/api.w.org\/{rel}","templated":true}]}}