{"id":5166,"date":"2013-08-20T11:03:43","date_gmt":"2013-08-20T18:03:43","guid":{"rendered":"http:\/\/toolkit.capta.org\/job-descriptions\/volunteer\/"},"modified":"2016-02-03T11:44:35","modified_gmt":"2016-02-03T19:44:35","slug":"volunteer","status":"publish","type":"page","link":"https:\/\/toolkit.capta.org\/es\/job-descriptions\/volunteer\/","title":{"rendered":"Descripci\u00f3n de funciones para voluntarios"},"content":{"rendered":"<p><a href=\"http:\/\/downloads.capta.org\/toolkit\/jd\/es\/Voluntarios.pdf\" target=\"_blank\">Descargar para imprimir la Descripci\u00f3n de funciones para voluntarios<\/a><\/p>\n<h4><strong>Funci\u00f3n principal \u2013 Voluntarios<\/strong><\/h4>\n<ul>\n<li>Ayudar en los programas, eventos y actividades organizadas por la PTA, la escuela o el maestro para apoyar el \u00e9xito del estudiante<\/li>\n<li>Trabajar como miembro del equipo y completar las tareas de servicio voluntario asignadas<\/li>\n<li>Saber cu\u00e1les son las responsabilidades \u00e9ticas y legales que aplican y mantener una estricta confidencialidad con respecto a la privacidad de los estudiantes, sus expedientes, y del personal de la escuela<\/li>\n<\/ul>\n<h4><strong>Como empezar<\/strong><\/h4>\n<ul>\n<li><strong>Preparaci\u00f3n<\/strong> \u2013 Informarse m\u00e1s acerca de las oportunidades de voluntariado que hay disponible en la escuela, leer los boletines de la escuela y de la PTA, visitar los sitios web y redes sociales. Anotarse como voluntario a las tareas que vayan de acuerdo con sus intereses, destrezas y disponibilidad.<\/li>\n<li><strong>Formaci\u00f3n <\/strong>\u2013 Obtenga m\u00e1s informaci\u00f3n acerca de su papel y las pol\u00edticas de la escuela relacionadas con los voluntarios y la participaci\u00f3n de los padres asista a una reuni\u00f3n de orientaci\u00f3n para voluntarios organizada por el Coordinador de Voluntarios del PTA en su escuela.<\/li>\n<\/ul>\n<div class=\"spotlightbox\">\n<h4 style=\"text-align: center;\"><strong>Papel de un voluntario<\/strong><\/h4>\n<p>Los voluntarios de la escuela pueden ser padres\/tutores, miembros de la comunidad, personas de la tercera edad o estudiantes de grados superiores cuya participaci\u00f3n apoya un programa, actividad o evento de la PTA o escuela.<\/p>\n<p>El tiempo y compromiso que implica depende de la disponibilidad del voluntario. Y, puede variar en trabajos de una sola vez a actividades mensuales, semanales o diarias requeridas para cumplir con las metas, necesidades y prioridades de una PTA o de la escuela para ayudar a asegurar el \u00e9xito del estudiante.<\/p>\n<p>Las siguientes son actividades que pueden ser asignadas:<\/p>\n<ul>\n<li>Servir como tutor y mentor de estudiantes<\/li>\n<li>Supervisar las cafeter\u00edas y patio de recreo escolares<\/li>\n<li>Ayudar en la clase, la biblioteca o en la oficina de la escuela<\/li>\n<li>Compartir una destreza\/ocupaci\u00f3n especial y\/o experiencia para enriquecer el conocimiento de los estudiantes<\/li>\n<li>Preparar materiales, ayudar en alg\u00fan programa, actividad o evento de la PTA o de la escuela<\/li>\n<\/ul>\n<\/div>\n<h4><strong>Lo que debe hacer<\/strong><\/h4>\n<ul>\n<li><strong>Antes de la asignaci\u00f3n del servicio voluntario <\/strong>\u2013 Marque el d\u00eda y hora de su asignaci\u00f3n de servicio voluntario en su calendario. Si usted no puede participar como estaba previsto, recuerde que debe ponerse en contacto con el coordinador en el momento oportuno para que otro voluntario pueda ser reclutado.<br \/>\nPlanee llegar temprano a su trabajo para que pueda registrarse en la oficina de la escuela antes de dirigirse a la actividad o evento.<\/li>\n<li><strong>Durante la asignaci\u00f3n del servicio voluntario <\/strong>\u2013 Tomar tiempo para ver lo que implica el trabajo voluntario con el coordinador y hacer preguntas para obtener informaci\u00f3n precisa de que es lo hay que hacer, qui\u00e9n hace qu\u00e9, las horas de descanso y lo que se espera. Para asegurar el \u00e9xito de los eventos m\u00e1s grandes, estar preparado a ser flexible y a ayudar cuando sea necesario.<\/li>\n<li><strong>Despu\u00e9s de la asignaci\u00f3n del servicio voluntario <\/strong>\u2013 Aportar su opini\u00f3n en la encuesta de voluntarios para que los organizadores puedan ajustar el programa, actividad o evento para que sea mejor en el futuro. Asistir al evento de reconocimiento de voluntarios y registrarse a otras oportunidades de voluntariado para permanecer conectado en su escuela para apoyar el \u00e9xito del estudiante.<\/li>\n<\/ul>\n<h4><strong>M\u00e1s informaci\u00f3n: <\/strong><a href=\"http:\/\/www.capta.org\">capta.org<\/a><\/h4>\n<p>&nbsp;<\/p>\n","protected":false},"excerpt":{"rendered":"<p>Descargar para imprimir la Descripci\u00f3n de funciones para voluntarios Funci\u00f3n principal \u2013 Voluntarios Ayudar en los programas, eventos y actividades organizadas por la PTA, la escuela o el maestro para apoyar el \u00e9xito del estudiante Trabajar como miembro del equipo y completar las tareas de servicio voluntario asignadas Saber cu\u00e1les son las responsabilidades \u00e9ticas y [&hellip;]<\/p>\n","protected":false},"author":8,"featured_media":0,"parent":4231,"menu_order":0,"comment_status":"closed","ping_status":"closed","template":"","meta":{"footnotes":""},"class_list":["post-5166","page","type-page","status-publish","hentry","entry"],"_links":{"self":[{"href":"https:\/\/toolkit.capta.org\/es\/wp-json\/wp\/v2\/pages\/5166","targetHints":{"allow":["GET"]}}],"collection":[{"href":"https:\/\/toolkit.capta.org\/es\/wp-json\/wp\/v2\/pages"}],"about":[{"href":"https:\/\/toolkit.capta.org\/es\/wp-json\/wp\/v2\/types\/page"}],"author":[{"embeddable":true,"href":"https:\/\/toolkit.capta.org\/es\/wp-json\/wp\/v2\/users\/8"}],"replies":[{"embeddable":true,"href":"https:\/\/toolkit.capta.org\/es\/wp-json\/wp\/v2\/comments?post=5166"}],"version-history":[{"count":4,"href":"https:\/\/toolkit.capta.org\/es\/wp-json\/wp\/v2\/pages\/5166\/revisions"}],"predecessor-version":[{"id":7599,"href":"https:\/\/toolkit.capta.org\/es\/wp-json\/wp\/v2\/pages\/5166\/revisions\/7599"}],"up":[{"embeddable":true,"href":"https:\/\/toolkit.capta.org\/es\/wp-json\/wp\/v2\/pages\/4231"}],"wp:attachment":[{"href":"https:\/\/toolkit.capta.org\/es\/wp-json\/wp\/v2\/media?parent=5166"}],"curies":[{"name":"wp","href":"https:\/\/api.w.org\/{rel}","templated":true}]}}