{"id":5263,"date":"2013-09-12T17:13:37","date_gmt":"2013-09-13T00:13:37","guid":{"rendered":"http:\/\/toolkit.capta.org\/noncommercial-policy-2\/"},"modified":"2014-01-29T13:32:37","modified_gmt":"2014-01-29T21:32:37","slug":"noncommercial-policy","status":"publish","type":"page","link":"https:\/\/toolkit.capta.org\/es\/running-your-pta\/basic-policies\/noncommercial-policy\/","title":{"rendered":"Pol\u00edtica no comercial"},"content":{"rendered":"<p>Los estatutos de cada PTA, ya sea nacional, estatal, distrital, sus consejos o unidades, exigen que la asociaci\u00f3n no sea comercial.<\/p>\n<p>Esta pol\u00edtica tambi\u00e9n significa que el nombre \u201cPTA\u201d, el cual es una marca de servicio registrada, o los nombres de sus funcionarios, no sean usados en combinaci\u00f3n con actividades comerciales de otras organizaciones, incluyendo, entre otros, la promoci\u00f3n de sus bienes y servicios. Esta pol\u00edtica debe ser puesta en pr\u00e1ctica con juicio, discreci\u00f3n y sentido com\u00fan, teniendo en cuenta que no implica la prohibici\u00f3n de todo tipo de contacto o cooperaci\u00f3n con tales grupos.<\/p>\n<p>Antes de aceptar donativos en forma de bienes o servicios, una organizaci\u00f3n PTA, a cualquier nivel, debe considerar si tal decisi\u00f3n podr\u00eda ser interpretada como respaldo al proveedor.<\/p>\n","protected":false},"excerpt":{"rendered":"<p>Los estatutos de cada PTA, ya sea nacional, estatal, distrital, sus consejos o unidades, exigen que la asociaci\u00f3n no sea comercial. Esta pol\u00edtica tambi\u00e9n significa que el nombre \u201cPTA\u201d, el cual es una marca de servicio registrada, o los nombres de sus funcionarios, no sean usados en combinaci\u00f3n con actividades comerciales de otras organizaciones, incluyendo, [&hellip;]<\/p>\n","protected":false},"author":8,"featured_media":0,"parent":4976,"menu_order":0,"comment_status":"closed","ping_status":"closed","template":"","meta":{"footnotes":""},"class_list":["post-5263","page","type-page","status-publish","hentry","entry"],"_links":{"self":[{"href":"https:\/\/toolkit.capta.org\/es\/wp-json\/wp\/v2\/pages\/5263","targetHints":{"allow":["GET"]}}],"collection":[{"href":"https:\/\/toolkit.capta.org\/es\/wp-json\/wp\/v2\/pages"}],"about":[{"href":"https:\/\/toolkit.capta.org\/es\/wp-json\/wp\/v2\/types\/page"}],"author":[{"embeddable":true,"href":"https:\/\/toolkit.capta.org\/es\/wp-json\/wp\/v2\/users\/8"}],"replies":[{"embeddable":true,"href":"https:\/\/toolkit.capta.org\/es\/wp-json\/wp\/v2\/comments?post=5263"}],"version-history":[{"count":0,"href":"https:\/\/toolkit.capta.org\/es\/wp-json\/wp\/v2\/pages\/5263\/revisions"}],"up":[{"embeddable":true,"href":"https:\/\/toolkit.capta.org\/es\/wp-json\/wp\/v2\/pages\/4976"}],"wp:attachment":[{"href":"https:\/\/toolkit.capta.org\/es\/wp-json\/wp\/v2\/media?parent=5263"}],"curies":[{"name":"wp","href":"https:\/\/api.w.org\/{rel}","templated":true}]}}