{"id":5274,"date":"2014-01-28T11:24:50","date_gmt":"2014-01-28T19:24:50","guid":{"rendered":"http:\/\/toolkit.capta.org\/running-your-pta\/basic-policies\/basic-policies-for-all-ptas\/"},"modified":"2014-01-29T13:31:58","modified_gmt":"2014-01-29T21:31:58","slug":"basic-policies-for-all-ptas","status":"publish","type":"page","link":"https:\/\/toolkit.capta.org\/es\/running-your-pta\/basic-policies\/basic-policies-for-all-ptas\/","title":{"rendered":"Pol\u00edticas fundamentales de todas las PTA"},"content":{"rendered":"<p>Hay varias pol\u00edticas fundamentales que rigen las actividades de toda PTA. Estas pol\u00edticas aseguran una unidad de prop\u00f3sito por medio del compromiso de sus miembros con los objetivos de la PTA y ayudan a proteger a la asociaci\u00f3n y a sus miembros contra la explotaci\u00f3n. Adem\u00e1s, la PTA Nacional y la PTA de California est\u00e1n exentas de impuestos en conformidad con la Secci\u00f3n 501(c)(3) del <i>Internal Revenue Code<\/i> [C\u00f3digo de Impuestos sobre la Renta]. Al ser as\u00ed, observan con estricta cautela los requerimientos con el fin de retener dicha exenci\u00f3n.<\/p>\n<p>La PTA es una organizaci\u00f3n no comercial, sin denominaci\u00f3n y aut\u00f3noma. Estas pol\u00edticas deben formar parte de los estatutos de cada PTA.<\/p>\n","protected":false},"excerpt":{"rendered":"<p>Hay varias pol\u00edticas fundamentales que rigen las actividades de toda PTA. Estas pol\u00edticas aseguran una unidad de prop\u00f3sito por medio del compromiso de sus miembros con los objetivos de la PTA y ayudan a proteger a la asociaci\u00f3n y a sus miembros contra la explotaci\u00f3n. Adem\u00e1s, la PTA Nacional y la PTA de California est\u00e1n [&hellip;]<\/p>\n","protected":false},"author":8,"featured_media":0,"parent":4976,"menu_order":0,"comment_status":"closed","ping_status":"closed","template":"","meta":{"footnotes":""},"class_list":["post-5274","page","type-page","status-publish","hentry","entry"],"_links":{"self":[{"href":"https:\/\/toolkit.capta.org\/es\/wp-json\/wp\/v2\/pages\/5274","targetHints":{"allow":["GET"]}}],"collection":[{"href":"https:\/\/toolkit.capta.org\/es\/wp-json\/wp\/v2\/pages"}],"about":[{"href":"https:\/\/toolkit.capta.org\/es\/wp-json\/wp\/v2\/types\/page"}],"author":[{"embeddable":true,"href":"https:\/\/toolkit.capta.org\/es\/wp-json\/wp\/v2\/users\/8"}],"replies":[{"embeddable":true,"href":"https:\/\/toolkit.capta.org\/es\/wp-json\/wp\/v2\/comments?post=5274"}],"version-history":[{"count":0,"href":"https:\/\/toolkit.capta.org\/es\/wp-json\/wp\/v2\/pages\/5274\/revisions"}],"up":[{"embeddable":true,"href":"https:\/\/toolkit.capta.org\/es\/wp-json\/wp\/v2\/pages\/4976"}],"wp:attachment":[{"href":"https:\/\/toolkit.capta.org\/es\/wp-json\/wp\/v2\/media?parent=5274"}],"curies":[{"name":"wp","href":"https:\/\/api.w.org\/{rel}","templated":true}]}}