{"id":5277,"date":"2013-09-12T17:15:00","date_gmt":"2013-09-13T00:15:00","guid":{"rendered":"http:\/\/toolkit.capta.org\/running-your-pta\/nonsectarian-policy\/"},"modified":"2014-01-29T13:33:28","modified_gmt":"2014-01-29T21:33:28","slug":"nonsectarian-policy","status":"publish","type":"page","link":"https:\/\/toolkit.capta.org\/es\/running-your-pta\/basic-policies\/nonsectarian-policy\/","title":{"rendered":"Pol\u00edtica no sectaria"},"content":{"rendered":"<p>La PTA Nacional y sus unidades, consejos, distritos y PTA estatales abren sus puertas a la integraci\u00f3n de personas provenientes de una gama de culturas, or\u00edgenes \u00e9tnicos y creencias pol\u00edticas y religiosas. Conceptos tales como el credo religioso, el color de la piel, la raza y la situaci\u00f3n econ\u00f3mica son aspectos irrelevantes para la afiliaci\u00f3n. La PTA debe dar la bienvenida a todos; no debe apoyar una religi\u00f3n por sobre otra. Por el contrario, debe mostrar respeto y consideraci\u00f3n a todas por igual.<\/p>\n<p>Los objetivos de la PTA reconocen la importancia de la vida espiritual en el desarrollo de los ni\u00f1os y j\u00f3venes.<\/p>\n<p>Como asociaci\u00f3n privada, la PTA tiene el derecho de incluir mensajes de inspiraci\u00f3n al comienzo y al final de sus reuniones; pero estos mensajes no deben promover el sectarismo, sino servir de inspiraci\u00f3n. Deben tomar en cuenta que al ser \u00e9sta una naci\u00f3n multicultural no todos sus miembros comparten las mismas creencias. La poes\u00eda, las citas de los grandes personajes, las an\u00e9cdotas inspiradoras y los momentos de meditaci\u00f3n pueden servir para enfocar el inter\u00e9s y dirigir la dedicaci\u00f3n hacia el mejoramiento de la vida de los ni\u00f1os y los j\u00f3venes.<\/p>\n<p>Los l\u00edderes de la PTA deben estar muy conscientes de la pol\u00edtica de la escuela de su distrito en cuanto a la celebraci\u00f3n de los d\u00edas festivos religiosos y deben trabajar estrechamente con los administradores de la escuela para observar las pautas que hayan sido establecidas.<\/p>\n","protected":false},"excerpt":{"rendered":"<p>La PTA Nacional y sus unidades, consejos, distritos y PTA estatales abren sus puertas a la integraci\u00f3n de personas provenientes de una gama de culturas, or\u00edgenes \u00e9tnicos y creencias pol\u00edticas y religiosas. Conceptos tales como el credo religioso, el color de la piel, la raza y la situaci\u00f3n econ\u00f3mica son aspectos irrelevantes para la afiliaci\u00f3n. [&hellip;]<\/p>\n","protected":false},"author":8,"featured_media":0,"parent":4976,"menu_order":0,"comment_status":"closed","ping_status":"closed","template":"","meta":{"footnotes":""},"class_list":["post-5277","page","type-page","status-publish","hentry","entry"],"_links":{"self":[{"href":"https:\/\/toolkit.capta.org\/es\/wp-json\/wp\/v2\/pages\/5277","targetHints":{"allow":["GET"]}}],"collection":[{"href":"https:\/\/toolkit.capta.org\/es\/wp-json\/wp\/v2\/pages"}],"about":[{"href":"https:\/\/toolkit.capta.org\/es\/wp-json\/wp\/v2\/types\/page"}],"author":[{"embeddable":true,"href":"https:\/\/toolkit.capta.org\/es\/wp-json\/wp\/v2\/users\/8"}],"replies":[{"embeddable":true,"href":"https:\/\/toolkit.capta.org\/es\/wp-json\/wp\/v2\/comments?post=5277"}],"version-history":[{"count":0,"href":"https:\/\/toolkit.capta.org\/es\/wp-json\/wp\/v2\/pages\/5277\/revisions"}],"up":[{"embeddable":true,"href":"https:\/\/toolkit.capta.org\/es\/wp-json\/wp\/v2\/pages\/4976"}],"wp:attachment":[{"href":"https:\/\/toolkit.capta.org\/es\/wp-json\/wp\/v2\/media?parent=5277"}],"curies":[{"name":"wp","href":"https:\/\/api.w.org\/{rel}","templated":true}]}}