{"id":5281,"date":"2013-09-12T17:17:33","date_gmt":"2013-09-13T00:17:33","guid":{"rendered":"http:\/\/toolkit.capta.org\/running-your-pta\/basic-policies\/nonpartisan-policy\/"},"modified":"2014-07-28T09:26:06","modified_gmt":"2014-07-28T16:26:06","slug":"nonpartisan-policy","status":"publish","type":"page","link":"https:\/\/toolkit.capta.org\/es\/running-your-pta\/basic-policies\/nonpartisan-policy\/","title":{"rendered":"Pol\u00edtica no partidaria"},"content":{"rendered":"<p>Las PTA no deben apoyar a ning\u00fan partido pol\u00edtico ni a sus candidatos, incluyendo a aquellos postulados a juntas de la escuela en n\u00f3minas independientes. Sin embargo, s\u00ed pueden adoptar una posici\u00f3n que exprese su apoyo u oposici\u00f3n a asuntos relacionados con la salud, la educaci\u00f3n y el bienestar general de los ni\u00f1os y j\u00f3venes, pero s\u00f3lo hasta donde los requisitos de su condici\u00f3n de exoneraci\u00f3n lo permitan. No existe nada en la ley o en los estatutos de la PTA que proh\u00edba a sus miembros, como personas f\u00edsicas, el ejercicio de sus responsabilidades c\u00edvicas de manera personal o partidista, incluyendo la postulaci\u00f3n a una candidatura.<\/p>\n<p>Uno de los objetivos de la PTA es \u201cgarantizar las leyes adecuadas para el cuidado y la protecci\u00f3n de los ni\u00f1os y los j\u00f3venes\u201d. Al educar a sus miembros y, por consiguiente, al p\u00fablico en general, sobre los temas que afectan a los ni\u00f1os y j\u00f3venes, las PTA pueden ejercer mayor influencia en cuanto al curso de acci\u00f3n de quienes formulan las pol\u00edticas. Adem\u00e1s, de esta forma se logran los objetivos de la PTA.<\/p>\n<p>Las unidades de la PTA pueden participar en actividades legislativas:<\/p>\n<ul>\n<li>Mediante el apoyo o la oposici\u00f3n a los asuntos locales que afectan a los ni\u00f1os o a los servicios dirigidos a ellos en sus comunidades respectivas basado en un estudio del tema y un voto de la asociaci\u00f3n; y<\/li>\n<li>Mediante el apoyo a las posiciones de la PTA de California sobre legislaci\u00f3n necesarias para lograr los objetivos de la PTA.<\/li>\n<\/ul>\n<p>Con el fin de que las PTA mantengan la exenci\u00f3n de impuestos y sigan recibiendo contribuciones deducibles de impuestos, en virtud de la secci\u00f3n de C\u00f3digo Tributario (IRC), Secci\u00f3n 501(c)(3) no pueden (1) dedicar algo m\u00e1s que una parte insustancial de sus actividades a influir la legislaci\u00f3n; (2) participar en cualquier campa\u00f1a pol\u00edtica en nombre de o en oposici\u00f3n a un candidato para un cargo p\u00fablico nacional, estatal o local.<\/p>\n<p>El incumplimiento por parte de una unidad de cualquiera de estas restricciones puede poner en peligro la condici\u00f3n de IRC 501(c)(3) de un consejo, de un distrito de la PTA, de la PTA de California y de la PTA Nacional. Para obtener m\u00e1s informaci\u00f3n sobre los requisitos y opciones para presentar los informes al IRS, consulte la secci\u00f3n <a href=\"https:\/\/toolkit.capta.org\/es\/advocacy\/election-campaigns\/local-candidates-forum\/\">Foro de los candidatos<\/a>.<\/p>\n<div>\n<div class=\"spotlightbox\">\n<p>Las pol\u00edticas de la PTA como organizaci\u00f3n no buscan infringir de ning\u00fan modo los derechos de sus miembros como individuos.<\/p>\n<p>Ver los <i>Estatutos para unidades locales de la PTA\/PTSA<\/i>, Art\u00edculo III, Secciones a, b, y c, y <i>Gu\u00eda de referencia rapida de la PTA Nacional<\/i> para m\u00e1s informaci\u00f3n sobre pol\u00edticas b\u00e1sicas.<\/p>\n<p>La PTA es una organizaci\u00f3n no comercial, no sectaria y no partidaria.<\/p>\n<p><b>Partidaria<\/b>, como lo ha definido la PTA, se refiere a cualquier elecci\u00f3n que incluya a un candidato, incluso para sucursales \u201cno partidarias\u201d como un comit\u00e9 escolar o un consejo municipal.<\/p>\n<\/div>\n<\/div>\n<p><strong>Funci\u00f3n del l\u00edder de la PTA en el apoyo a candidatos<\/strong><\/p>\n<p>A menudo, son los miembros de las PTA quienes tienen mayor conocimiento y conciencia de las necesidades de su comunidad. Las actividades comunitarias los capacitan para realizar funciones de liderazgo en campa\u00f1as electorales. Sin embargo, los l\u00edderes de la PTA que tengan inter\u00e9s en asumir un papel de liderazgo a favor de un candidato deben evitar que se interprete que su participaci\u00f3n en las actividades privadas cuenta con el apoyo, la aprobaci\u00f3n o la asistencia por parte de la PTA. Como presidente actual de la PTA esta persona debe ser discreta, ya que es el vocero oficial de la misma.<\/p>\n<p>Las actividades en nombre de cualquier candidato deben ser llevadas a cabo de forma independiente y separadas de toda actividad de la asociaci\u00f3n de la PTA. <strong>Un directivo o miembro de la Junta de PTA actual no puede usar su t\u00edtulo o el nombre de la PTA para respaldar:<\/strong><\/p>\n<ul>\n<li><strong>una medida de votaci\u00f3n sobre la cual la PTA no ha adoptado una postura; y<\/strong><\/li>\n<li><strong>ning\u00fan candidato, incluso para fines de identificaci\u00f3n en forma impresa, electr\u00f3nica, o literatura del candidato en un sitio web (por ejemplo, campa\u00f1a de env\u00edos de correo, declaraci\u00f3n de votaci\u00f3n, papeler\u00eda de candidato).<\/strong><\/li>\n<\/ul>\n<p>Un directivo o miembro de la Junta de PTA actual o anterior no puede usar su t\u00edtulo ni el nombre de la PTA ni el nombre de marca de la PTA en ning\u00fan sitio de elecciones a menos que haya obtenido la autorizaci\u00f3n a trav\u00e9s del voto de una asociaci\u00f3n, luego de un estudio sobre el tema.<\/p>\n<p>Aunque el reglamento federal de elecciones no proh\u00edbe el uso de afiliaci\u00f3n organizacional para prop\u00f3sitos de identificaci\u00f3n, la PTA de California establece un est\u00e1ndar que es superior al de la ley. El incumplimiento puede dar como resultado una violaci\u00f3n de la pol\u00edtica de la PTA de California.<\/p>\n<p>A prop\u00f3sito de esta pol\u00edtica, todo tipo de elecci\u00f3n que se relacione con los candidatos se define como comicios partidistas, aun aquellos para candidaturas \u201cindependientes\u201d, como es el caso de los comit\u00e9s escolares o del concejo municipal.<\/p>\n<p>El uso del nombre de la PTA o de la marca de la PTA en la participaci\u00f3n de cualquier actividad partidista pondr\u00e1 en peligro el estatus de organizaci\u00f3n no lucrativa de la PTA.<\/p>\n<p><strong>Foros de los candidatos y temas<\/strong><\/p>\n<p>En el transcurso de una campa\u00f1a, los candidatos a funciones p\u00fablicas no discuten asuntos pol\u00edticos o legislativos en las reuniones de la PTA a menos que aparezcan en el foro de los candidatos, donde todos los candidatos a cargos p\u00fablicos han sido invitados a hablar.<\/p>\n<p>Las PTA pueden dirigir foros de candidatos por su propia cuenta o hacerlo como parte de una coalici\u00f3n con otros grupos independientes. Todos los candidatos a un puesto espec\u00edfico deben ser invitados a presentar sus puntos de vista y ser\u00e1 decisi\u00f3n de cada uno de ellos el aceptar o no. La reuni\u00f3n estar\u00e1 a cargo de un moderador independiente y se deben establecer procedimientos justos que hayan sido acordados previamente. Se deben seguir procedimientos similares en el caso de un foro de asuntos. (Para m\u00e1s informaci\u00f3n vea la secci\u00f3n <a href=\"https:\/\/toolkit.capta.org\/es\/advocacy\/election-campaigns\/local-candidates-forum\/\">Foro de los candidatos<\/a> y la Fig. 4-3)<\/p>\n<p><strong>L\u00edderes de la PTA que se postulan a cargos p\u00fablicos<\/strong><\/p>\n<p>La PTA de California reconoce que la experiencia y el inter\u00e9s que sus miembros adquieren mediante la participaci\u00f3n en las actividades de la PTA los capacitan particularmente para servir a la comunidad como funcionarios p\u00fablicos electos.<\/p>\n<p>Los funcionarios de la PTA, y aquellos miembros con posibilidad de ser reconocidos localmente como l\u00edderes o voceros activos de la PTA y que en su vida privada (es decir, no relacionada con la PTA) eligen participar en la arena pol\u00edtica o legislativa, deben evitar que se interprete que su participaci\u00f3n en las actividades privadas cuenta con el apoyo, la aprobaci\u00f3n o la asistencia por parte de la PTA.<\/p>\n<p>A los l\u00edderes de la PTA que buscan un puesto p\u00fablico, al tiempo que sirven como voceros de la PTA, se les insta a medir el impacto que su candidatura, nombramiento o elecci\u00f3n podr\u00eda tener sobre la condici\u00f3n de exoneraci\u00f3n de la cual goza la PTA.<\/p>\n<p>Los miembros que buscan un puesto p\u00fablico no pueden ni solicitar ni recibir el respaldo de la PTA en ning\u00fan momento, pero pueden incluir su servicio a la PTA como parte de sus m\u00e9ritos.<\/p>\n<p>Ni los reglamentos gubernamentales, ni las pol\u00edticas de la PTA proh\u00edben a otros l\u00edderes o funcionarios estatales o de unidades, consejos o distritos de la PTA, ser miembros de comisiones u otras juntas activas en \u00e1reas de inter\u00e9s para la PTA, siempre y cuando la afiliaci\u00f3n no pretenda apoyar intereses partidistas (es decir, los de cualquier partido pol\u00edtico o candidato).<\/p>\n<p><strong>Pol\u00edtica no partidaria y afiliaci\u00f3n a las juntas escolares<\/strong><\/p>\n<p>La PTA de California reconoce que la experiencia y el inter\u00e9s adquirido por sus miembros mediante la participaci\u00f3n en las actividades de la PTA los capacita particularmente para servir a la comunidad como miembros de juntas escolares de la localidad.<\/p>\n<p>Los funcionarios de la PTA pueden servir como miembros de juntas escolares mientras no busquen el respaldo de la PTA para apoyar su candidatura. Si un funcionario de la PTA presenta su candidatura para una junta escolar, la PTA no ofrecer\u00e1 su respaldo, ni lo dar\u00e1 a entender. El que un candidato incluya en la lista de sus m\u00e9ritos una referencia a sus servicios en la PTA o sus honores en la misma es permitido.<\/p>\n<p>De acuerdo con la pol\u00edtica no partidaria de la PTA Nacional y la PTA de California, se proh\u00edbe cualquier actividad por parte de cualquier unidad de maestros o padres de familia o de consejos, distritos o dependencias estatales, que respalde a alg\u00fan candidato para un puesto en la junta escolar.<\/p>\n","protected":false},"excerpt":{"rendered":"<p>Las PTA no deben apoyar a ning\u00fan partido pol\u00edtico ni a sus candidatos, incluyendo a aquellos postulados a juntas de la escuela en n\u00f3minas independientes. Sin embargo, s\u00ed pueden adoptar una posici\u00f3n que exprese su apoyo u oposici\u00f3n a asuntos relacionados con la salud, la educaci\u00f3n y el bienestar general de los ni\u00f1os y j\u00f3venes, [&hellip;]<\/p>\n","protected":false},"author":8,"featured_media":0,"parent":4976,"menu_order":0,"comment_status":"closed","ping_status":"closed","template":"","meta":{"footnotes":""},"class_list":["post-5281","page","type-page","status-publish","hentry","entry"],"_links":{"self":[{"href":"https:\/\/toolkit.capta.org\/es\/wp-json\/wp\/v2\/pages\/5281","targetHints":{"allow":["GET"]}}],"collection":[{"href":"https:\/\/toolkit.capta.org\/es\/wp-json\/wp\/v2\/pages"}],"about":[{"href":"https:\/\/toolkit.capta.org\/es\/wp-json\/wp\/v2\/types\/page"}],"author":[{"embeddable":true,"href":"https:\/\/toolkit.capta.org\/es\/wp-json\/wp\/v2\/users\/8"}],"replies":[{"embeddable":true,"href":"https:\/\/toolkit.capta.org\/es\/wp-json\/wp\/v2\/comments?post=5281"}],"version-history":[{"count":0,"href":"https:\/\/toolkit.capta.org\/es\/wp-json\/wp\/v2\/pages\/5281\/revisions"}],"up":[{"embeddable":true,"href":"https:\/\/toolkit.capta.org\/es\/wp-json\/wp\/v2\/pages\/4976"}],"wp:attachment":[{"href":"https:\/\/toolkit.capta.org\/es\/wp-json\/wp\/v2\/media?parent=5281"}],"curies":[{"name":"wp","href":"https:\/\/api.w.org\/{rel}","templated":true}]}}