{"id":5307,"date":"2013-10-02T15:26:48","date_gmt":"2013-10-02T22:26:48","guid":{"rendered":"http:\/\/toolkit.capta.org\/running-your-pta\/basic-policies\/service-to-unit-council-and-district-ptas\/"},"modified":"2019-07-01T14:06:26","modified_gmt":"2019-07-01T21:06:26","slug":"service-to-unit-council-and-district-ptas","status":"publish","type":"page","link":"https:\/\/toolkit.capta.org\/es\/running-your-pta\/basic-policies\/service-to-unit-council-and-district-ptas\/","title":{"rendered":"Servicio a las unidades, consejos y distritos de la PTA"},"content":{"rendered":"<p>La PTA de California brinda correspondencia, suscripciones, publicaciones y suministros a las unidades, consejos y distritos de la PTA.<\/p>\n<p><strong>Servicio de correspondencia<\/strong><\/p>\n<p>Los materiales vigentes de la PTA de California y la PTA Nacional son compilados y distribuidos a las unidades, consejos y distritos de la PTA, como apoyo a la planeaci\u00f3n e implementaci\u00f3n de programas y proyectos. Los presidentes deben familiarizarse con todos los materiales recibidos, compartir sus contenidos con la junta directiva y entregar materiales espec\u00edficos a los funcionarios y presidentes para su uso.<\/p>\n<p>La correspondencia se distribuye en forma gratuita a las siguientes personas: los presidentes de las unidades, los consejos y los distritos de la PTA; los consejeros de los consejos y los distritos de la PTA; los directores de comit\u00e9s y funcionarios de distritos de la PTA; las oficinas de distrito de la PTA; los miembros de la junta asesora y de la junta de directores del estado de California.<\/p>\n<p><strong><i>PTA in California<\/i> [Bolet\u00edn de noticias de la PTA de California]<\/strong><\/p>\n<p>Como servicio de la PTA del Estado de California, <em>PTA en California, <\/em>el bolet\u00edn oficial de la PTA del Estado de California, publicado dos veces al a\u00f1o, se env\u00eda gratuitamente a: los presidentes de las unidades y consejos de la PTA; asesores de los consejos y distritos de la PTA sin otro cargo en la junta; miembros de la junta del distrito de la PTA; miembros de la Junta de Gerentes y del comit\u00e9 asesor de la PTA de California; oficinas de los distritos de la PTA; ex presidentes de la PTA de California; superintendentes de escuelas de California; miembros de la Junta Estatal de Educaci\u00f3n; miembros de la junta de la PTA Nacional; editores del bolet\u00edn de noticias de la PTA de California; organismos aliados; miembros de la legislatura estatal, y otros a juicio del presidente de la PTA de California. Otras personas pueden descargar el bolet\u00edn en l\u00ednea en <a href=\"https:\/\/capta.org\/\">www.capta.org<\/a>.<\/p>\n<p><strong>Informes y boletines de noticias legislativas<\/strong><\/p>\n<p><em>Sacramento Update<\/em>, [Actualizaci\u00f3n de Sacramento] es un bolet\u00edn de noticias preparado y distribuido por la PTA de California. Brinda informaci\u00f3n sobre legislaciones estatales vigentes que afectan la educaci\u00f3n, la salud, la seguridad y la protecci\u00f3n de los ni\u00f1os y j\u00f3venes e incluye un resumen conciso sobre legislaci\u00f3n federal.Est\u00e1 publicado en el sitio web de la PTA del Estado de California, <a href=\"http:\/\/capta.org\/\">capta.org<\/a>.<\/p>\n<p><em>Legislative Action Report<\/em> [Informe de Acci\u00f3n Legislativa] de la PTA de California se publica despu\u00e9s de las reuniones del Comit\u00e9 de Acci\u00f3n Legislativa, llevadas a cabo de enero a julio seg\u00fan sea necesario. El bolet\u00edn se distribuye mediante el servidor de listas de correo electr\u00f3nico Legislative Alert de la PTA de California y se publica electr\u00f3nicamente en el sitio Web de la PTA de California. En <a href=\"http:\/\/capta.org\/\">capta.org<\/a> (secciones Advocacy, Current Legislation) se encontrar\u00e1 informaci\u00f3n actualizada sobre la posici\u00f3n de la PTA respecto de ciertas medidas legislativas.<\/p>\n<p>Para suscribirse, sin costo, a la lista de alerta de legislaci\u00f3n de la PTA del Estado de California, env\u00ede un correo electr\u00f3nico a\u00a0 Advocacy@capta.org o llame a\u00a0 916-440-1985. El servidor de listas incluye a miembros de la Junta de Gerentes de la PTA de California, oficinas de los distritos de la PTA y sus directores legislativos, presidentes de los consejos de la PTA y sus directores legislativos, y suscriptores.<\/p>\n<p>La PTA Nacional publica <em>Advocacy Insider<\/em>, un bolet\u00edn electr\u00f3nico mensual gratuito, para que los miembros y no miembros puedan informarse sobre lo que est\u00e1 sucediendo en Washington, DC, y sobre cuestiones legislativas federales que afectan a familias, ni\u00f1os, la educaci\u00f3n, escuelas y comunidades. Para suscribirse, visite el sitio web de la PTA Nacional, <a href=\"https:\/\/www.pta.org\/\">www.pta.org<\/a>.<\/p>\n<p><strong>Publicaciones y suministros<\/strong><\/p>\n<p>Tanto la PTA del Estado de California como la PTA Nacional preparan una gran variedad de material publicado a bajo costo o a no costo para el beneficio de los l\u00edderes y miembros de la PTA. Las publicaciones est\u00e1n indicadas en un listado ordenado por tema e incluye una breve descripci\u00f3n de su utilidad para el trabajo de la PTA. Tiene el t\u00edtulo de List of PTA Materials [Lista de Materiales de la PTA] y est\u00e1 disponible en l\u00ednea en la p\u00e1gina <a href=\"http:\/\/capta.org\/\">capta.org<\/a> y en la secci\u00f3n introductoria de esta Carpeta de recursos de la PTA de California (Introducci\u00f3n). El presupuesto anual debe incluir el costo de las publicaciones de la PTA para uso de funcionarios y presidentes.<\/p>\n<p>En la Lista de materiales de la PTA, bajo la secci\u00f3n introductoria de esta <em>Carpeta de recursos<\/em> (Introducci\u00f3n), se incluyen las \u00f3rdenes de pedido con los precios vigentes. Todas las \u00f3rdenes tienen cargos por costos de empaque y env\u00edo. Para obtener informaci\u00f3n sobre c\u00f3mo solicitar materiales o suscribirse a las publicaciones de la PTA, visite la p\u00e1gina de Recursos en l\u00ednea en <a href=\"https:\/\/capta.org\/\">capta.org<\/a>.<\/p>\n<p>&nbsp;<\/p>\n","protected":false},"excerpt":{"rendered":"<p>La PTA de California brinda correspondencia, suscripciones, publicaciones y suministros a las unidades, consejos y distritos de la PTA. Servicio de correspondencia Los materiales vigentes de la PTA de California y la PTA Nacional son compilados y distribuidos a las unidades, consejos y distritos de la PTA, como apoyo a la planeaci\u00f3n e implementaci\u00f3n de [&hellip;]<\/p>\n","protected":false},"author":8,"featured_media":0,"parent":4976,"menu_order":0,"comment_status":"closed","ping_status":"closed","template":"","meta":{"footnotes":""},"class_list":["post-5307","page","type-page","status-publish","hentry","entry"],"_links":{"self":[{"href":"https:\/\/toolkit.capta.org\/es\/wp-json\/wp\/v2\/pages\/5307","targetHints":{"allow":["GET"]}}],"collection":[{"href":"https:\/\/toolkit.capta.org\/es\/wp-json\/wp\/v2\/pages"}],"about":[{"href":"https:\/\/toolkit.capta.org\/es\/wp-json\/wp\/v2\/types\/page"}],"author":[{"embeddable":true,"href":"https:\/\/toolkit.capta.org\/es\/wp-json\/wp\/v2\/users\/8"}],"replies":[{"embeddable":true,"href":"https:\/\/toolkit.capta.org\/es\/wp-json\/wp\/v2\/comments?post=5307"}],"version-history":[{"count":3,"href":"https:\/\/toolkit.capta.org\/es\/wp-json\/wp\/v2\/pages\/5307\/revisions"}],"predecessor-version":[{"id":9965,"href":"https:\/\/toolkit.capta.org\/es\/wp-json\/wp\/v2\/pages\/5307\/revisions\/9965"}],"up":[{"embeddable":true,"href":"https:\/\/toolkit.capta.org\/es\/wp-json\/wp\/v2\/pages\/4976"}],"wp:attachment":[{"href":"https:\/\/toolkit.capta.org\/es\/wp-json\/wp\/v2\/media?parent=5307"}],"curies":[{"name":"wp","href":"https:\/\/api.w.org\/{rel}","templated":true}]}}