{"id":5311,"date":"2013-10-02T15:27:55","date_gmt":"2013-10-02T22:27:55","guid":{"rendered":"http:\/\/toolkit.capta.org\/running-your-pta\/basic-policies\/california-state-pta-brief-statements-on-current-issues\/"},"modified":"2019-07-01T14:12:25","modified_gmt":"2019-07-01T21:12:25","slug":"california-state-pta-brief-statements-on-current-issues","status":"publish","type":"page","link":"https:\/\/toolkit.capta.org\/es\/running-your-pta\/basic-policies\/california-state-pta-brief-statements-on-current-issues\/","title":{"rendered":"Declaraciones breves sobre temas de actualidad de la PTA de California"},"content":{"rendered":"<p>La PTA del Estado de California es una asociaci\u00f3n no partidista que, de acuerdo con el tercer Prop\u00f3sito de la PTA, aboga tanto a nivel estatal como local para garantizar leyes adecuadas que \u00abpromuevan la educaci\u00f3n, la salud f\u00edsica y mental, el bienestar y la seguridad de ni\u00f1os y j\u00f3venes\u00bb.\u00a0 La PTA adopta posturas sobre diversos temas, pero nunca sobre candidatos. \u00abNo partidista\u00bb quiere decir que la PTA de California no ser\u00e1 controlada por los intereses de un partido pol\u00edtico o persona, ni se asociar\u00e1 a ellos les dar\u00e1 apoyo.<\/p>\n<p>Consulte la <em>Carpeta de recursos de PTA de California<\/em>, disponible en ingl\u00e9s y espa\u00f1ol, y el <em>Libro de resoluciones de la PTA de California<\/em> para obtener mayor informaci\u00f3n sobre estos temas. Vea las resoluciones y declaraciones de postura en l\u00ednea en el sitio web de la PTA del Estado de California, bajo Defensa, en <a href=\"http:\/\/www.capta.org\">capta.org<\/a>. Otros recursos incluyen <i>Recursos Anuales<\/i> y el sitio web de la PTA Nacional, <a href=\"https:\/\/www.pta.org\/\">pta.org<\/a>.<\/p>\n","protected":false},"excerpt":{"rendered":"<p>La PTA del Estado de California es una asociaci\u00f3n no partidista que, de acuerdo con el tercer Prop\u00f3sito de la PTA, aboga tanto a nivel estatal como local para garantizar leyes adecuadas que \u00abpromuevan la educaci\u00f3n, la salud f\u00edsica y mental, el bienestar y la seguridad de ni\u00f1os y j\u00f3venes\u00bb.\u00a0 La PTA adopta posturas sobre [&hellip;]<\/p>\n","protected":false},"author":8,"featured_media":0,"parent":4976,"menu_order":0,"comment_status":"closed","ping_status":"closed","template":"","meta":{"footnotes":""},"class_list":["post-5311","page","type-page","status-publish","hentry","entry"],"_links":{"self":[{"href":"https:\/\/toolkit.capta.org\/es\/wp-json\/wp\/v2\/pages\/5311","targetHints":{"allow":["GET"]}}],"collection":[{"href":"https:\/\/toolkit.capta.org\/es\/wp-json\/wp\/v2\/pages"}],"about":[{"href":"https:\/\/toolkit.capta.org\/es\/wp-json\/wp\/v2\/types\/page"}],"author":[{"embeddable":true,"href":"https:\/\/toolkit.capta.org\/es\/wp-json\/wp\/v2\/users\/8"}],"replies":[{"embeddable":true,"href":"https:\/\/toolkit.capta.org\/es\/wp-json\/wp\/v2\/comments?post=5311"}],"version-history":[{"count":3,"href":"https:\/\/toolkit.capta.org\/es\/wp-json\/wp\/v2\/pages\/5311\/revisions"}],"predecessor-version":[{"id":9966,"href":"https:\/\/toolkit.capta.org\/es\/wp-json\/wp\/v2\/pages\/5311\/revisions\/9966"}],"up":[{"embeddable":true,"href":"https:\/\/toolkit.capta.org\/es\/wp-json\/wp\/v2\/pages\/4976"}],"wp:attachment":[{"href":"https:\/\/toolkit.capta.org\/es\/wp-json\/wp\/v2\/media?parent=5311"}],"curies":[{"name":"wp","href":"https:\/\/api.w.org\/{rel}","templated":true}]}}