{"id":5321,"date":"2013-10-02T15:30:21","date_gmt":"2013-10-02T22:30:21","guid":{"rendered":"http:\/\/toolkit.capta.org\/running-your-pta\/meetings\/association-meetings\/"},"modified":"2024-03-27T10:28:56","modified_gmt":"2024-03-27T17:28:56","slug":"association-meetings","status":"publish","type":"page","link":"https:\/\/toolkit.capta.org\/es\/running-your-pta\/meetings\/association-meetings\/","title":{"rendered":"Reuniones de asociaci\u00f3n"},"content":{"rendered":"<p>Los miembros de la PTA son la \u00abasociaci\u00f3n\u00bb para una unidad y desempe\u00f1an un papel importante en la administraci\u00f3n de los asuntos de una PTA.<\/p>\n<p>Al participar en las reuniones de la asociaci\u00f3n, los miembros generales tienen la oportunidad de hacer mociones, aportar informaci\u00f3n sobre los temas de la agenda y tomar decisiones colectivas mediante la votaci\u00f3n de acciones para una PTA.<\/p>\n<p>Tambi\u00e9n votan para aprobar los programas y actividades recomendados por la junta ejecutiva. Y son responsables de adoptar presupuestos y revisiones financieras, as\u00ed como de aprobar los gastos de una PTA.<\/p>\n<p>Adem\u00e1s, los miembros de la PTA es el \u00fanico grupo para una unidad con autoridad para:<\/p>\n<ul>\n<li>Elegir el Comit\u00e9 de Nominaciones, los Oficiales y los Delegados al Congreso de la PTA<\/li>\n<li>Adoptar los Estatutos y Reglas Vigentes<\/li>\n<li>Aprobar contratos para programas y eventos de la PTA<\/li>\n<li>Autorizar a una persona para que represente a la PTA<\/li>\n<li>Autorizar la postura de una unidad sobre cierto tema despu\u00e9s de que se haya hecho un estudio<\/li>\n<\/ul>\n<p>Como se describe en los Estatutos, las reuniones de la asociaci\u00f3n y su agenda deben publicarse al menos diez (10) d\u00edas de anticipaci\u00f3n. La notificaci\u00f3n por escrito de la reuni\u00f3n, que se env\u00eda a los miembros, debe incluir la fecha, la hora, el lugar y los asuntos que se proponen discutir en la reuni\u00f3n<\/p>\n<p>Para enmiendas propuestas a los Estatutos y la elecci\u00f3n de los oficiales, se debe dar aviso por escrito al menos treinta (30) d\u00edas de anticipaci\u00f3n.<\/p>\n<p>Se insta a los padres y a los miembros de la comunidad a participar en las reuniones de la asociaci\u00f3n. Se recomienda que se presente un programa como una adici\u00f3n a la reuni\u00f3n para involucrar mejor a los miembros y fortalecer las asociaciones entre la familia y la escuela.<\/p>\n<p style=\"text-align: left;\" align=\"center\"><strong>Sugerencias para Escuelas que dan Servicios Todo el A\u00f1o<\/strong><\/p>\n<p>Mantener la participaci\u00f3n de la comunidad y la participaci\u00f3n de los miembros en una PTA en la escuela durante todo el a\u00f1o puede ser algo dif\u00edcil. Para ayudar a sostener las actividades de la PTA, considere:<\/p>\n<ul>\n<li>Elegir a los vicepresidentes o designar a los presidentes de cada grupo para comunicarse con los miembros<\/li>\n<li>Programar reuniones de la asociaci\u00f3n para que cada grupo escolar pueda asistir al menos a una reuni\u00f3n al a\u00f1o<\/li>\n<li>Tener reuniones informativas para cada grupo adem\u00e1s de las reuniones de la asociaci\u00f3n<\/li>\n<li>Publicar los eventos de la PTA con suficiente anticipaci\u00f3n para mantener a todos informados<\/li>\n<\/ul>\n<p>Con una planificaci\u00f3n y divulgaci\u00f3n proactiva, la participaci\u00f3n familiar en la escuela se fortalece para beneficiar a todos los estudiantes de diferentes grupos de asistencia escolar.<\/p>\n","protected":false},"excerpt":{"rendered":"<p>Los miembros de la PTA son la \u00abasociaci\u00f3n\u00bb para una unidad y desempe\u00f1an un papel importante en la administraci\u00f3n de los asuntos de una PTA. Al participar en las reuniones de la asociaci\u00f3n, los miembros generales tienen la oportunidad de hacer mociones, aportar informaci\u00f3n sobre los temas de la agenda y tomar decisiones colectivas mediante [&hellip;]<\/p>\n","protected":false},"author":8,"featured_media":0,"parent":4978,"menu_order":0,"comment_status":"closed","ping_status":"closed","template":"","meta":{"footnotes":""},"class_list":["post-5321","page","type-page","status-publish","hentry","entry"],"_links":{"self":[{"href":"https:\/\/toolkit.capta.org\/es\/wp-json\/wp\/v2\/pages\/5321","targetHints":{"allow":["GET"]}}],"collection":[{"href":"https:\/\/toolkit.capta.org\/es\/wp-json\/wp\/v2\/pages"}],"about":[{"href":"https:\/\/toolkit.capta.org\/es\/wp-json\/wp\/v2\/types\/page"}],"author":[{"embeddable":true,"href":"https:\/\/toolkit.capta.org\/es\/wp-json\/wp\/v2\/users\/8"}],"replies":[{"embeddable":true,"href":"https:\/\/toolkit.capta.org\/es\/wp-json\/wp\/v2\/comments?post=5321"}],"version-history":[{"count":3,"href":"https:\/\/toolkit.capta.org\/es\/wp-json\/wp\/v2\/pages\/5321\/revisions"}],"predecessor-version":[{"id":11178,"href":"https:\/\/toolkit.capta.org\/es\/wp-json\/wp\/v2\/pages\/5321\/revisions\/11178"}],"up":[{"embeddable":true,"href":"https:\/\/toolkit.capta.org\/es\/wp-json\/wp\/v2\/pages\/4978"}],"wp:attachment":[{"href":"https:\/\/toolkit.capta.org\/es\/wp-json\/wp\/v2\/media?parent=5321"}],"curies":[{"name":"wp","href":"https:\/\/api.w.org\/{rel}","templated":true}]}}