{"id":5326,"date":"2013-10-02T15:31:18","date_gmt":"2013-10-02T22:31:18","guid":{"rendered":"http:\/\/toolkit.capta.org\/running-your-pta\/meetings\/compliance-with-americans-with-disabilities-act\/"},"modified":"2014-01-29T16:25:46","modified_gmt":"2014-01-30T00:25:46","slug":"compliance-with-americans-with-disabilities-act","status":"publish","type":"page","link":"https:\/\/toolkit.capta.org\/es\/running-your-pta\/meetings\/compliance-with-americans-with-disabilities-act\/","title":{"rendered":"Acuerdo con la ley de Estaudounidenses con Discapacidades"},"content":{"rendered":"<p>La Ley de Estadounidenses con Discapacidades requiere que las personas con discapacidades sean razonablemente incorporadas al modificar pol\u00edticas, hacer cambios en el \u00e1rea f\u00edsica y conseguir equipo especial para ayudarles en cualquier actividad.<\/p>\n<p>Para las reuniones de la PTA, esto incluye darle un asiento al acompa\u00f1ante de un afiliado, reservar asientos en un lugar especial para satisfacer ciertas necesidades de alg\u00fan miembro, ofrecer material escrito como complemento del an\u00e1lisis que se est\u00e1 realizando y proporcionar la ayuda de lectores calificados o int\u00e9rpretes para miembros que tengan alguna discapacidad auditiva o visual.<\/p>\n","protected":false},"excerpt":{"rendered":"<p>La Ley de Estadounidenses con Discapacidades requiere que las personas con discapacidades sean razonablemente incorporadas al modificar pol\u00edticas, hacer cambios en el \u00e1rea f\u00edsica y conseguir equipo especial para ayudarles en cualquier actividad. Para las reuniones de la PTA, esto incluye darle un asiento al acompa\u00f1ante de un afiliado, reservar asientos en un lugar especial [&hellip;]<\/p>\n","protected":false},"author":8,"featured_media":0,"parent":4978,"menu_order":0,"comment_status":"closed","ping_status":"closed","template":"","meta":{"footnotes":""},"class_list":["post-5326","page","type-page","status-publish","hentry","entry"],"_links":{"self":[{"href":"https:\/\/toolkit.capta.org\/es\/wp-json\/wp\/v2\/pages\/5326","targetHints":{"allow":["GET"]}}],"collection":[{"href":"https:\/\/toolkit.capta.org\/es\/wp-json\/wp\/v2\/pages"}],"about":[{"href":"https:\/\/toolkit.capta.org\/es\/wp-json\/wp\/v2\/types\/page"}],"author":[{"embeddable":true,"href":"https:\/\/toolkit.capta.org\/es\/wp-json\/wp\/v2\/users\/8"}],"replies":[{"embeddable":true,"href":"https:\/\/toolkit.capta.org\/es\/wp-json\/wp\/v2\/comments?post=5326"}],"version-history":[{"count":0,"href":"https:\/\/toolkit.capta.org\/es\/wp-json\/wp\/v2\/pages\/5326\/revisions"}],"up":[{"embeddable":true,"href":"https:\/\/toolkit.capta.org\/es\/wp-json\/wp\/v2\/pages\/4978"}],"wp:attachment":[{"href":"https:\/\/toolkit.capta.org\/es\/wp-json\/wp\/v2\/media?parent=5326"}],"curies":[{"name":"wp","href":"https:\/\/api.w.org\/{rel}","templated":true}]}}