{"id":5336,"date":"2013-10-02T15:34:28","date_gmt":"2013-10-02T22:34:28","guid":{"rendered":"http:\/\/toolkit.capta.org\/running-your-pta\/meetings\/announcements-and-materials\/"},"modified":"2017-10-26T16:05:18","modified_gmt":"2017-10-26T23:05:18","slug":"announcements-and-materials","status":"publish","type":"page","link":"https:\/\/toolkit.capta.org\/es\/running-your-pta\/meetings\/announcements-and-materials\/","title":{"rendered":"Anuncios y materiales"},"content":{"rendered":"<p align=\"left\">Es com\u00fan que se les solicite a las unidades anunciar reuniones, presentaciones o actividades de recaudaci\u00f3n de fondos auspiciadas por organizaciones externas y podr\u00eda existir la necesidad de limitar dichos anuncios. Esto se puede lograr estableciendo una pol\u00edtica o regla permanente que indique que todos los anuncios de grupos o individuos externos deben presentarse por escrito al presidente de la asociaci\u00f3n, al menos un d\u00eda antes de la reuni\u00f3n y se podr\u00edan acortar dependiendo del tiempo disponible.<\/p>\n<p align=\"left\">Se pondr\u00e1 a la disponibilidad o se relacionar\u00e1 con alguna actividad de la PTA, s\u00f3lo aquel material impreso que apoye los Prop\u00f3sitos y las pol\u00edticas b\u00e1sicas de la PTA y que ha sido previamente aprobado por el presidente\u00a0y el administrador del sitio (Consultar los estatutos de la unidad y las reglas permanentes).<\/p>\n","protected":false},"excerpt":{"rendered":"<p>Es com\u00fan que se les solicite a las unidades anunciar reuniones, presentaciones o actividades de recaudaci\u00f3n de fondos auspiciadas por organizaciones externas y podr\u00eda existir la necesidad de limitar dichos anuncios. Esto se puede lograr estableciendo una pol\u00edtica o regla permanente que indique que todos los anuncios de grupos o individuos externos deben presentarse por [&hellip;]<\/p>\n","protected":false},"author":8,"featured_media":0,"parent":4978,"menu_order":0,"comment_status":"closed","ping_status":"closed","template":"","meta":{"footnotes":""},"class_list":["post-5336","page","type-page","status-publish","hentry","entry"],"_links":{"self":[{"href":"https:\/\/toolkit.capta.org\/es\/wp-json\/wp\/v2\/pages\/5336","targetHints":{"allow":["GET"]}}],"collection":[{"href":"https:\/\/toolkit.capta.org\/es\/wp-json\/wp\/v2\/pages"}],"about":[{"href":"https:\/\/toolkit.capta.org\/es\/wp-json\/wp\/v2\/types\/page"}],"author":[{"embeddable":true,"href":"https:\/\/toolkit.capta.org\/es\/wp-json\/wp\/v2\/users\/8"}],"replies":[{"embeddable":true,"href":"https:\/\/toolkit.capta.org\/es\/wp-json\/wp\/v2\/comments?post=5336"}],"version-history":[{"count":2,"href":"https:\/\/toolkit.capta.org\/es\/wp-json\/wp\/v2\/pages\/5336\/revisions"}],"predecessor-version":[{"id":8888,"href":"https:\/\/toolkit.capta.org\/es\/wp-json\/wp\/v2\/pages\/5336\/revisions\/8888"}],"up":[{"embeddable":true,"href":"https:\/\/toolkit.capta.org\/es\/wp-json\/wp\/v2\/pages\/4978"}],"wp:attachment":[{"href":"https:\/\/toolkit.capta.org\/es\/wp-json\/wp\/v2\/media?parent=5336"}],"curies":[{"name":"wp","href":"https:\/\/api.w.org\/{rel}","templated":true}]}}