{"id":5343,"date":"2013-10-02T15:39:04","date_gmt":"2013-10-02T22:39:04","guid":{"rendered":"http:\/\/toolkit.capta.org\/running-your-pta\/meetings\/parliamentary-procedure\/"},"modified":"2019-06-28T13:46:49","modified_gmt":"2019-06-28T20:46:49","slug":"parliamentary-procedure","status":"publish","type":"page","link":"https:\/\/toolkit.capta.org\/es\/running-your-pta\/meetings\/parliamentary-procedure\/","title":{"rendered":"Procedimiento parlamentario"},"content":{"rendered":"<p>Para que las reuniones se desarrollen sin problemas, el papel clave del parlamentario es ayudar al presidente. Esto podr\u00eda incluir mantener una lista de las personas que hablan y estar al tanto del tiempo para abordar todos los asuntos de la agenda.<\/p>\n<p>El parlamentario tambi\u00e9n brinda asesoramiento sobre el procedimiento parlamentario para ayudar al presidente a tomar una decisi\u00f3n, para facilitar los asuntos de una reuni\u00f3n y para asegurar que todos tengan la oportunidad de participar.<\/p>\n<p>Es por eso que saber m\u00e1s sobre el procedimiento parlamentario es valioso. Se basa en cinco principios b\u00e1sicos:<strong>\u00a0<\/strong><\/p>\n<ul>\n<li><strong>Orden <\/strong>\u2013 1 asunto a la vez<\/li>\n<li><strong>Igualdad de Oportunidad <\/strong>\u2013 Oportunidad para parcipar<\/li>\n<li><strong>Justicia \u2013<\/strong> Imparcial &#8211; todos entienden<\/li>\n<li><strong>Derecho de la Minor\u00eda <\/strong>\u2013 De ser Escuchado<\/li>\n<li><strong>Derecho de la Mayor\u00eda <\/strong>\u2013 De decidir<\/li>\n<\/ul>\n<p>Enfocarse en estas \u2018reglas del juego\u2019 cuando se lleva a cabo una reuni\u00f3n puede ayudar a la PTA a lograr sus objetivos de manera justa.<\/p>\n<div class=\"spotlightbox\">\n<p><strong>\u00bfSab\u00eda que &#8230;?<\/strong> La edici\u00f3n actual de Robert\u2019s Rules of Order Newly Revised \u00a0el texto parlamentario que rige la PTA donde los estatutos no se aplican. Sin embargo, los <em>Estatutos para las unidades locales de la PTA\/PTSA<\/em> siempre tienen prioridad sobre <em>Robert\u2019s Rules of Order<\/em>.<\/p>\n<\/div>\n<p><a href=\"https:\/\/toolkit.capta.org\/es\/running-your-pta\/meetings\/eight-steps-to-making-a-motion\/\">Pasos para presentar una moci\u00f3n<\/a><br \/>\n<a href=\"https:\/\/toolkit.capta.org\/es\/running-your-pta\/meetings\/amendments\/\">Enmiendas<\/a><\/p>\n","protected":false},"excerpt":{"rendered":"<p>Para que las reuniones se desarrollen sin problemas, el papel clave del parlamentario es ayudar al presidente. Esto podr\u00eda incluir mantener una lista de las personas que hablan y estar al tanto del tiempo para abordar todos los asuntos de la agenda. El parlamentario tambi\u00e9n brinda asesoramiento sobre el procedimiento parlamentario para ayudar al presidente [&hellip;]<\/p>\n","protected":false},"author":8,"featured_media":0,"parent":4978,"menu_order":0,"comment_status":"closed","ping_status":"closed","template":"","meta":{"footnotes":""},"class_list":["post-5343","page","type-page","status-publish","hentry","entry"],"_links":{"self":[{"href":"https:\/\/toolkit.capta.org\/es\/wp-json\/wp\/v2\/pages\/5343","targetHints":{"allow":["GET"]}}],"collection":[{"href":"https:\/\/toolkit.capta.org\/es\/wp-json\/wp\/v2\/pages"}],"about":[{"href":"https:\/\/toolkit.capta.org\/es\/wp-json\/wp\/v2\/types\/page"}],"author":[{"embeddable":true,"href":"https:\/\/toolkit.capta.org\/es\/wp-json\/wp\/v2\/users\/8"}],"replies":[{"embeddable":true,"href":"https:\/\/toolkit.capta.org\/es\/wp-json\/wp\/v2\/comments?post=5343"}],"version-history":[{"count":2,"href":"https:\/\/toolkit.capta.org\/es\/wp-json\/wp\/v2\/pages\/5343\/revisions"}],"predecessor-version":[{"id":9943,"href":"https:\/\/toolkit.capta.org\/es\/wp-json\/wp\/v2\/pages\/5343\/revisions\/9943"}],"up":[{"embeddable":true,"href":"https:\/\/toolkit.capta.org\/es\/wp-json\/wp\/v2\/pages\/4978"}],"wp:attachment":[{"href":"https:\/\/toolkit.capta.org\/es\/wp-json\/wp\/v2\/media?parent=5343"}],"curies":[{"name":"wp","href":"https:\/\/api.w.org\/{rel}","templated":true}]}}