{"id":5347,"date":"2013-10-02T15:40:24","date_gmt":"2013-10-02T22:40:24","guid":{"rendered":"http:\/\/toolkit.capta.org\/running-your-pta\/meetings\/eight-steps-to-making-a-motion\/"},"modified":"2019-06-28T13:49:44","modified_gmt":"2019-06-28T20:49:44","slug":"eight-steps-to-making-a-motion","status":"publish","type":"page","link":"https:\/\/toolkit.capta.org\/es\/running-your-pta\/meetings\/eight-steps-to-making-a-motion\/","title":{"rendered":"Pasos para presentar una moci\u00f3n"},"content":{"rendered":"<p>Se hacen mociones para que una PTA tome medidas para los planes, programas y actividades. Son presentados, discutidos y votados por los miembros en una reuni\u00f3n.<\/p>\n<p>Para participar legalmente en el proceso, una persona debe haber sido miembro de la unidad durante al menos 30 d\u00edas.<\/p>\n<p>Hacer una moci\u00f3n implica ocho pasos b\u00e1sicos:<\/p>\n<ol>\n<li>Miembro: se para o levanta la mano, espera al que el presidente lo llame y reconozca<\/li>\n<li>Presidente &#8211; Reconoce\/llama al miembro<\/li>\n<li>Miembro: Presenta una moci\u00f3n y dice: \u00abYo propongo &#8230;\u00bb<\/li>\n<li>Otro miembro: confirma que tambi\u00e9n est\u00e1 de acuerdo con la moci\u00f3n para mostrar que m\u00e1s de una persona est\u00e1 interesada en discutir el tema<\/li>\n<li>El presidente: reafirma la moci\u00f3n para asegurar que todos entiendan lo que se discutir\u00e1<\/li>\n<li>Miembros &#8211; Discuten la moci\u00f3n con igualdad de oportunidades para participar.<\/li>\n<li>Presidente: somete la moci\u00f3n a votaci\u00f3n diciendo: \u00abTodos los que est\u00e1n a favor dicen &#8216;s\u00ed&#8217;. Los que se oponen dicen &#8216;no'\u00bb.<\/li>\n<li>Presidente &#8211; Anuncia el resultado para asegurar que todos los miembros sepan si la moci\u00f3n fue aprobada o no<\/li>\n<\/ol>\n<p><a href=\"https:\/\/toolkit.capta.org\/es\/running-your-pta\/meetings\/parliamentary-procedure\/\">Procedimiento parlamentario<\/a><br \/>\n<a href=\"https:\/\/toolkit.capta.org\/es\/running-your-pta\/meetings\/amendments\/\">Enmiendas<\/a><\/p>\n","protected":false},"excerpt":{"rendered":"<p>Se hacen mociones para que una PTA tome medidas para los planes, programas y actividades. Son presentados, discutidos y votados por los miembros en una reuni\u00f3n. Para participar legalmente en el proceso, una persona debe haber sido miembro de la unidad durante al menos 30 d\u00edas. Hacer una moci\u00f3n implica ocho pasos b\u00e1sicos: Miembro: se [&hellip;]<\/p>\n","protected":false},"author":8,"featured_media":0,"parent":4978,"menu_order":0,"comment_status":"closed","ping_status":"closed","template":"","meta":{"footnotes":""},"class_list":["post-5347","page","type-page","status-publish","hentry","entry"],"_links":{"self":[{"href":"https:\/\/toolkit.capta.org\/es\/wp-json\/wp\/v2\/pages\/5347","targetHints":{"allow":["GET"]}}],"collection":[{"href":"https:\/\/toolkit.capta.org\/es\/wp-json\/wp\/v2\/pages"}],"about":[{"href":"https:\/\/toolkit.capta.org\/es\/wp-json\/wp\/v2\/types\/page"}],"author":[{"embeddable":true,"href":"https:\/\/toolkit.capta.org\/es\/wp-json\/wp\/v2\/users\/8"}],"replies":[{"embeddable":true,"href":"https:\/\/toolkit.capta.org\/es\/wp-json\/wp\/v2\/comments?post=5347"}],"version-history":[{"count":2,"href":"https:\/\/toolkit.capta.org\/es\/wp-json\/wp\/v2\/pages\/5347\/revisions"}],"predecessor-version":[{"id":9945,"href":"https:\/\/toolkit.capta.org\/es\/wp-json\/wp\/v2\/pages\/5347\/revisions\/9945"}],"up":[{"embeddable":true,"href":"https:\/\/toolkit.capta.org\/es\/wp-json\/wp\/v2\/pages\/4978"}],"wp:attachment":[{"href":"https:\/\/toolkit.capta.org\/es\/wp-json\/wp\/v2\/media?parent=5347"}],"curies":[{"name":"wp","href":"https:\/\/api.w.org\/{rel}","templated":true}]}}