{"id":5353,"date":"2013-10-02T15:50:35","date_gmt":"2013-10-02T22:50:35","guid":{"rendered":"http:\/\/toolkit.capta.org\/running-your-pta\/meetings\/amendments\/"},"modified":"2017-10-26T16:46:00","modified_gmt":"2017-10-26T23:46:00","slug":"amendments","status":"publish","type":"page","link":"https:\/\/toolkit.capta.org\/es\/running-your-pta\/meetings\/amendments\/","title":{"rendered":"Enmiendas"},"content":{"rendered":"<p>La enmienda es una manera de cambiar una moci\u00f3n que ya se est\u00e9 discutiendo, antes de que se lleve a cabo la votaci\u00f3n. Se puede enmendar de las siguientes maneras:<\/p>\n<ul>\n<li>Insertando palabras.<\/li>\n<li>Eliminando palabras.<\/li>\n<li>Eliminando palabras e insertando palabras.<\/li>\n<li>Sustituyendo un p\u00e1rrafo o una resoluci\u00f3n.<\/li>\n<\/ul>\n<p style=\"text-align: center;\"><em>Ejemplos de enmiendas<\/em><\/p>\n<p><em>Moci\u00f3n principal:<\/em> \u201cPropongo un programa para padres en el parque\u201d.<\/p>\n<p><em>Inserci\u00f3n:<\/em> \u201cPropongo un programa para padres en el parque <span style=\"text-decoration: underline;\">durante octubre<\/span>\u201d.<\/p>\n<p><em>Eliminaci\u00f3n:<\/em> \u201cPropongo un programa para padres durante octubre\u201d. (Se elimin\u00f3 \u201cen el parque\u201d).<\/p>\n<p><em>Eliminaci\u00f3n e inserci\u00f3n:<\/em> \u201cPropongo un programa para padres <span style=\"text-decoration: underline;\">en la escuela durante noviembre<\/span>\u201d. (Se elimin\u00f3 \u201coctubre\u201d y se agreg\u00f3 \u201cen la escuela durante noviembre\u201d).<\/p>\n<p><em>Sustituci\u00f3n:<\/em> \u201cPropongo una actividad social, donde compartiremos helados y juegos\u201d.<\/p>\n<p><a href=\"https:\/\/toolkit.capta.org\/es\/running-your-pta\/meetings\/parliamentary-procedure\/\">Procedimiento parlamentario<\/a><br \/>\n<a href=\"https:\/\/toolkit.capta.org\/es\/running-your-pta\/meetings\/eight-steps-to-making-a-motion\/\">Pasos para presentar una moci\u00f3n<\/a><\/p>\n","protected":false},"excerpt":{"rendered":"<p>La enmienda es una manera de cambiar una moci\u00f3n que ya se est\u00e9 discutiendo, antes de que se lleve a cabo la votaci\u00f3n. Se puede enmendar de las siguientes maneras: Insertando palabras. Eliminando palabras. Eliminando palabras e insertando palabras. Sustituyendo un p\u00e1rrafo o una resoluci\u00f3n. Ejemplos de enmiendas Moci\u00f3n principal: \u201cPropongo un programa para padres [&hellip;]<\/p>\n","protected":false},"author":8,"featured_media":0,"parent":4978,"menu_order":0,"comment_status":"closed","ping_status":"closed","template":"","meta":{"footnotes":""},"class_list":["post-5353","page","type-page","status-publish","hentry","entry"],"_links":{"self":[{"href":"https:\/\/toolkit.capta.org\/es\/wp-json\/wp\/v2\/pages\/5353","targetHints":{"allow":["GET"]}}],"collection":[{"href":"https:\/\/toolkit.capta.org\/es\/wp-json\/wp\/v2\/pages"}],"about":[{"href":"https:\/\/toolkit.capta.org\/es\/wp-json\/wp\/v2\/types\/page"}],"author":[{"embeddable":true,"href":"https:\/\/toolkit.capta.org\/es\/wp-json\/wp\/v2\/users\/8"}],"replies":[{"embeddable":true,"href":"https:\/\/toolkit.capta.org\/es\/wp-json\/wp\/v2\/comments?post=5353"}],"version-history":[{"count":2,"href":"https:\/\/toolkit.capta.org\/es\/wp-json\/wp\/v2\/pages\/5353\/revisions"}],"predecessor-version":[{"id":8893,"href":"https:\/\/toolkit.capta.org\/es\/wp-json\/wp\/v2\/pages\/5353\/revisions\/8893"}],"up":[{"embeddable":true,"href":"https:\/\/toolkit.capta.org\/es\/wp-json\/wp\/v2\/pages\/4978"}],"wp:attachment":[{"href":"https:\/\/toolkit.capta.org\/es\/wp-json\/wp\/v2\/media?parent=5353"}],"curies":[{"name":"wp","href":"https:\/\/api.w.org\/{rel}","templated":true}]}}