{"id":5359,"date":"2013-10-02T15:52:04","date_gmt":"2013-10-02T22:52:04","guid":{"rendered":"http:\/\/toolkit.capta.org\/running-your-pta\/meetings\/the-agenda\/"},"modified":"2019-07-01T17:39:51","modified_gmt":"2019-07-02T00:39:51","slug":"the-agenda","status":"publish","type":"page","link":"https:\/\/toolkit.capta.org\/es\/running-your-pta\/meetings\/the-agenda\/","title":{"rendered":"La Agenda y Aviso de la Reuni\u00f3n"},"content":{"rendered":"<p>Un presidente de la PTA es responsable de crear una agenda para una mesa directiva o una reuni\u00f3n de la asociaci\u00f3n. Como una herramienta para gestionar reuniones de manera efectiva, una agenda describe los asuntos programados para la discusi\u00f3n y el orden en que se manejar\u00e1n en una reuni\u00f3n. (Ver: <a href=\"http:\/\/downloads.capta.org\/toolkit\/RunningYourPTA\/SpanSampleAgenda.pdf\">Muestra de Agenda de la PTA \u2013 Con Mociones y Frases Que Usar<\/a>, Fig. R-2).<\/p>\n<p>Para preparar una agenda, el presidente recibe informaci\u00f3n de otros oficiales y presidentes sobre qu\u00e9 informes, mociones o asuntos se incluir\u00e1n en la agenda para una pr\u00f3xima reuni\u00f3n.<\/p>\n<p>Junto con la agenda, la notificaci\u00f3n por escrito de una reuni\u00f3n se env\u00eda a los miembros al menos diez d\u00edas antes de la reuni\u00f3n. Incluye la fecha, hora, ubicaci\u00f3n y el asunto propuesto que va a ser considerado.<\/p>\n<p>Para la elecci\u00f3n de los oficiales y para las enmiendas propuestas a los Estatutos, se entrega una notificaci\u00f3n por escrito al menos treinta d\u00edas de anticipaci\u00f3n, tal y como detallan los Estatutos.<\/p>\n","protected":false},"excerpt":{"rendered":"<p>Un presidente de la PTA es responsable de crear una agenda para una mesa directiva o una reuni\u00f3n de la asociaci\u00f3n. Como una herramienta para gestionar reuniones de manera efectiva, una agenda describe los asuntos programados para la discusi\u00f3n y el orden en que se manejar\u00e1n en una reuni\u00f3n. (Ver: Muestra de Agenda de la [&hellip;]<\/p>\n","protected":false},"author":8,"featured_media":0,"parent":4978,"menu_order":0,"comment_status":"closed","ping_status":"closed","template":"","meta":{"footnotes":""},"class_list":["post-5359","page","type-page","status-publish","hentry","entry"],"_links":{"self":[{"href":"https:\/\/toolkit.capta.org\/es\/wp-json\/wp\/v2\/pages\/5359","targetHints":{"allow":["GET"]}}],"collection":[{"href":"https:\/\/toolkit.capta.org\/es\/wp-json\/wp\/v2\/pages"}],"about":[{"href":"https:\/\/toolkit.capta.org\/es\/wp-json\/wp\/v2\/types\/page"}],"author":[{"embeddable":true,"href":"https:\/\/toolkit.capta.org\/es\/wp-json\/wp\/v2\/users\/8"}],"replies":[{"embeddable":true,"href":"https:\/\/toolkit.capta.org\/es\/wp-json\/wp\/v2\/comments?post=5359"}],"version-history":[{"count":2,"href":"https:\/\/toolkit.capta.org\/es\/wp-json\/wp\/v2\/pages\/5359\/revisions"}],"predecessor-version":[{"id":10010,"href":"https:\/\/toolkit.capta.org\/es\/wp-json\/wp\/v2\/pages\/5359\/revisions\/10010"}],"up":[{"embeddable":true,"href":"https:\/\/toolkit.capta.org\/es\/wp-json\/wp\/v2\/pages\/4978"}],"wp:attachment":[{"href":"https:\/\/toolkit.capta.org\/es\/wp-json\/wp\/v2\/media?parent=5359"}],"curies":[{"name":"wp","href":"https:\/\/api.w.org\/{rel}","templated":true}]}}