{"id":5362,"date":"2013-10-02T15:53:21","date_gmt":"2013-10-02T22:53:21","guid":{"rendered":"http:\/\/toolkit.capta.org\/running-your-pta\/meetings\/evaluation\/"},"modified":"2024-07-03T16:28:54","modified_gmt":"2024-07-03T23:28:54","slug":"evaluation","status":"publish","type":"page","link":"https:\/\/toolkit.capta.org\/es\/running-your-pta\/meetings\/evaluation\/","title":{"rendered":"Evaluaci\u00f3n"},"content":{"rendered":"<p>Para que las futuras reuniones sean un \u00e9xito, es \u00fatil evaluar cada reuni\u00f3n. Despu\u00e9s de la reuni\u00f3n, ya sea verbalmente o por escrito, el presidente debe preguntarle a la junta o a quien haya asistido, lo siguiente:<\/p>\n<p>\u00bfEl programa fue \u00fatil para satisfacer las necesidades de la escuela de la comunidad? \u00bfC\u00f3mo?<\/p>\n<p>\u00bfSe present\u00f3 la informaci\u00f3n de manera atractiva y fue \u00fatil para los miembros? \u00bfDe qu\u00e9 manera?<\/p>\n<p>\u00bfLes ayud\u00f3 a los padres a entender el problema y los asuntos relacionados con sus preocupaciones?<\/p>\n<p>\u00bfHubo que tomar alguna medida de seguimiento? (<a href=\"https:\/\/s3.amazonaws.com\/downloads.capta.org\/toolkit\/formularios\/Evaluacion.pdf\" target=\"_blank\" rel=\"noopener\">Formulario de Evaluaci\u00f3n<\/a>)<\/p>\n","protected":false},"excerpt":{"rendered":"<p>Para que las futuras reuniones sean un \u00e9xito, es \u00fatil evaluar cada reuni\u00f3n. Despu\u00e9s de la reuni\u00f3n, ya sea verbalmente o por escrito, el presidente debe preguntarle a la junta o a quien haya asistido, lo siguiente: \u00bfEl programa fue \u00fatil para satisfacer las necesidades de la escuela de la comunidad? \u00bfC\u00f3mo? \u00bfSe present\u00f3 la [&hellip;]<\/p>\n","protected":false},"author":8,"featured_media":0,"parent":4978,"menu_order":0,"comment_status":"closed","ping_status":"closed","template":"","meta":{"footnotes":""},"class_list":["post-5362","page","type-page","status-publish","hentry","entry"],"_links":{"self":[{"href":"https:\/\/toolkit.capta.org\/es\/wp-json\/wp\/v2\/pages\/5362","targetHints":{"allow":["GET"]}}],"collection":[{"href":"https:\/\/toolkit.capta.org\/es\/wp-json\/wp\/v2\/pages"}],"about":[{"href":"https:\/\/toolkit.capta.org\/es\/wp-json\/wp\/v2\/types\/page"}],"author":[{"embeddable":true,"href":"https:\/\/toolkit.capta.org\/es\/wp-json\/wp\/v2\/users\/8"}],"replies":[{"embeddable":true,"href":"https:\/\/toolkit.capta.org\/es\/wp-json\/wp\/v2\/comments?post=5362"}],"version-history":[{"count":3,"href":"https:\/\/toolkit.capta.org\/es\/wp-json\/wp\/v2\/pages\/5362\/revisions"}],"predecessor-version":[{"id":11319,"href":"https:\/\/toolkit.capta.org\/es\/wp-json\/wp\/v2\/pages\/5362\/revisions\/11319"}],"up":[{"embeddable":true,"href":"https:\/\/toolkit.capta.org\/es\/wp-json\/wp\/v2\/pages\/4978"}],"wp:attachment":[{"href":"https:\/\/toolkit.capta.org\/es\/wp-json\/wp\/v2\/media?parent=5362"}],"curies":[{"name":"wp","href":"https:\/\/api.w.org\/{rel}","templated":true}]}}