{"id":5365,"date":"2013-10-02T17:24:46","date_gmt":"2013-10-03T00:24:46","guid":{"rendered":"http:\/\/toolkit.capta.org\/running-your-pta\/meetings\/attending-convention\/"},"modified":"2014-01-30T09:25:30","modified_gmt":"2014-01-30T17:25:30","slug":"attending-convention","status":"publish","type":"page","link":"https:\/\/toolkit.capta.org\/es\/running-your-pta\/meetings\/attending-convention\/","title":{"rendered":"Participaci\u00f3n en convencion y conferencias"},"content":{"rendered":"<p>Los delegados deben:<\/p>\n<ul>\n<li>Compartir la formaci\u00f3n recibida para ayudar a fortalecer su unidad, consejo y\/o distrito;<\/li>\n<li>Asistir a todas las sesiones, y representar a su asociaci\u00f3n con honor;<\/li>\n<li>Saber c\u00f3mo reportar sus gastos y la informaci\u00f3n recibida;<\/li>\n<li>Usar los fondos de la PTA para los prop\u00f3sitos espec\u00edficamente autorizados por su asociaci\u00f3n.<\/li>\n<\/ul>\n","protected":false},"excerpt":{"rendered":"<p>Los delegados deben: Compartir la formaci\u00f3n recibida para ayudar a fortalecer su unidad, consejo y\/o distrito; Asistir a todas las sesiones, y representar a su asociaci\u00f3n con honor; Saber c\u00f3mo reportar sus gastos y la informaci\u00f3n recibida; Usar los fondos de la PTA para los prop\u00f3sitos espec\u00edficamente autorizados por su asociaci\u00f3n.<\/p>\n","protected":false},"author":8,"featured_media":0,"parent":4978,"menu_order":0,"comment_status":"closed","ping_status":"closed","template":"","meta":{"footnotes":""},"class_list":["post-5365","page","type-page","status-publish","hentry","entry"],"_links":{"self":[{"href":"https:\/\/toolkit.capta.org\/es\/wp-json\/wp\/v2\/pages\/5365","targetHints":{"allow":["GET"]}}],"collection":[{"href":"https:\/\/toolkit.capta.org\/es\/wp-json\/wp\/v2\/pages"}],"about":[{"href":"https:\/\/toolkit.capta.org\/es\/wp-json\/wp\/v2\/types\/page"}],"author":[{"embeddable":true,"href":"https:\/\/toolkit.capta.org\/es\/wp-json\/wp\/v2\/users\/8"}],"replies":[{"embeddable":true,"href":"https:\/\/toolkit.capta.org\/es\/wp-json\/wp\/v2\/comments?post=5365"}],"version-history":[{"count":0,"href":"https:\/\/toolkit.capta.org\/es\/wp-json\/wp\/v2\/pages\/5365\/revisions"}],"up":[{"embeddable":true,"href":"https:\/\/toolkit.capta.org\/es\/wp-json\/wp\/v2\/pages\/4978"}],"wp:attachment":[{"href":"https:\/\/toolkit.capta.org\/es\/wp-json\/wp\/v2\/media?parent=5365"}],"curies":[{"name":"wp","href":"https:\/\/api.w.org\/{rel}","templated":true}]}}