{"id":5369,"date":"2013-10-03T09:37:06","date_gmt":"2013-10-03T16:37:06","guid":{"rendered":"http:\/\/toolkit.capta.org\/running-your-pta\/meetings\/state-convention\/"},"modified":"2019-11-22T12:41:04","modified_gmt":"2019-11-22T20:41:04","slug":"state-convention","status":"publish","type":"page","link":"https:\/\/toolkit.capta.org\/es\/running-your-pta\/meetings\/state-convention\/","title":{"rendered":"Convenci\u00f3n estatal"},"content":{"rendered":"<p>La Convenci\u00f3n de la PTA del Estado California se celebra anualmente con el fin de llevar acabo ciertos asuntos de negocios de la asociaci\u00f3n. Tambi\u00e9n es una oportunidad para brindar capacitaci\u00f3n en muchas \u00e1reas de inter\u00e9s para nuestros miembros, y de proporcionar un foro para que los delegados hablen directamente con los expositores, que puede ser de utilidad para nuestras asociaciones.<\/p>\n<p>Los delegados a la convenci\u00f3n determinan la direcci\u00f3n de la asociaci\u00f3n estatal a trav\u00e9s de:<\/p>\n<ul>\n<li>La elecci\u00f3n de funcionarios;<\/li>\n<li>La aprobaci\u00f3n de las enmiendas a las Normas de Funcionamiento de la PTA del Estado de California;<\/li>\n<li>La votaci\u00f3n de la Plataforma Legislativa de la PTA y de las Pol\u00edticas y Procedimientos Legislativos de la PTA de California, y<\/li>\n<li>La adopci\u00f3n de resoluciones.<\/li>\n<\/ul>\n<div><\/div>\n<p><strong>Prop\u00f3sito<\/strong><\/p>\n<p>De acuerdo con las Normas de Funcionamiento de la PTA del Estado de California, cada asociaci\u00f3n en buenos t\u00e9rminos ser\u00e1 representada en la Convenci\u00f3n de la PTA de California por el presidente electo o por el presidente y por todos los otros delegados electos que se le permitan a la asociaci\u00f3n, as\u00ed como los delegados electos que representan a los distritos y a los consejos de la PTA.<\/p>\n<p>Planificar para la convenci\u00f3n y dar una oportunidad para que los delegados asistan es una prioridad. La PTA del Estado de California recomienda a sus unidades, consejos y distritos de la PTA de poner en el presupuesto este gasto y de enviar a todos los delegados que tengan derecho de enviar a cada convenci\u00f3n anual.<\/p>\n<p>La convenci\u00f3n es un gasto autorizado para cubrir gastos de inscripci\u00f3n, alojamiento, comida y transporte de cada delegado. Los gastos de la convenci\u00f3n deben ser detallados en los presupuestos anuales de la unidad, consejo y PTA del distrito. (<a href=\"https:\/\/toolkit.capta.org\/es\/finance\/reports-and-forms\/budget\/\" target=\"_blank\" rel=\"noopener noreferrer\">El presupuesto<\/a>;\u00a0 <a href=\"https:\/\/toolkit.capta.org\/es\/finance\/budgeting\/recommended-budget-line-items\/\">Partidas presupuestarias recomendaciones<\/a>, Fig. F5-1 o, Formularios).<\/p>\n<p><strong>Delegados<\/strong><\/p>\n<p>Los detalles de Representaci\u00f3n de la asociaci\u00f3n se encuentran en las Normas de Funcionamiento de la PTA del Estado de California State PTA, Articulo XV, Secci\u00f3n 5.<\/p>\n<p><strong>Convocatoria<\/strong><\/p>\n<p>La CONVOCATORIA (invitaci\u00f3n) a la convenci\u00f3n debe ser enviada por la PTA del Estado de California por lo menos 30 d\u00edas antes de se vaya a realizar la convenci\u00f3n.<\/p>\n<p><strong>Inscripci\u00f3n<\/strong><\/p>\n<p>Las cuotas de inscripci\u00f3n ayudan a sufragar los gastos de la convenci\u00f3n. Las cuotas de inscripci\u00f3n no son reembolsables; se pueden transferir a otra persona si el registrante original no se ha presentado a la convenci\u00f3n.<\/p>\n<p>Los participantes sin derecho a voto son miembros de la PTA que no son delegados elegidos, personal escolar, miembros de la mesa directiva escolar, y\/o representantes de agencias aliadas. Todos los participantes sin derecho a voto recibir\u00e1n materiales de la convenci\u00f3n y podr\u00e1n asistir a todas las reuniones, conferencias y talleres, sin embargo, no pueden presentar mociones, participar en debates, votar o hablar durante las sesiones generales.<\/p>\n<p>La inscripci\u00f3n se hace en l\u00ednea. Se enviar\u00e1 el aviso por correo a todas las unidades con la direcci\u00f3n web y fechas relevantes de inscripci\u00f3n. Las cartas de confirmaci\u00f3n e informaci\u00f3n adicional ser\u00e1n enviadas por correo o por correo electr\u00f3nico a cada persona que se registre.<\/p>\n<div>\n<div class=\"spotlightbox\">\n<p><b>Para m\u00e1s informaci\u00f3n<\/b> sobre la inscripci\u00f3n, contacte al presidente de Inscripciones de la PTA de California: <a href=\"mailto:registration@capta.org\">registration@capta.org<\/a> o 916.440.1985 ext. 321<\/p>\n<\/div>\n<\/div>\n<div>\n<div class=\"spotlightbox\">\n<p><b>Para m\u00e1s informaci\u00f3n<\/b> sobre la convenci\u00f3n, contacte al vicepresidente de convenci\u00f3n de la PTA de California: <a href=\"mailto:convention@capta.org\">convention@capta.org<\/a> o 916.440.1985 ext. 332<\/p>\n<\/div>\n<\/div>\n<p>&nbsp;<\/p>\n","protected":false},"excerpt":{"rendered":"<p>La Convenci\u00f3n de la PTA del Estado California se celebra anualmente con el fin de llevar acabo ciertos asuntos de negocios de la asociaci\u00f3n. Tambi\u00e9n es una oportunidad para brindar capacitaci\u00f3n en muchas \u00e1reas de inter\u00e9s para nuestros miembros, y de proporcionar un foro para que los delegados hablen directamente con los expositores, que puede [&hellip;]<\/p>\n","protected":false},"author":8,"featured_media":0,"parent":4978,"menu_order":0,"comment_status":"closed","ping_status":"closed","template":"","meta":{"footnotes":""},"class_list":["post-5369","page","type-page","status-publish","hentry","entry"],"_links":{"self":[{"href":"https:\/\/toolkit.capta.org\/es\/wp-json\/wp\/v2\/pages\/5369","targetHints":{"allow":["GET"]}}],"collection":[{"href":"https:\/\/toolkit.capta.org\/es\/wp-json\/wp\/v2\/pages"}],"about":[{"href":"https:\/\/toolkit.capta.org\/es\/wp-json\/wp\/v2\/types\/page"}],"author":[{"embeddable":true,"href":"https:\/\/toolkit.capta.org\/es\/wp-json\/wp\/v2\/users\/8"}],"replies":[{"embeddable":true,"href":"https:\/\/toolkit.capta.org\/es\/wp-json\/wp\/v2\/comments?post=5369"}],"version-history":[{"count":4,"href":"https:\/\/toolkit.capta.org\/es\/wp-json\/wp\/v2\/pages\/5369\/revisions"}],"predecessor-version":[{"id":10062,"href":"https:\/\/toolkit.capta.org\/es\/wp-json\/wp\/v2\/pages\/5369\/revisions\/10062"}],"up":[{"embeddable":true,"href":"https:\/\/toolkit.capta.org\/es\/wp-json\/wp\/v2\/pages\/4978"}],"wp:attachment":[{"href":"https:\/\/toolkit.capta.org\/es\/wp-json\/wp\/v2\/media?parent=5369"}],"curies":[{"name":"wp","href":"https:\/\/api.w.org\/{rel}","templated":true}]}}